{"id":3952,"date":"2026-03-10T07:24:31","date_gmt":"2026-03-10T06:24:31","guid":{"rendered":"https:\/\/alatcentar.com\/?post_type=product&#038;p=3952"},"modified":"2026-03-10T07:26:32","modified_gmt":"2026-03-10T06:26:32","slug":"motorna-pila-asaman-germany-52ks","status":"publish","type":"product","link":"https:\/\/alatcentar.com\/?product=motorna-pila-asaman-germany-52ks","title":{"rendered":"Motorna pila Asaman Germany 5,2KS"},"content":{"rendered":"<p>Motorna pila Asaman Germany 5,2 KS<\/p>\n<p>\u2705 Snaga: 5,2 KS<\/p>\n<p>\u2705 Pouzdan i sna\u017ean motor \u2013 odli\u010dna za rezanje drva, pripremu ogrjeva i radove u vo\u0107njaku<\/p>\n<p>\u2705 Ergonomski dizajn, lagana i prakti\u010dna za upotrebu<\/p>\n<p>\u2705 Kvalitetna izrada, duga\u010dak ma\u010d i jaka lan\u010dana pila<\/p>\n<p>\u2705 Jednostavno paljenje i odr\u017eavanje<\/p>\n<p>Set sadr\u017ei:<\/p>\n<ul>\n<li>Motorna pila Asaman Germany 5,2 KS<\/li>\n<li>Ma\u010d + lanac<\/li>\n<li>Za\u0161titna futrola za ma\u010d<\/li>\n<li>Posuda za gorivo\/mje\u0161avinu<\/li>\n<li>Klju\u010d za svje\u0107icu<\/li>\n<li>Odvija\u010di i dodatni alat za monta\u017eu i pode\u0161avanje<\/li>\n<\/ul>\n<p> Cijena: 139,90 KM<\/p>\n<p> Dostava \u0161irom BiH 24-48h (10 KM)<\/p>\n<p>\u2705 Mogu\u0107nost otvaranja paketa prije preuzimanja<\/p>\n","protected":false},"excerpt":{"rendered":"<p>Motorna pila Asaman Germany 5,2 KS<\/p>\n<p>\u2705 Snaga: 5,2 KS<\/p>\n<p>\u2705 Pouzdan i sna\u017ean motor \u2013 odli\u010dna za rezanje drva, pripremu ogrjeva i radove u vo\u0107njaku<\/p>\n<p>\u2705 Ergonomski dizajn, lagana i prakti\u010dna za upotrebu<\/p>\n<p>&nbsp;<\/p>\n<p>40cm ma\u010d 32 zuba<\/p>\n<p>\u2705 Kvalitetna izrada, duga\u010dak ma\u010d i jaka lan\u010dana pila<\/p>\n<p>\u2705 Jednostavno paljenje i odr\u017eavanje<\/p>\n<p>Set sadr\u017ei:<\/p>\n<ul>\n<li>Motorna pila Asaman Germany 5,2 KS<\/li>\n<li>Ma\u010d + lanac<\/li>\n<li>Za\u0161titna futrola za ma\u010d<\/li>\n<li>Posuda za gorivo\/mje\u0161avinu<\/li>\n<li>Klju\u010d za svje\u0107icu<\/li>\n<li>Odvija\u010di i dodatni alat za monta\u017eu i pode\u0161avanje<\/li>\n<\/ul>\n<p> Cijena: 139,90 KM<\/p>\n<p> Dostava \u0161irom BiH 24-48h (10 KM)<\/p>\n<p>\u2705 Mogu\u0107nost otvaranja paketa prije preuzimanja<\/p>\n","protected":false},"featured_media":3984,"comment_status":"open","ping_status":"closed","template":"","meta":[],"product_brand":[],"product_cat":[15,41,38],"product_tag":[],"class_list":{"0":"post-3952","1":"product","2":"type-product","3":"status-publish","4":"has-post-thumbnail","6":"product_cat-nekategorisano","7":"product_cat-gradjevinarstvo","8":"product_cat-masine-i-alati","10":"first","11":"instock","12":"sale","13":"shipping-taxable","14":"purchasable","15":"product-type-simple"},"_links":{"self":[{"href":"https:\/\/alatcentar.com\/index.php?rest_route=\/wp\/v2\/product\/3952","targetHints":{"allow":["GET"]}}],"collection":[{"href":"https:\/\/alatcentar.com\/index.php?rest_route=\/wp\/v2\/product"}],"about":[{"href":"https:\/\/alatcentar.com\/index.php?rest_route=\/wp\/v2\/types\/product"}],"replies":[{"embeddable":true,"href":"https:\/\/alatcentar.com\/index.php?rest_route=%2Fwp%2Fv2%2Fcomments&post=3952"}],"wp:featuredmedia":[{"embeddable":true,"href":"https:\/\/alatcentar.com\/index.php?rest_route=\/wp\/v2\/media\/3984"}],"wp:attachment":[{"href":"https:\/\/alatcentar.com\/index.php?rest_route=%2Fwp%2Fv2%2Fmedia&parent=3952"}],"wp:term":[{"taxonomy":"product_brand","embeddable":true,"href":"https:\/\/alatcentar.com\/index.php?rest_route=%2Fwp%2Fv2%2Fproduct_brand&post=3952"},{"taxonomy":"product_cat","embeddable":true,"href":"https:\/\/alatcentar.com\/index.php?rest_route=%2Fwp%2Fv2%2Fproduct_cat&post=3952"},{"taxonomy":"product_tag","embeddable":true,"href":"https:\/\/alatcentar.com\/index.php?rest_route=%2Fwp%2Fv2%2Fproduct_tag&post=3952"}],"curies":[{"name":"wp","href":"https:\/\/api.w.org\/{rel}","templated":true}]}}