{"id":3949,"date":"2026-03-10T07:24:31","date_gmt":"2026-03-10T06:24:31","guid":{"rendered":"https:\/\/alatcentar.com\/?post_type=product&#038;p=3949"},"modified":"2026-03-10T07:26:13","modified_gmt":"2026-03-10T06:26:13","slug":"aku-pila-milwaukee-20cm-mac-2-baterije-2-lanca","status":"publish","type":"product","link":"https:\/\/alatcentar.com\/?product=aku-pila-milwaukee-20cm-mac-2-baterije-2-lanca","title":{"rendered":"Aku pila Milwaukee 20cm ma\u010d 2 baterije 2 lanca"},"content":{"rendered":"<p> MILWAUKEE AKU RU\u010cNA PILA 20CM <\/p>\n<p>Profesionalna snaga u Va\u0161im rukama!<\/p>\n<p>\u2705 2 baterije za dug rad bez prekida<\/p>\n<p>\u2705 2 lanca u paketu \u2013 uvijek spremni za zamjenu<\/p>\n<p>\u2705 Ma\u010d 20 cm za brzo i precizno rezanje<\/p>\n<p>\u2705 Pumpica za podmazivanje lanca \u2013 du\u017ei vijek trajanja i sigurniji rad<\/p>\n<p> Kompaktna, sna\u017ena i prakti\u010dna \u2013 idealna za vo\u0107njak, \u0161umu, dvori\u0161te i radionicu.<\/p>\n<p> Cijena: 89,9 KM<\/p>\n<p> Dostava \u0161irom BiH: 10 KM<\/p>\n<p>\u26a1 Nabavite Milwaukee kvalitet po akcijskoj cijeni!<\/p>\n","protected":false},"excerpt":{"rendered":"<p> MILWAUKEE AKU RU\u010cNA PILA 20CM <\/p>\n<p>Profesionalna snaga u Va\u0161im rukama!<\/p>\n<p>\u2705 2 baterije za dug rad bez prekida<\/p>\n<p>\u2705 2 lanca u paketu \u2013 uvijek spremni za zamjenu<\/p>\n<p>\u2705 Ma\u010d 20 cm za brzo i precizno rezanje<\/p>\n<p>\u2705 Pumpica za podmazivanje lanca \u2013 du\u017ei vijek trajanja i sigurniji rad<\/p>\n<p> Kompaktna, sna\u017ena i prakti\u010dna \u2013 idealna za vo\u0107njak, \u0161umu, dvori\u0161te i radionicu.<\/p>\n<p> Cijena: 89,9 KM<\/p>\n<p> Dostava \u0161irom BiH: 10 KM<\/p>\n<p>\u26a1 Nabavite Milwaukee kvalitet po akcijskoj cijeni!<\/p>\n","protected":false},"featured_media":3977,"comment_status":"open","ping_status":"closed","template":"","meta":[],"product_brand":[],"product_cat":[15,41,38,39],"product_tag":[],"class_list":{"0":"post-3949","1":"product","2":"type-product","3":"status-publish","4":"has-post-thumbnail","6":"product_cat-nekategorisano","7":"product_cat-gradjevinarstvo","8":"product_cat-masine-i-alati","9":"product_cat-moj-dom","11":"first","12":"instock","13":"sale","14":"shipping-taxable","15":"purchasable","16":"product-type-simple"},"_links":{"self":[{"href":"https:\/\/alatcentar.com\/index.php?rest_route=\/wp\/v2\/product\/3949","targetHints":{"allow":["GET"]}}],"collection":[{"href":"https:\/\/alatcentar.com\/index.php?rest_route=\/wp\/v2\/product"}],"about":[{"href":"https:\/\/alatcentar.com\/index.php?rest_route=\/wp\/v2\/types\/product"}],"replies":[{"embeddable":true,"href":"https:\/\/alatcentar.com\/index.php?rest_route=%2Fwp%2Fv2%2Fcomments&post=3949"}],"wp:featuredmedia":[{"embeddable":true,"href":"https:\/\/alatcentar.com\/index.php?rest_route=\/wp\/v2\/media\/3977"}],"wp:attachment":[{"href":"https:\/\/alatcentar.com\/index.php?rest_route=%2Fwp%2Fv2%2Fmedia&parent=3949"}],"wp:term":[{"taxonomy":"product_brand","embeddable":true,"href":"https:\/\/alatcentar.com\/index.php?rest_route=%2Fwp%2Fv2%2Fproduct_brand&post=3949"},{"taxonomy":"product_cat","embeddable":true,"href":"https:\/\/alatcentar.com\/index.php?rest_route=%2Fwp%2Fv2%2Fproduct_cat&post=3949"},{"taxonomy":"product_tag","embeddable":true,"href":"https:\/\/alatcentar.com\/index.php?rest_route=%2Fwp%2Fv2%2Fproduct_tag&post=3949"}],"curies":[{"name":"wp","href":"https:\/\/api.w.org\/{rel}","templated":true}]}}