{"id":3948,"date":"2026-03-10T07:24:31","date_gmt":"2026-03-10T06:24:31","guid":{"rendered":"https:\/\/alatcentar.com\/?post_type=product&#038;p=3948"},"modified":"2026-03-10T07:26:07","modified_gmt":"2026-03-10T06:26:07","slug":"aku-pila-20cm-mac-makita-48v-debele-baterije","status":"publish","type":"product","link":"https:\/\/alatcentar.com\/?product=aku-pila-20cm-mac-makita-48v-debele-baterije","title":{"rendered":"Aku pila 20cm ma\u010d MAKITA 48V Debele baterije"},"content":{"rendered":"<p>\u26a1\ufe0f AKU LAN\u010cANA PILA MAKITA 48V \u26a1\ufe0f<\/p>\n<p>U ponudi mo\u0107na i prakti\u010dna pila:<\/p>\n<p>\u2705 2 debele baterije za dugotrajan rad<\/p>\n<p>\u2705 Ma\u010d 20 cm \u2013 idealan za rezanje drva, grana i razne radove<\/p>\n<p>\u2705 Pumpica za podmazivanje lanca za sigurno i glatko rezanje<\/p>\n<p> Laka za rukovanje, sna\u017ena i pouzdana \u2013 pravi pomo\u0107nik u doma\u0107instvu, vo\u0107njaku i radionici!<\/p>\n<p> Cijena: 89,9 KM<\/p>\n<p> Dostava \u0161irom BiH: 10 KM<\/p>\n<p>2 lanca u paketu<\/p>\n<p> Sti\u017ee spremna za rad \u2013 samo napunite baterije i krenite!<\/p>\n","protected":false},"excerpt":{"rendered":"<p>\u26a1\ufe0f AKU LAN\u010cANA PILA MAKITA 48V \u26a1\ufe0f<\/p>\n<p>U ponudi mo\u0107na i prakti\u010dna pila:<\/p>\n<p>\u2705 2 debele baterije za dugotrajan rad<\/p>\n<p>\u2705 Ma\u010d 20 cm \u2013 idealan za rezanje drva, grana i razne radove<\/p>\n<p>\u2705 Pumpica za podmazivanje lanca za sigurno i glatko rezanje<\/p>\n<p> Laka za rukovanje, sna\u017ena i pouzdana \u2013 pravi pomo\u0107nik u doma\u0107instvu, vo\u0107njaku i radionici!<\/p>\n<p> Cijena: 89,9 KM<\/p>\n<p> Dostava \u0161irom BiH: 10 KM<\/p>\n<p> Sti\u017ee spremna za rad \u2013 samo napunite baterije i krenite!<\/p>\n<p>2 lanca u setu<\/p>\n","protected":false},"featured_media":3976,"comment_status":"open","ping_status":"closed","template":"","meta":[],"product_brand":[],"product_cat":[15,41,38,39],"product_tag":[],"class_list":{"0":"post-3948","1":"product","2":"type-product","3":"status-publish","4":"has-post-thumbnail","6":"product_cat-nekategorisano","7":"product_cat-gradjevinarstvo","8":"product_cat-masine-i-alati","9":"product_cat-moj-dom","11":"first","12":"instock","13":"sale","14":"shipping-taxable","15":"purchasable","16":"product-type-simple"},"_links":{"self":[{"href":"https:\/\/alatcentar.com\/index.php?rest_route=\/wp\/v2\/product\/3948","targetHints":{"allow":["GET"]}}],"collection":[{"href":"https:\/\/alatcentar.com\/index.php?rest_route=\/wp\/v2\/product"}],"about":[{"href":"https:\/\/alatcentar.com\/index.php?rest_route=\/wp\/v2\/types\/product"}],"replies":[{"embeddable":true,"href":"https:\/\/alatcentar.com\/index.php?rest_route=%2Fwp%2Fv2%2Fcomments&post=3948"}],"wp:featuredmedia":[{"embeddable":true,"href":"https:\/\/alatcentar.com\/index.php?rest_route=\/wp\/v2\/media\/3976"}],"wp:attachment":[{"href":"https:\/\/alatcentar.com\/index.php?rest_route=%2Fwp%2Fv2%2Fmedia&parent=3948"}],"wp:term":[{"taxonomy":"product_brand","embeddable":true,"href":"https:\/\/alatcentar.com\/index.php?rest_route=%2Fwp%2Fv2%2Fproduct_brand&post=3948"},{"taxonomy":"product_cat","embeddable":true,"href":"https:\/\/alatcentar.com\/index.php?rest_route=%2Fwp%2Fv2%2Fproduct_cat&post=3948"},{"taxonomy":"product_tag","embeddable":true,"href":"https:\/\/alatcentar.com\/index.php?rest_route=%2Fwp%2Fv2%2Fproduct_tag&post=3948"}],"curies":[{"name":"wp","href":"https:\/\/api.w.org\/{rel}","templated":true}]}}