{"id":3943,"date":"2026-03-10T07:24:31","date_gmt":"2026-03-10T06:24:31","guid":{"rendered":"https:\/\/alatcentar.com\/?post_type=product&#038;p=3943"},"modified":"2026-03-10T07:25:33","modified_gmt":"2026-03-10T06:25:33","slug":"bosch-4u1-aku-busilica-brusilica-stemalica-i-odvijac-98v","status":"publish","type":"product","link":"https:\/\/alatcentar.com\/?product=bosch-4u1-aku-busilica-brusilica-stemalica-i-odvijac-98v","title":{"rendered":"BOSCH 4u1 aku bu\u0161ilica, brusilica, \u0161temalica i odvija\u010d 98V"},"content":{"rendered":"<p>BOSCH 4u1 Set sa transportnim koferom \u2013 4 baterije<\/p>\n<p>\u2705 Cijena: 379,99 KM<br \/>\n Dostava: 10 KM (24-48h)<\/p>\n<p>Komplet profesionalnih aku alata BOSCH 4u1, idealan za majstore, radionice i sve koji \u017eele vrhunski kvalitet i dugotrajnost.<\/p>\n<p>Sadr\u017eaj seta:<br \/>\n Aku brusilica \u2013 sna\u017ena i precizna za rezanje i bru\u0161enje<br \/>\n Aku bu\u0161ilica \u2013 za brzo i efikasno bu\u0161enje svih materijala<br \/>\n Udarni odvija\u010d \u2013 idealan za \u0161rafove i monta\u017eu<br \/>\n Udarna bu\u0161ilica\/\u010deki\u0107 bu\u0161ilica \u2013 za beton, ciglu i tvrde materijale<br \/>\n 4 baterije dugog trajanja + transportni kofer za sigurno no\u0161enje i \u010duvanje<\/p>\n<p> Prednosti:<br \/>\n\u2022 Be\u017ei\u010dna sloboda kretanja<br \/>\n\u2022 Kompletan set spreman za rad<br \/>\n\u2022 Brza isporuka<\/p>\n<p> Poru\u010dite odmah i osigurajte svoj BOSCH 4u1 set po akcijskoj cijeni!<\/p>\n","protected":false},"excerpt":{"rendered":"<p>BOSCH 4u1 Set + kofer i 4 baterije<\/p>\n<p>\u2705 Cijena: 379,99 KM<\/p>\n<p> Dostava: 10 KM (24-48h)<\/p>\n<p>Profesionalni aku set za majstore i radionice \u2013 snaga, preciznost i dugotrajnost u jednom!<\/p>\n<p>Set sadr\u017ei:<\/p>\n<p> Brusilica<\/p>\n<p> Aku bu\u0161ilica<\/p>\n<p> Udarni odvija\u010d<\/p>\n<p> \u010ceki\u0107 bu\u0161ilica<\/p>\n<p>\u20224 baterije dugog trajanja i transportni kofer<\/p>\n<p>Prednosti:<\/p>\n<p> Be\u017ei\u010dna sloboda<\/p>\n<p> Sve \u0161to treba\u0161 u jednom setu<\/p>\n<p> Brza isporuka<\/p>\n<p> Naru\u010di odmah \u2013 akcijska cijena va\u017ei do isteka zaliha!<\/p>\n","protected":false},"featured_media":3968,"comment_status":"open","ping_status":"closed","template":"","meta":[],"product_brand":[],"product_cat":[15,41,38,39],"product_tag":[],"class_list":{"0":"post-3943","1":"product","2":"type-product","3":"status-publish","4":"has-post-thumbnail","6":"product_cat-nekategorisano","7":"product_cat-gradjevinarstvo","8":"product_cat-masine-i-alati","9":"product_cat-moj-dom","11":"first","12":"instock","13":"sale","14":"shipping-taxable","15":"purchasable","16":"product-type-simple"},"_links":{"self":[{"href":"https:\/\/alatcentar.com\/index.php?rest_route=\/wp\/v2\/product\/3943","targetHints":{"allow":["GET"]}}],"collection":[{"href":"https:\/\/alatcentar.com\/index.php?rest_route=\/wp\/v2\/product"}],"about":[{"href":"https:\/\/alatcentar.com\/index.php?rest_route=\/wp\/v2\/types\/product"}],"replies":[{"embeddable":true,"href":"https:\/\/alatcentar.com\/index.php?rest_route=%2Fwp%2Fv2%2Fcomments&post=3943"}],"wp:featuredmedia":[{"embeddable":true,"href":"https:\/\/alatcentar.com\/index.php?rest_route=\/wp\/v2\/media\/3968"}],"wp:attachment":[{"href":"https:\/\/alatcentar.com\/index.php?rest_route=%2Fwp%2Fv2%2Fmedia&parent=3943"}],"wp:term":[{"taxonomy":"product_brand","embeddable":true,"href":"https:\/\/alatcentar.com\/index.php?rest_route=%2Fwp%2Fv2%2Fproduct_brand&post=3943"},{"taxonomy":"product_cat","embeddable":true,"href":"https:\/\/alatcentar.com\/index.php?rest_route=%2Fwp%2Fv2%2Fproduct_cat&post=3943"},{"taxonomy":"product_tag","embeddable":true,"href":"https:\/\/alatcentar.com\/index.php?rest_route=%2Fwp%2Fv2%2Fproduct_tag&post=3943"}],"curies":[{"name":"wp","href":"https:\/\/api.w.org\/{rel}","templated":true}]}}