{"id":3941,"date":"2026-03-10T07:24:31","date_gmt":"2026-03-10T06:24:31","guid":{"rendered":"https:\/\/alatcentar.com\/?post_type=product&#038;p=3941"},"modified":"2026-03-10T07:25:02","modified_gmt":"2026-03-10T06:25:02","slug":"aku-trimer-makita-dvodjelni-sa-glavom-za-silk","status":"publish","type":"product","link":"https:\/\/alatcentar.com\/?product=aku-trimer-makita-dvodjelni-sa-glavom-za-silk","title":{"rendered":"Aku trimer Makita dvodjelni sa glavom za silk"},"content":{"rendered":"<p> AKU MAKITA TRIMER ZA TRAVU \u2013 SLOBODA KRETANJA I VRHUNSKA EFIKASNOST! <\/p>\n<p>\u2705 Be\u017ei\u010dni rad \u2013 Bez kablova, bez ograni\u010denja!<\/p>\n<p>\u2705 Dolazi sa 2 mo\u0107ne baterije za du\u017ei rad bez prekida.<\/p>\n<p>\u2705 Sklopivi dizajn \u2013 Lako se rastavlja na pola za jednostavno skladi\u0161tenje i transport.<\/p>\n<p>\u2705 Savr\u0161en za sve vrste travnjaka \u2013 Precizno \u0161i\u0161anje i dostupnost do svih uglova.<\/p>\n<p> BRZ, EFIKASAN I PRAKTI\u010cAN \u2013 IDEALAN ZA SVE KOJI \u017dELE SAVR\u0160EN TRAVNJAK!<\/p>\n<p>&nbsp;<\/p>\n<p> Lagani dizajn omogu\u0107ava lako rukovanje, dok mo\u0107na baterija osigurava dovoljno snage za du\u017ei rad! Zaboravite na kablove i gorivo \u2013 u\u017eivajte u maksimalnoj slobodi kretanja!<\/p>\n<p>&nbsp;<\/p>\n<p> U PAKETU DOLAZI:<\/p>\n<p>\u2714 Aku trimer za travu<\/p>\n<p>\u2714 Dvije punjive baterije<\/p>\n<p>\u2714 Punja\u010d<\/p>\n<p>&nbsp;<\/p>\n<p> Naru\u010dite odmah i osigurajte savr\u0161eno poko\u0161en travnjak bez napora!<\/p>\n<p> Za narud\u017ebu po\u0161aljite:<\/p>\n<p>\u2714 Ime i prezime<\/p>\n<p>\u2714 Adresa<\/p>\n<p>\u2714 Broj telefona<\/p>\n<p> Brza dostava na va\u0161u adresu!<\/p>\n","protected":false},"excerpt":{"rendered":"<p> AKU MAKITA TRIMER ZA TRAVU \u2013 SLOBODA KRETANJA I VRHUNSKA EFIKASNOST! <\/p>\n<p>\u2705 Be\u017ei\u010dni rad \u2013 Bez kablova, bez ograni\u010denja!<\/p>\n<p>\u2705 Dolazi sa 2 mo\u0107ne baterije za du\u017ei rad bez prekida.<\/p>\n<p>\u2705 Sklopivi dizajn \u2013 Lako se rastavlja na pola za jednostavno skladi\u0161tenje i transport.<\/p>\n<p>\u2705 Savr\u0161en za sve vrste travnjaka \u2013 Precizno \u0161i\u0161anje i dostupnost do svih uglova.<\/p>\n<p> BRZ, EFIKASAN I PRAKTI\u010cAN \u2013 IDEALAN ZA SVE KOJI \u017dELE SAVR\u0160EN TRAVNJAK!<\/p>\n<p>&nbsp;<\/p>\n<p> Lagani dizajn omogu\u0107ava lako rukovanje, dok mo\u0107na baterija osigurava dovoljno snage za du\u017ei rad! Zaboravite na kablove i gorivo \u2013 u\u017eivajte u maksimalnoj slobodi kretanja!<\/p>\n<p>&nbsp;<\/p>\n<p> U PAKETU DOLAZI:<\/p>\n<p>\u2714 Aku trimer za travu<\/p>\n<p>\u2714 Dvije punjive baterije<\/p>\n<p>\u2714 Punja\u010d<\/p>\n<p>&nbsp;<\/p>\n<p> Naru\u010dite odmah i osigurajte savr\u0161eno poko\u0161en travnjak bez napora!<\/p>\n<p> Za narud\u017ebu po\u0161aljite:<\/p>\n<p>\u2714 Ime i prezime<\/p>\n<p>\u2714 Adresa<\/p>\n<p>\u2714 Broj telefona<\/p>\n<p> Brza dostava na va\u0161u adresu!<\/p>\n","protected":false},"featured_media":3964,"comment_status":"open","ping_status":"closed","template":"","meta":[],"product_brand":[],"product_cat":[15,41,38],"product_tag":[],"class_list":{"0":"post-3941","1":"product","2":"type-product","3":"status-publish","4":"has-post-thumbnail","6":"product_cat-nekategorisano","7":"product_cat-gradjevinarstvo","8":"product_cat-masine-i-alati","10":"first","11":"instock","12":"sale","13":"shipping-taxable","14":"purchasable","15":"product-type-simple"},"_links":{"self":[{"href":"https:\/\/alatcentar.com\/index.php?rest_route=\/wp\/v2\/product\/3941","targetHints":{"allow":["GET"]}}],"collection":[{"href":"https:\/\/alatcentar.com\/index.php?rest_route=\/wp\/v2\/product"}],"about":[{"href":"https:\/\/alatcentar.com\/index.php?rest_route=\/wp\/v2\/types\/product"}],"replies":[{"embeddable":true,"href":"https:\/\/alatcentar.com\/index.php?rest_route=%2Fwp%2Fv2%2Fcomments&post=3941"}],"wp:featuredmedia":[{"embeddable":true,"href":"https:\/\/alatcentar.com\/index.php?rest_route=\/wp\/v2\/media\/3964"}],"wp:attachment":[{"href":"https:\/\/alatcentar.com\/index.php?rest_route=%2Fwp%2Fv2%2Fmedia&parent=3941"}],"wp:term":[{"taxonomy":"product_brand","embeddable":true,"href":"https:\/\/alatcentar.com\/index.php?rest_route=%2Fwp%2Fv2%2Fproduct_brand&post=3941"},{"taxonomy":"product_cat","embeddable":true,"href":"https:\/\/alatcentar.com\/index.php?rest_route=%2Fwp%2Fv2%2Fproduct_cat&post=3941"},{"taxonomy":"product_tag","embeddable":true,"href":"https:\/\/alatcentar.com\/index.php?rest_route=%2Fwp%2Fv2%2Fproduct_tag&post=3941"}],"curies":[{"name":"wp","href":"https:\/\/api.w.org\/{rel}","templated":true}]}}