{"id":3940,"date":"2026-03-10T07:24:31","date_gmt":"2026-03-10T06:24:31","guid":{"rendered":"https:\/\/alatcentar.com\/?post_type=product&#038;p=3940"},"modified":"2026-03-10T07:24:59","modified_gmt":"2026-03-10T06:24:59","slug":"aku-brusilica-makita-128v-2-baterije","status":"publish","type":"product","link":"https:\/\/alatcentar.com\/?product=aku-brusilica-makita-128v-2-baterije","title":{"rendered":"Aku brusilica Makita 128V 2 baterije"},"content":{"rendered":"<p> EKSKLUZIVNA PONUDA \u2013 VELIKA RASPRODAJA AKU BRUSILICA! <\/p>\n<p>Tra\u017eite mo\u0107nu, pouzdanu i dugotrajnu aku brusilicu? Imamo savr\u0161eno rje\u0161enje za vas!<\/p>\n<p>99,9 KM<br \/>\nDostava 10 KM<\/p>\n<p>Predstavljamo Makita aku brusilicu 128V 6.0Ah \u2013 alat koji \u0107e vam olak\u0161ati svaki posao, bilo da ste profesionalac ili entuzijasta!<\/p>\n<p>\u26a1 Snaga i izdr\u017eljivost na najvi\u0161em nivou<br \/>\n\u26a1 Baterija kapaciteta 6.0Ah omogu\u0107ava dugo neprekidno kori\u0161tenje<br \/>\n\u26a1 Kompaktna i lagana za lak rad bez zamora<br \/>\n\u26a1 Preciznost i efikasnost kod bru\u0161enja i rezanja<\/p>\n<p>Sve to za NEVJEROVATNIH 99,9 KM<\/p>\n<p>Ne propustite priliku da dobijete vrhunski alat po cijeni koju nema niko drugi na tr\u017ei\u0161tu!<\/p>\n<p> Brza i sigurna dostava \u0161irom BiH za samo 10 KM<br \/>\n Dostava do va\u0161ih vrata, a vi samo u\u017eivate u radu!<\/p>\n<p>Zalihe su ograni\u010dene \u2013 naru\u010dite odmah i spremite se za savr\u0161ene rezultate!<\/p>\n","protected":false},"excerpt":{"rendered":"<p> EKSKLUZIVNA PONUDA \u2013 VELIKA RASPRODAJA AKU BRUSILICA! <\/p>\n<p>Tra\u017eite mo\u0107nu, pouzdanu i dugotrajnu aku brusilicu? Imamo savr\u0161eno rje\u0161enje za vas!<\/p>\n<p>99,9 KM<br \/>\nDostava 10 KM<\/p>\n<p>Predstavljamo Makita aku brusilicu 128V 6.0Ah \u2013 alat koji \u0107e vam olak\u0161ati svaki posao, bilo da ste profesionalac ili entuzijasta!<\/p>\n<p>\u26a1 Snaga i izdr\u017eljivost na najvi\u0161em nivou<br \/>\n\u26a1 Baterija kapaciteta 6.0Ah omogu\u0107ava dugo neprekidno kori\u0161tenje<br \/>\n\u26a1 Kompaktna i lagana za lak rad bez zamora<br \/>\n\u26a1 Preciznost i efikasnost kod bru\u0161enja i rezanja<\/p>\n<p>Sve to za NEVJEROVATNIH 99,9KM!<\/p>\n<p>Ne propustite priliku da dobijete vrhunski alat po cijeni koju nema niko drugi na tr\u017ei\u0161tu!<\/p>\n<p> Brza i sigurna dostava \u0161irom BiH za samo 10 KM<br \/>\n Dostava do va\u0161ih vrata, a vi samo u\u017eivate u radu!<\/p>\n<p>Zalihe su ograni\u010dene \u2013 naru\u010dite odmah i spremite se za savr\u0161ene rezultate!<\/p>\n","protected":false},"featured_media":3963,"comment_status":"open","ping_status":"closed","template":"","meta":[],"product_brand":[],"product_cat":[15,41,38],"product_tag":[],"class_list":{"0":"post-3940","1":"product","2":"type-product","3":"status-publish","4":"has-post-thumbnail","6":"product_cat-nekategorisano","7":"product_cat-gradjevinarstvo","8":"product_cat-masine-i-alati","10":"first","11":"instock","12":"sale","13":"shipping-taxable","14":"purchasable","15":"product-type-simple"},"_links":{"self":[{"href":"https:\/\/alatcentar.com\/index.php?rest_route=\/wp\/v2\/product\/3940","targetHints":{"allow":["GET"]}}],"collection":[{"href":"https:\/\/alatcentar.com\/index.php?rest_route=\/wp\/v2\/product"}],"about":[{"href":"https:\/\/alatcentar.com\/index.php?rest_route=\/wp\/v2\/types\/product"}],"replies":[{"embeddable":true,"href":"https:\/\/alatcentar.com\/index.php?rest_route=%2Fwp%2Fv2%2Fcomments&post=3940"}],"wp:featuredmedia":[{"embeddable":true,"href":"https:\/\/alatcentar.com\/index.php?rest_route=\/wp\/v2\/media\/3963"}],"wp:attachment":[{"href":"https:\/\/alatcentar.com\/index.php?rest_route=%2Fwp%2Fv2%2Fmedia&parent=3940"}],"wp:term":[{"taxonomy":"product_brand","embeddable":true,"href":"https:\/\/alatcentar.com\/index.php?rest_route=%2Fwp%2Fv2%2Fproduct_brand&post=3940"},{"taxonomy":"product_cat","embeddable":true,"href":"https:\/\/alatcentar.com\/index.php?rest_route=%2Fwp%2Fv2%2Fproduct_cat&post=3940"},{"taxonomy":"product_tag","embeddable":true,"href":"https:\/\/alatcentar.com\/index.php?rest_route=%2Fwp%2Fv2%2Fproduct_tag&post=3940"}],"curies":[{"name":"wp","href":"https:\/\/api.w.org\/{rel}","templated":true}]}}