{"id":3937,"date":"2026-03-10T07:24:31","date_gmt":"2026-03-10T06:24:31","guid":{"rendered":"https:\/\/alatcentar.com\/?post_type=product&#038;p=3937"},"modified":"2026-03-10T07:24:47","modified_gmt":"2026-03-10T06:24:47","slug":"kompresor-za-zrak-strauss-50l-sa-2-izlaza","status":"publish","type":"product","link":"https:\/\/alatcentar.com\/?product=kompresor-za-zrak-strauss-50l-sa-2-izlaza","title":{"rendered":"Kompresor za zrak STRAUSS 50L sa 2 izlaza"},"content":{"rendered":"<p>VAZDU\u0160NI KOMPRESOR STRAUS AUSTRIA 50L<\/p>\n<p>Cijena: 319,90 KM<\/p>\n<p>Pouzdan i prakti\u010dan uljni kompresor marke Straus Austria, idealan za radionice, ku\u0107ne korisnike i manje profesionalne poslove. Zahvaljuju\u0107i kapacitetu boce od 50 litara, dva izlaza za zrak i dva manometra, ovaj kompresor omogu\u0107ava efikasan i fleksibilan rad. Kompaktan dizajn i jednostavno rukovanje \u010dine ga odli\u010dnim izborom za svakodnevnu upotrebu.<\/p>\n<p>Tehni\u010dke karakteristike:<\/p>\n<p>\u2022Kapacitet boce: 50 litara<\/p>\n<p>\u2022Broj cilindara: 1<\/p>\n<p>\u2022Maksimalni pritisak: 8 bara<\/p>\n<p>\u2022Snaga motora: 3 KS<\/p>\n<p>\u2022Napon: 220 V<\/p>\n<p>\u2022Tip kompresora: Uljni<\/p>\n<p>\u2022Izlazi za zrak: 2<\/p>\n<p>\u2022Manometri: 2<\/p>\n<p>Prednosti:<\/p>\n<p>\u2022Jednostavan za kori\u0161tenje<\/p>\n<p>\u2022Lagan za transport<\/p>\n<p>\u2022Pogodan za razne primjene (pumpanje, puhanje, rad s pneumatskim alatima)<\/p>\n<p>\u2022Dvostruki izlaz omogu\u0107ava istovremeni rad s dva ure\u0111aja<\/p>\n<p>Za dodatne informacije ili narud\u017ebu, slobodno nas kontaktirajte!<\/p>\n","protected":false},"excerpt":{"rendered":"<p>STRAUS AUSTRIA VAZDU\u0160NI KOMPRESOR 50L \u2013 319,90 KM<\/p>\n<p>Pouzdan, uljni kompresor sa 50L bocom, dva izlaza i dva manometra. Snaga 3 KS, pritisak do 8 bara, idealan za radionice i ku\u0107nu upotrebu. Kompaktan, lagan i spreman za sve zadatke!<\/p>\n<p>\u2705 50L boca<\/p>\n<p>\u2705 2 izlaza + 2 manometra<\/p>\n<p>\u2705 3 KS | 8 bara | 220V<\/p>\n<p>\u2705 Kvalitetan i jednostavan za kori\u0161tenje<\/p>\n<p>Iskoristi odli\u010dnu cijenu \u2013 319,90 KM!<\/p>\n","protected":false},"featured_media":3957,"comment_status":"open","ping_status":"closed","template":"","meta":[],"product_brand":[],"product_cat":[15,41,38,39],"product_tag":[],"class_list":{"0":"post-3937","1":"product","2":"type-product","3":"status-publish","4":"has-post-thumbnail","6":"product_cat-nekategorisano","7":"product_cat-gradjevinarstvo","8":"product_cat-masine-i-alati","9":"product_cat-moj-dom","11":"first","12":"instock","13":"sale","14":"shipping-taxable","15":"purchasable","16":"product-type-simple"},"_links":{"self":[{"href":"https:\/\/alatcentar.com\/index.php?rest_route=\/wp\/v2\/product\/3937","targetHints":{"allow":["GET"]}}],"collection":[{"href":"https:\/\/alatcentar.com\/index.php?rest_route=\/wp\/v2\/product"}],"about":[{"href":"https:\/\/alatcentar.com\/index.php?rest_route=\/wp\/v2\/types\/product"}],"replies":[{"embeddable":true,"href":"https:\/\/alatcentar.com\/index.php?rest_route=%2Fwp%2Fv2%2Fcomments&post=3937"}],"wp:featuredmedia":[{"embeddable":true,"href":"https:\/\/alatcentar.com\/index.php?rest_route=\/wp\/v2\/media\/3957"}],"wp:attachment":[{"href":"https:\/\/alatcentar.com\/index.php?rest_route=%2Fwp%2Fv2%2Fmedia&parent=3937"}],"wp:term":[{"taxonomy":"product_brand","embeddable":true,"href":"https:\/\/alatcentar.com\/index.php?rest_route=%2Fwp%2Fv2%2Fproduct_brand&post=3937"},{"taxonomy":"product_cat","embeddable":true,"href":"https:\/\/alatcentar.com\/index.php?rest_route=%2Fwp%2Fv2%2Fproduct_cat&post=3937"},{"taxonomy":"product_tag","embeddable":true,"href":"https:\/\/alatcentar.com\/index.php?rest_route=%2Fwp%2Fv2%2Fproduct_tag&post=3937"}],"curies":[{"name":"wp","href":"https:\/\/api.w.org\/{rel}","templated":true}]}}