{"id":3936,"date":"2026-03-10T07:24:31","date_gmt":"2026-03-10T06:24:31","guid":{"rendered":"https:\/\/alatcentar.com\/?post_type=product&#038;p=3936"},"modified":"2026-03-10T07:24:42","modified_gmt":"2026-03-10T06:24:42","slug":"pumpa-za-prljavu-i-cistu-vodu-bauer-16kw","status":"publish","type":"product","link":"https:\/\/alatcentar.com\/?product=pumpa-za-prljavu-i-cistu-vodu-bauer-16kw","title":{"rendered":"Pumpa za prljavu i \u010distu vodu BAUER 1,6kw"},"content":{"rendered":"<p> Muljna pumpa za vodu \u2013 Visoke snage i pouzdanosti <\/p>\n<p>\u2705 Idealan izbor za poplave, bunare, podrume, septi\u010dke jame i gradili\u0161ta!<\/p>\n<p>Robusna potopna pumpa dizajnirana za ispumpavanje prljave vode, mulja i otpadnih teku\u0107ina. Opremljena automatskim plovkom koji sprje\u010dava rad na suho i \u0161titi motor od o\u0161te\u0107enja.<\/p>\n<p> Tehni\u010dke karakteristike:<\/p>\n<ul>\n<li>Snaga: 1,6kw<\/li>\n<li>Napon: 220V<\/li>\n<li>Izlaz: 1\u00bd in\u010da (mesingani izlaz)<\/li>\n<li>Materijal ku\u0107i\u0161ta: Metalna konstrukcija \u2013 izuzetna izdr\u017eljivost<\/li>\n<li>Automatski plovak \u2013 automatski uklju\u010duje\/isklju\u010duje pumpu ovisno o nivou vode<\/li>\n<li>Dug strujni kabl \u2013 za lak\u0161i rad na terenu<\/li>\n<li>Pogodna za: Mulj, prljavu vodu, ki\u0161nicu, fekalije (uz filter), itd.<\/li>\n<\/ul>\n<p> Prakti\u010dna ru\u010dka za no\u0161enje i \u010dvrsta konstrukcija \u2013 spremna za sve izazove!<\/p>\n<p> Dostava dostupna \u0161irom BiH<\/p>\n<p> Za narud\u017ebu ili dodatne informacije, javite se u poruke!<\/p>\n","protected":false},"excerpt":{"rendered":"<p>\u2e3b<\/p>\n<p> Muljna pumpa za vodu \u2013 Visoke snage i pouzdanosti <\/p>\n<p>139,9 KM<\/p>\n<p>\u2705 Idealan izbor za poplave, bunare, podrume, septi\u010dke jame i gradili\u0161ta!<\/p>\n<p>Robusna potopna pumpa dizajnirana za ispumpavanje prljave vode, mulja i otpadnih teku\u0107ina. Opremljena automatskim plovkom koji sprje\u010dava rad na suho i \u0161titi motor od o\u0161te\u0107enja.<\/p>\n<p> Tehni\u010dke karakteristike:<\/p>\n<p>\u2022Snaga: 1,6kw<\/p>\n<p>\u2022Napon: 220V<\/p>\n<p>\u2022Izlaz: 1\u00bd in\u010da (mesingani izlaz)<\/p>\n<p>\u2022Materijal ku\u0107i\u0161ta: Metalna konstrukcija \u2013 izuzetna izdr\u017eljivost<\/p>\n<p>\u2022Automatski plovak \u2013 automatski uklju\u010duje\/isklju\u010duje pumpu ovisno o nivou vode<\/p>\n<p>\u2022Dug strujni kabl \u2013 za lak\u0161i rad na terenu<\/p>\n<p>\u2022Pogodna za: Mulj, prljavu vodu, ki\u0161nicu, fekalije (uz filter), itd.<\/p>\n<p> Prakti\u010dna ru\u010dka za no\u0161enje i \u010dvrsta konstrukcija \u2013 spremna za sve izazove!<\/p>\n<p> Dostava dostupna \u0161irom BiH<\/p>\n<p> Za narud\u017ebu ili dodatne informacije, javite se u poruke!<\/p>\n","protected":false},"featured_media":3956,"comment_status":"open","ping_status":"closed","template":"","meta":[],"product_brand":[],"product_cat":[15,41,38],"product_tag":[],"class_list":{"0":"post-3936","1":"product","2":"type-product","3":"status-publish","4":"has-post-thumbnail","6":"product_cat-nekategorisano","7":"product_cat-gradjevinarstvo","8":"product_cat-masine-i-alati","10":"first","11":"instock","12":"sale","13":"shipping-taxable","14":"purchasable","15":"product-type-simple"},"_links":{"self":[{"href":"https:\/\/alatcentar.com\/index.php?rest_route=\/wp\/v2\/product\/3936","targetHints":{"allow":["GET"]}}],"collection":[{"href":"https:\/\/alatcentar.com\/index.php?rest_route=\/wp\/v2\/product"}],"about":[{"href":"https:\/\/alatcentar.com\/index.php?rest_route=\/wp\/v2\/types\/product"}],"replies":[{"embeddable":true,"href":"https:\/\/alatcentar.com\/index.php?rest_route=%2Fwp%2Fv2%2Fcomments&post=3936"}],"wp:featuredmedia":[{"embeddable":true,"href":"https:\/\/alatcentar.com\/index.php?rest_route=\/wp\/v2\/media\/3956"}],"wp:attachment":[{"href":"https:\/\/alatcentar.com\/index.php?rest_route=%2Fwp%2Fv2%2Fmedia&parent=3936"}],"wp:term":[{"taxonomy":"product_brand","embeddable":true,"href":"https:\/\/alatcentar.com\/index.php?rest_route=%2Fwp%2Fv2%2Fproduct_brand&post=3936"},{"taxonomy":"product_cat","embeddable":true,"href":"https:\/\/alatcentar.com\/index.php?rest_route=%2Fwp%2Fv2%2Fproduct_cat&post=3936"},{"taxonomy":"product_tag","embeddable":true,"href":"https:\/\/alatcentar.com\/index.php?rest_route=%2Fwp%2Fv2%2Fproduct_tag&post=3936"}],"curies":[{"name":"wp","href":"https:\/\/api.w.org\/{rel}","templated":true}]}}