{"id":3898,"date":"2026-03-10T07:22:05","date_gmt":"2026-03-10T06:22:05","guid":{"rendered":"https:\/\/alatcentar.com\/?post_type=product&#038;p=3898"},"modified":"2026-03-10T07:23:32","modified_gmt":"2026-03-10T06:23:32","slug":"digitalni-brojac-novcanica","status":"publish","type":"product","link":"https:\/\/alatcentar.com\/?product=digitalni-brojac-novcanica","title":{"rendered":"Digitalni broja\u010d nov\u010danica"},"content":{"rendered":"<p> Digitalni Broja\u010d Nov\u010danica \u2013 KM \/ EUR \/ USD <\/p>\n<p>Precizno i brzo brojanje novca bez gre\u0161ke!<\/p>\n<p>Ovaj digitalni broja\u010d nov\u010danica automatski prepoznaje i broji konvertibilne marke, eure i dolare.<\/p>\n<p>\u2705 Brzina brojanja do 1000 nov\u010danica\/min<\/p>\n<p>\u2705 Jasni LED displej<\/p>\n<p>\u2705 Vi\u0161e na\u010dina rada \u2013 brojanje, dodavanje, serije<\/p>\n<p>\u2705 Tih i pouzdan rad, idealan za trgovine, kancelarije i ugostiteljstvo<\/p>\n<p>\u26a1 U\u0161tedite vrijeme i novac \u2013 neka va\u0161 broja\u010d radi umjesto vas!<\/p>\n<p> Dostava \u0161irom BiH \u2013 pla\u0107anje pouze\u0107em!<\/p>\n","protected":false},"excerpt":{"rendered":"<p> Digitalni broja\u010d nov\u010danica \u2013 KM \/ EUR \/ USD <\/p>\n<p>Brzo i precizno broji sve valute.<\/p>\n<p>\u2705 Do 1000 nov\u010danica\/min<\/p>\n<p>\u2705 LED displej<\/p>\n<p>\u2705 Vi\u0161e na\u010dina rada<\/p>\n<p>Savr\u0161en za firme, trgovine i ugostitelje!<\/p>\n<p> Dostava \u0161irom BiH \u2013 pla\u0107anje pouze\u0107em!<\/p>\n","protected":false},"featured_media":3928,"comment_status":"open","ping_status":"closed","template":"","meta":[],"product_brand":[],"product_cat":[15,40],"product_tag":[],"class_list":{"0":"post-3898","1":"product","2":"type-product","3":"status-publish","4":"has-post-thumbnail","6":"product_cat-nekategorisano","7":"product_cat-tehnika","9":"first","10":"instock","11":"sale","12":"shipping-taxable","13":"purchasable","14":"product-type-simple"},"_links":{"self":[{"href":"https:\/\/alatcentar.com\/index.php?rest_route=\/wp\/v2\/product\/3898","targetHints":{"allow":["GET"]}}],"collection":[{"href":"https:\/\/alatcentar.com\/index.php?rest_route=\/wp\/v2\/product"}],"about":[{"href":"https:\/\/alatcentar.com\/index.php?rest_route=\/wp\/v2\/types\/product"}],"replies":[{"embeddable":true,"href":"https:\/\/alatcentar.com\/index.php?rest_route=%2Fwp%2Fv2%2Fcomments&post=3898"}],"wp:featuredmedia":[{"embeddable":true,"href":"https:\/\/alatcentar.com\/index.php?rest_route=\/wp\/v2\/media\/3928"}],"wp:attachment":[{"href":"https:\/\/alatcentar.com\/index.php?rest_route=%2Fwp%2Fv2%2Fmedia&parent=3898"}],"wp:term":[{"taxonomy":"product_brand","embeddable":true,"href":"https:\/\/alatcentar.com\/index.php?rest_route=%2Fwp%2Fv2%2Fproduct_brand&post=3898"},{"taxonomy":"product_cat","embeddable":true,"href":"https:\/\/alatcentar.com\/index.php?rest_route=%2Fwp%2Fv2%2Fproduct_cat&post=3898"},{"taxonomy":"product_tag","embeddable":true,"href":"https:\/\/alatcentar.com\/index.php?rest_route=%2Fwp%2Fv2%2Fproduct_tag&post=3898"}],"curies":[{"name":"wp","href":"https:\/\/api.w.org\/{rel}","templated":true}]}}