{"id":3897,"date":"2026-03-10T07:22:05","date_gmt":"2026-03-10T06:22:05","guid":{"rendered":"https:\/\/alatcentar.com\/?post_type=product&#038;p=3897"},"modified":"2026-03-10T07:23:29","modified_gmt":"2026-03-10T06:23:29","slug":"aku-busilica-bosch-sa-metalnom-steznom-glavom","status":"publish","type":"product","link":"https:\/\/alatcentar.com\/?product=aku-busilica-bosch-sa-metalnom-steznom-glavom","title":{"rendered":"Aku bu\u0161ilica BOSCH sa metalnom steznom glavom"},"content":{"rendered":"<p>BOSCH Aku Bu\u0161ilica 48V \u2013 2x Baterije + Punja\u010d + Kofer<\/p>\n<p>Tra\u017ei\u0161 sna\u017enu i pouzdanu bu\u0161ilicu koja mo\u017ee sve \u2013 od zavrtanja vijaka do bu\u0161enja metala, drveta i plastike?<\/p>\n<p>Ova BOSCH 48V aku bu\u0161ilica pru\u017ea snagu, preciznost i slobodu bez kablova!<\/p>\n<p>&#x2699;&#xfe0f; GLAVNE PREDNOSTI:<\/p>\n<p>&#x2705; 48V snaga \u2013 lako bu\u0161i i najtvr\u0111e materijale<\/p>\n<p>&#x2705; 2 brzine (zavrtanje \/ bu\u0161enje)<\/p>\n<p>&#x2705; Moment do 45 Nm<\/p>\n<p>&#x2705; LED svjetlo za rad u mraku<\/p>\n<p>&#x2705; Ergonomska i gumirana dr\u0161ka \u2013 udoban rad bez klizanja<\/p>\n<p>&#x2705; Lagan i kompaktan dizajn<\/p>\n<p>BATERIJE I PUNJA\u010c:<\/p>\n<p>&#x2714;&#xfe0f; 2x 48V Li-Ion baterije \u2013 dug rad bez prekida<\/p>\n<p>&#x2714;&#xfe0f; Brzi punja\u010d u setu<\/p>\n<p>&#x2714;&#xfe0f; Indikator napunjenosti baterije<\/p>\n<p>SET SADR\u017dI:<\/p>\n<p>\u2022 BOSCH 48V bu\u0161ilica<\/p>\n<p>\u2022 2x baterije<\/p>\n<p>\u2022 Brzi punja\u010d<\/p>\n<p>\u2022 Plasti\u010dni kofer<\/p>\n<p>ZA\u0160TO ODABRATI OVAJ MODEL:<\/p>\n<p>&#x2714;&#xfe0f; Sna\u017ena, precizna i dugotrajna<\/p>\n<p>&#x2714;&#xfe0f; Odli\u010dan odnos cijene i kvalitete<\/p>\n<p>&#x2714;&#xfe0f; Idealna za ku\u0107nu upotrebu<\/p>\n<p>Brza dostava \u0161irom BiH \u2013 pla\u0107anje pouze\u0107em!<\/p>\n","protected":false},"excerpt":{"rendered":"<p> BOSCH Aku Bu\u0161ilica 48V \u2013 2x Baterije + Punja\u010d + Kofer + Set nastavaka <\/p>\n<p>Sna\u017ena i pouzdana bu\u0161ilica za svaki posao \u2013 drvo, metal, plastika i zavrtanje vijaka, sve bez kablova!<\/p>\n<p>&#x2705; 48V snaga i 2 brzine<\/p>\n<p>&#x2705; 2x Li-ion baterije + brzi punja\u010d<\/p>\n<p>&#x2705; LED svjetlo i gumirana dr\u0161ka<\/p>\n<p>&#x2705; Kompaktan dizajn i lagana<\/p>\n<p>&#x2705; Dolazi u koferu sa setom nastavaka<\/p>\n<p> Idealna za majstore i ku\u0107nu upotrebu!<\/p>\n<p> Dostava \u0161irom BiH \u2013 pla\u0107anje pouze\u0107em!<\/p>\n","protected":false},"featured_media":3926,"comment_status":"open","ping_status":"closed","template":"","meta":[],"product_brand":[],"product_cat":[15,38,39,40],"product_tag":[],"class_list":{"0":"post-3897","1":"product","2":"type-product","3":"status-publish","4":"has-post-thumbnail","6":"product_cat-nekategorisano","7":"product_cat-masine-i-alati","8":"product_cat-moj-dom","9":"product_cat-tehnika","11":"first","12":"instock","13":"sale","14":"shipping-taxable","15":"purchasable","16":"product-type-simple"},"_links":{"self":[{"href":"https:\/\/alatcentar.com\/index.php?rest_route=\/wp\/v2\/product\/3897","targetHints":{"allow":["GET"]}}],"collection":[{"href":"https:\/\/alatcentar.com\/index.php?rest_route=\/wp\/v2\/product"}],"about":[{"href":"https:\/\/alatcentar.com\/index.php?rest_route=\/wp\/v2\/types\/product"}],"replies":[{"embeddable":true,"href":"https:\/\/alatcentar.com\/index.php?rest_route=%2Fwp%2Fv2%2Fcomments&post=3897"}],"wp:featuredmedia":[{"embeddable":true,"href":"https:\/\/alatcentar.com\/index.php?rest_route=\/wp\/v2\/media\/3926"}],"wp:attachment":[{"href":"https:\/\/alatcentar.com\/index.php?rest_route=%2Fwp%2Fv2%2Fmedia&parent=3897"}],"wp:term":[{"taxonomy":"product_brand","embeddable":true,"href":"https:\/\/alatcentar.com\/index.php?rest_route=%2Fwp%2Fv2%2Fproduct_brand&post=3897"},{"taxonomy":"product_cat","embeddable":true,"href":"https:\/\/alatcentar.com\/index.php?rest_route=%2Fwp%2Fv2%2Fproduct_cat&post=3897"},{"taxonomy":"product_tag","embeddable":true,"href":"https:\/\/alatcentar.com\/index.php?rest_route=%2Fwp%2Fv2%2Fproduct_tag&post=3897"}],"curies":[{"name":"wp","href":"https:\/\/api.w.org\/{rel}","templated":true}]}}