{"id":3888,"date":"2026-03-10T07:22:04","date_gmt":"2026-03-10T06:22:04","guid":{"rendered":"https:\/\/alatcentar.com\/?post_type=product&#038;p=3888"},"modified":"2026-03-10T07:22:41","modified_gmt":"2026-03-10T06:22:41","slug":"agregat-straus-austria-25kw-inverter-sa-stabilizatorom-napona","status":"publish","type":"product","link":"https:\/\/alatcentar.com\/?product=agregat-straus-austria-25kw-inverter-sa-stabilizatorom-napona","title":{"rendered":"Agregat Straus Austria 2,5kw Inverter sa stabilizatorom napona"},"content":{"rendered":"<p> STRAUS AUSTRIA Inverter Agregat 2.5 kW sa stabilizatorom napona <\/p>\n<p>Pouzdan i tih agregat idealan za kampovanje, radionice, vikendice ili kao rezervni izvor struje u slu\u010daju nestanka elektri\u010dne energije. Inverter tehnologija omogu\u0107ava stabilan napon i sigurno napajanje osjetljivih ure\u0111aja poput laptopa, televizora, fri\u017eidera i alata.<\/p>\n<p>Specifikacije:<\/p>\n<p>&#x2699;&#xfe0f; Snaga: 2.5 kW<\/p>\n<p>&#x26a1; Napon: 220V \/ 50Hz<\/p>\n<p> Zapremina motora: 150cc<\/p>\n<p>&#xfe0f; Stabilizator napona (AVR sistem)<\/p>\n<p> Tih rad i niska potro\u0161nja goriva<\/p>\n<p>&#xfe0f; Kompaktan i lagan dizajn \u2013 jednostavan za prenos<\/p>\n<p> Cijena: 399,9 KM<\/p>\n<p> U paketu dolazi sve potrebno za kori\u0161tenje \u2013 spreman za rad!<\/p>\n","protected":false},"excerpt":{"rendered":"<p> STRAUS AUSTRIA Inverter Agregat 2.5 kW sa stabilizatorom napona <\/p>\n<p>Pouzdan i tih agregat idealan za kampovanje, radionice, vikendice ili kao rezervni izvor struje u slu\u010daju nestanka elektri\u010dne energije. Inverter tehnologija omogu\u0107ava stabilan napon i sigurno napajanje osjetljivih ure\u0111aja poput laptopa, televizora, fri\u017eidera i alata.<\/p>\n<p>Specifikacije:<\/p>\n<p>&#x2699;&#xfe0f; Snaga: 2.5 kW<\/p>\n<p>&#x26a1; Napon: 220V \/ 50Hz<\/p>\n<p> Zapremina motora: 150cc<\/p>\n<p>&#xfe0f; Stabilizator napona (AVR sistem)<\/p>\n<p> Tih rad i niska potro\u0161nja goriva<\/p>\n<p>&#xfe0f; Kompaktan i lagan dizajn \u2013 jednostavan za prenos<\/p>\n<p> Cijena: 399,9 KM<\/p>\n<p> U paketu dolazi sve potrebno za kori\u0161tenje \u2013 spreman za rad!<\/p>\n","protected":false},"featured_media":3913,"comment_status":"open","ping_status":"closed","template":"","meta":[],"product_brand":[],"product_cat":[15,41,38],"product_tag":[],"class_list":{"0":"post-3888","1":"product","2":"type-product","3":"status-publish","4":"has-post-thumbnail","6":"product_cat-nekategorisano","7":"product_cat-gradjevinarstvo","8":"product_cat-masine-i-alati","10":"first","11":"outofstock","12":"sale","13":"shipping-taxable","14":"purchasable","15":"product-type-simple"},"_links":{"self":[{"href":"https:\/\/alatcentar.com\/index.php?rest_route=\/wp\/v2\/product\/3888","targetHints":{"allow":["GET"]}}],"collection":[{"href":"https:\/\/alatcentar.com\/index.php?rest_route=\/wp\/v2\/product"}],"about":[{"href":"https:\/\/alatcentar.com\/index.php?rest_route=\/wp\/v2\/types\/product"}],"replies":[{"embeddable":true,"href":"https:\/\/alatcentar.com\/index.php?rest_route=%2Fwp%2Fv2%2Fcomments&post=3888"}],"wp:featuredmedia":[{"embeddable":true,"href":"https:\/\/alatcentar.com\/index.php?rest_route=\/wp\/v2\/media\/3913"}],"wp:attachment":[{"href":"https:\/\/alatcentar.com\/index.php?rest_route=%2Fwp%2Fv2%2Fmedia&parent=3888"}],"wp:term":[{"taxonomy":"product_brand","embeddable":true,"href":"https:\/\/alatcentar.com\/index.php?rest_route=%2Fwp%2Fv2%2Fproduct_brand&post=3888"},{"taxonomy":"product_cat","embeddable":true,"href":"https:\/\/alatcentar.com\/index.php?rest_route=%2Fwp%2Fv2%2Fproduct_cat&post=3888"},{"taxonomy":"product_tag","embeddable":true,"href":"https:\/\/alatcentar.com\/index.php?rest_route=%2Fwp%2Fv2%2Fproduct_tag&post=3888"}],"curies":[{"name":"wp","href":"https:\/\/api.w.org\/{rel}","templated":true}]}}