{"id":3886,"date":"2026-03-10T07:22:04","date_gmt":"2026-03-10T06:22:04","guid":{"rendered":"https:\/\/alatcentar.com\/?post_type=product&#038;p=3886"},"modified":"2026-03-10T07:22:32","modified_gmt":"2026-03-10T06:22:32","slug":"set-alata-za-zupcenje-vw-audi-skoda-seat","status":"publish","type":"product","link":"https:\/\/alatcentar.com\/?product=set-alata-za-zupcenje-vw-audi-skoda-seat","title":{"rendered":"SET ALATA ZA ZUP\u010cENJE VW, AUDI, \u0160KODA, SEAT"},"content":{"rendered":"<p>UNIVERZALNI SET ALATA ZA ZAKLJU\u010cAVANJE VAG<\/p>\n<p>Za provjeru i pode\u0161avanje vremena bregastog vratila.<br \/>\nPotreban prilikom zamjene zup\u010dastih kai\u0161eva ili lanaca ili prilikom popravke motora.<\/p>\n<p>Tipovi motora&nbsp;: AXU, BAG, BKG, BLF, BLN, BLP.<br \/>\nmodeli:<br \/>\nWV: Polo, Golf, Golf Plus, Touran<br \/>\nAudi: A3<br \/>\n\u0160koda: Octavia.<br \/>\nSet: Alat za pode\u0161avanje TDC-a<br \/>\nAlat za zaklju\u010davanje<br \/>\nBVF, BVH, BWV, CAYA, CAYB, CAYC, CAGA, CAGB, CAGC, CAHA, CAHB, CBAA, CBAB, CBAC, CBBA, CABDA, CBDB, CBDC, CBEA, CEGA.<br \/>\nmotori:<br \/>\nBenzina: 1.2 6V, 1.2 12V, 1.4 16V, 1.6 16V (Riemen), 1.4 Fsi, 1.6 Fsi<br \/>\nDizel: 1.2 Tdi, 1.4 Tdi, 1.9 Tdi, 2.5 V6 Tdi, 3.3 V8 Tdi, 2.0 Tdi(PD)\/ 2.0 Tdi (Common Rail), 1.6 Tdi (Common Rail). Modeli: VW<br \/>\nAudi<br \/>\n\u0160koda<br \/>\nSjedalo (1997-2004) Set: 2 x \u010daure za skidanje prednjeg udarca; Alat za zateza\u010d; Zaporni klin za pumpu za gorivo.<\/p>\n","protected":false},"excerpt":{"rendered":"<p>Univerzalni set alata za zaklju\u010davanje VAG<\/p>\n<p>Set za provjeru i pode\u0161avanje vremena bregastog vratila \u2013 neophodan pri zamjeni zup\u010dastog kai\u0161a\/lanca ili popravci motora.<\/p>\n<p>Primjena:<\/p>\n<p>Motori: AXU, BAG, BKG, BLF, BLN, BLP<\/p>\n<p>Modeli: VW (Polo, Golf, Golf Plus, Touran), Audi A3, \u0160koda Octavia<\/p>\n<p>U setu:<\/p>\n<p>\u2022Alat za pode\u0161avanje TDC-a<\/p>\n<p>\u2022Alat za zaklju\u010davanje<\/p>\n<p>Dodatno kompatibilni motori:<\/p>\n<p>BVF, BVH, BWV, CAYA, CAYB, CAYC, CAGA, CAGB, CAGC, CAHA, CAHB, CBAA, CBAB, CBAC, CBBA, CABDA, CBDB, CBDC, CBEA, CEGA<\/p>\n<p>Tipovi motora:<\/p>\n<p>\u2022Benzin: 1.2 6V\/12V, 1.4 16V, 1.6 16V (Riemen), 1.4 FSI, 1.6 FSI<\/p>\n<p>\u2022Dizel: 1.2\u20133.3 TDI (PD i Common Rail)<\/p>\n<p>Modeli: VW, Audi, \u0160koda, Seat (1997\u20132004)<\/p>\n<p>Dodaci:<\/p>\n<p>2 \u010daure za skidanje prednjeg udarca, alat za zateza\u010d, zaporni klin za pumpu goriva.<\/p>\n","protected":false},"featured_media":3909,"comment_status":"open","ping_status":"closed","template":"","meta":[],"product_brand":[],"product_cat":[15,43,40],"product_tag":[],"class_list":{"0":"post-3886","1":"product","2":"type-product","3":"status-publish","4":"has-post-thumbnail","6":"product_cat-nekategorisano","7":"product_cat-dijelovi-za-vozila","8":"product_cat-tehnika","10":"first","11":"instock","12":"sale","13":"shipping-taxable","14":"purchasable","15":"product-type-simple"},"_links":{"self":[{"href":"https:\/\/alatcentar.com\/index.php?rest_route=\/wp\/v2\/product\/3886","targetHints":{"allow":["GET"]}}],"collection":[{"href":"https:\/\/alatcentar.com\/index.php?rest_route=\/wp\/v2\/product"}],"about":[{"href":"https:\/\/alatcentar.com\/index.php?rest_route=\/wp\/v2\/types\/product"}],"replies":[{"embeddable":true,"href":"https:\/\/alatcentar.com\/index.php?rest_route=%2Fwp%2Fv2%2Fcomments&post=3886"}],"wp:featuredmedia":[{"embeddable":true,"href":"https:\/\/alatcentar.com\/index.php?rest_route=\/wp\/v2\/media\/3909"}],"wp:attachment":[{"href":"https:\/\/alatcentar.com\/index.php?rest_route=%2Fwp%2Fv2%2Fmedia&parent=3886"}],"wp:term":[{"taxonomy":"product_brand","embeddable":true,"href":"https:\/\/alatcentar.com\/index.php?rest_route=%2Fwp%2Fv2%2Fproduct_brand&post=3886"},{"taxonomy":"product_cat","embeddable":true,"href":"https:\/\/alatcentar.com\/index.php?rest_route=%2Fwp%2Fv2%2Fproduct_cat&post=3886"},{"taxonomy":"product_tag","embeddable":true,"href":"https:\/\/alatcentar.com\/index.php?rest_route=%2Fwp%2Fv2%2Fproduct_tag&post=3886"}],"curies":[{"name":"wp","href":"https:\/\/api.w.org\/{rel}","templated":true}]}}