{"id":3881,"date":"2026-03-10T07:22:04","date_gmt":"2026-03-10T06:22:04","guid":{"rendered":"https:\/\/alatcentar.com\/?post_type=product&#038;p=3881"},"modified":"2026-03-10T07:22:08","modified_gmt":"2026-03-10T06:22:08","slug":"set-klijesta-za-selne-novo","status":"publish","type":"product","link":"https:\/\/alatcentar.com\/?product=set-klijesta-za-selne-novo","title":{"rendered":"Set klije\u0161ta za \u0161elne NOVO"},"content":{"rendered":"<p>Set klije\u0161ta za \u0161elne<\/p>\n<p>Alat namijenjen za postavljanje i skidanje \u0161elni.<\/p>\n<p>Veoma kvalitetan i koristan alat.<\/p>\n<p>Alat pogodan za majstore, za vodoinstalatere i druga zanimanja.<\/p>\n<p>Cijena seta je 99,9 KM<\/p>\n<p>Dostava na adresu 10 KM<\/p>\n","protected":false},"excerpt":{"rendered":"<p>Set klije\u0161ta za \u0161elne<\/p>\n<p>Alat namijenjen za postavljanje i skidanje \u0161elni.<\/p>\n<p>Veoma kvalitetan i koristan alat.<\/p>\n<p>Alat pogodan za majstore, za vodoinstalatere i druga zanimanja.<\/p>\n<p>Cijena 99,9 KM<\/p>\n<p>Dostava 10 KM<\/p>\n","protected":false},"featured_media":3901,"comment_status":"open","ping_status":"closed","template":"","meta":[],"product_brand":[],"product_cat":[43,38,39],"product_tag":[],"class_list":{"0":"post-3881","1":"product","2":"type-product","3":"status-publish","4":"has-post-thumbnail","6":"product_cat-dijelovi-za-vozila","7":"product_cat-masine-i-alati","8":"product_cat-moj-dom","10":"first","11":"instock","12":"sale","13":"shipping-taxable","14":"purchasable","15":"product-type-simple"},"_links":{"self":[{"href":"https:\/\/alatcentar.com\/index.php?rest_route=\/wp\/v2\/product\/3881","targetHints":{"allow":["GET"]}}],"collection":[{"href":"https:\/\/alatcentar.com\/index.php?rest_route=\/wp\/v2\/product"}],"about":[{"href":"https:\/\/alatcentar.com\/index.php?rest_route=\/wp\/v2\/types\/product"}],"replies":[{"embeddable":true,"href":"https:\/\/alatcentar.com\/index.php?rest_route=%2Fwp%2Fv2%2Fcomments&post=3881"}],"wp:featuredmedia":[{"embeddable":true,"href":"https:\/\/alatcentar.com\/index.php?rest_route=\/wp\/v2\/media\/3901"}],"wp:attachment":[{"href":"https:\/\/alatcentar.com\/index.php?rest_route=%2Fwp%2Fv2%2Fmedia&parent=3881"}],"wp:term":[{"taxonomy":"product_brand","embeddable":true,"href":"https:\/\/alatcentar.com\/index.php?rest_route=%2Fwp%2Fv2%2Fproduct_brand&post=3881"},{"taxonomy":"product_cat","embeddable":true,"href":"https:\/\/alatcentar.com\/index.php?rest_route=%2Fwp%2Fv2%2Fproduct_cat&post=3881"},{"taxonomy":"product_tag","embeddable":true,"href":"https:\/\/alatcentar.com\/index.php?rest_route=%2Fwp%2Fv2%2Fproduct_tag&post=3881"}],"curies":[{"name":"wp","href":"https:\/\/api.w.org\/{rel}","templated":true}]}}