{"id":3768,"date":"2026-03-10T06:04:52","date_gmt":"2026-03-10T05:04:52","guid":{"rendered":"https:\/\/alatcentar.com\/?post_type=product&#038;p=3768"},"modified":"2026-03-10T06:05:39","modified_gmt":"2026-03-10T05:05:39","slug":"aku-pila-motorna-makita-6-2-lanca","status":"publish","type":"product","link":"https:\/\/alatcentar.com\/?product=aku-pila-motorna-makita-6-2-lanca","title":{"rendered":"Aku pila Motorna Makita 6\u201d 2 Lanca"},"content":{"rendered":"<p>&#8216;- Broj obrtaja: 0-400 r\/min i 0-1350 r\/min<\/p>\n<p>&#8211; Du\u017eina ma\u010da\/Vodilice 6 inch<\/p>\n<p>&#8211; Baterija: litijum-ionska Punjiva, 2 komada<\/p>\n<p>&#8211; 2x Baterija<\/p>\n<p>&#8211; Ma\u010d i lanac 6 inch<\/p>\n<p>&#8211; Te\u017eina: 900 gr.<\/p>\n<p>&#8211; PVC Kofer sa alatom<\/p>\n<p>&#8211; U setu dolazi: Aku pila Ma\u010d, Lanac, 2x Baterija, Punja\u010d i PVC Kofer sa alatom (Klju\u010d i \u0160arafciger)<\/p>\n<p>&nbsp;<\/p>\n","protected":false},"excerpt":{"rendered":"<p><!--more-->&#8211; Broj obrtaja: 0-400 r\/min i 0-1350 r\/min<\/p>\n<p>&#8211; Du\u017eina ma\u010da\/Vodilice 6 inch<\/p>\n<p>&#8211; Baterija: litijum-ionska Punjiva, 2 komada<\/p>\n<p>&#8211; 2x Baterija<\/p>\n<p>&#8211; Ma\u010d i lanac 6 inch<\/p>\n<p>&#8211; Te\u017eina: 900 gr.<\/p>\n<p>&#8211; PVC Kofer sa alatom<\/p>\n<p>&#8211; U setu dolazi: Aku pila Ma\u010d, Lanac, 2x Baterija, Rukavice, Nao\u010dalePunja\u010d i PVC Kofer sa alatom (Klju\u010d i \u0160arafciger)<\/p>\n<p>&nbsp;<\/p>\n<p>59,9 KM<br \/>\nDostava 10 KM<\/p>\n<p>&nbsp;<\/p>\n","protected":false},"featured_media":3797,"comment_status":"open","ping_status":"closed","template":"","meta":[],"product_brand":[],"product_cat":[15,41,38],"product_tag":[],"class_list":{"0":"post-3768","1":"product","2":"type-product","3":"status-publish","4":"has-post-thumbnail","6":"product_cat-nekategorisano","7":"product_cat-gradjevinarstvo","8":"product_cat-masine-i-alati","10":"first","11":"instock","12":"sale","13":"shipping-taxable","14":"purchasable","15":"product-type-simple"},"_links":{"self":[{"href":"https:\/\/alatcentar.com\/index.php?rest_route=\/wp\/v2\/product\/3768","targetHints":{"allow":["GET"]}}],"collection":[{"href":"https:\/\/alatcentar.com\/index.php?rest_route=\/wp\/v2\/product"}],"about":[{"href":"https:\/\/alatcentar.com\/index.php?rest_route=\/wp\/v2\/types\/product"}],"replies":[{"embeddable":true,"href":"https:\/\/alatcentar.com\/index.php?rest_route=%2Fwp%2Fv2%2Fcomments&post=3768"}],"wp:featuredmedia":[{"embeddable":true,"href":"https:\/\/alatcentar.com\/index.php?rest_route=\/wp\/v2\/media\/3797"}],"wp:attachment":[{"href":"https:\/\/alatcentar.com\/index.php?rest_route=%2Fwp%2Fv2%2Fmedia&parent=3768"}],"wp:term":[{"taxonomy":"product_brand","embeddable":true,"href":"https:\/\/alatcentar.com\/index.php?rest_route=%2Fwp%2Fv2%2Fproduct_brand&post=3768"},{"taxonomy":"product_cat","embeddable":true,"href":"https:\/\/alatcentar.com\/index.php?rest_route=%2Fwp%2Fv2%2Fproduct_cat&post=3768"},{"taxonomy":"product_tag","embeddable":true,"href":"https:\/\/alatcentar.com\/index.php?rest_route=%2Fwp%2Fv2%2Fproduct_tag&post=3768"}],"curies":[{"name":"wp","href":"https:\/\/api.w.org\/{rel}","templated":true}]}}