{"id":3767,"date":"2026-03-10T06:04:51","date_gmt":"2026-03-10T05:04:51","guid":{"rendered":"https:\/\/alatcentar.com\/?post_type=product&#038;p=3767"},"modified":"2026-03-10T06:05:35","modified_gmt":"2026-03-10T05:05:35","slug":"aluminijumske-visenamjenske-teleskopske-ljestve-38metara","status":"publish","type":"product","link":"https:\/\/alatcentar.com\/?product=aluminijumske-visenamjenske-teleskopske-ljestve-38metara","title":{"rendered":"ALUMINIJUMSKE VI\u0160ENAMJENSKE TELESKOPSKE LJESTVE 3,8Metara"},"content":{"rendered":"<p> ALUMINIJUMSKE VI\u0160ENAMJENSKE TELESKOPSKE LJESTVE \u2013 3.8 m<br \/>\n Stabilne, \u010dvrste i prakti\u010dne \u2013 idealne za ku\u0107ne, vrtne i profesionalne radove!<br \/>\nJedne ljestve za sve \u2013 lako se sklapaju, prenose i koriste na svakoj visini.<\/p>\n<p> Cijena: 229,9 \u00a0KM<br \/>\nDostava besplatna<\/p>\n<p>&#x2699;&#xfe0f; TEHNI\u010cKE SPECIFIKACIJE:<br \/>\n&#x2705; Materijal: visokokvalitetni aluminijum (lagan i izdr\u017eljiv)<br \/>\n&#x2705; Nosivost: do 150 kg<br \/>\n&#x2705; Broj stepenica: 12<br \/>\n&#x2705; Du\u017eina rasklopljene: 3.8 m<br \/>\n&#x2705; Dimenzije sklopljene: 49 \u00d7 16 \u00d7 82.5 cm<br \/>\n&#x2705; Te\u017eina: 12.5 kg<\/p>\n<p> DODATNE KARAKTERISTIKE:<br \/>\n&#x2714; Teleskopski mehanizam \u2013 brzo sklapanje i rasklapanje<br \/>\n&#x2714; Sigurnosna blokada u otvorenom polo\u017eaju<br \/>\n&#x2714; Protivklizni pragovi i gumene no\u017eice \u2013 maksimalna stabilnost<br \/>\n&#x2714; Ergonomi\u010dne ru\u010dke za jednostavan prenos<br \/>\n&#x2714; Mogu\u0107nost kori\u0161tenja kao ravne ljestve ili \u201cA\u201d oblik<\/p>\n<p>&#x2b50; PREDNOSTI:<br \/>\n&#x2714; Radna visina do 3.8 m \u2013 idealne za ku\u0107u, dvori\u0161te i profesionalne poslove<br \/>\n&#x2714; Kompaktne \u2013 staju u prtlja\u017enik automobila<br \/>\n&#x2714; Sigurne, \u010dvrste i otporne na koroziju<br \/>\n&#x2714; Vi\u0161enamjenska primjena: ku\u0107a, vrt, gra\u0111evina, dekoracije, servisni radovi<\/p>\n<p> U KOMPLETU:<br \/>\n&#x2714; Teleskopske ljestve 3.8 m<br \/>\n&#x2714; Sigurnosna traka za fiksiranje<br \/>\n&#x2714; Originalno pakovanje<\/p>\n<p> Za narud\u017ebu po\u0161aljite:<br \/>\n&#x2714; Ime i prezime<br \/>\n&#x2714; Adresu i grad<br \/>\n&#x2714; Broj telefona<\/p>\n<p> Brza dostava 24\/48h \u0161irom BiH<br \/>\n Pla\u0107anje po preuzimanju + pregled paketa prije pla\u0107anja<\/p>\n","protected":false},"excerpt":{"rendered":"<blockquote>\n<p> ALUMINIJUMSKE VI\u0160ENAMJENSKE TELESKOPSKE LJESTVE \u2013 3.8 m<br \/>\n Stabilne, \u010dvrste i prakti\u010dne \u2013 idealne za ku\u0107ne, vrtne i profesionalne radove!<br \/>\nJedne ljestve za sve \u2013 lako se sklapaju, prenose i koriste na svakoj visini.<\/p>\n<p> Cijena: 229,9 KM<\/p>\n<p>Dostava besplatna<\/p>\n<p>&#x2699;&#xfe0f; TEHNI\u010cKE SPECIFIKACIJE:<br \/>\n&#x2705; Materijal: visokokvalitetni aluminijum (lagan i izdr\u017eljiv)<br \/>\n&#x2705; Nosivost: do 150 kg<br \/>\n&#x2705; Broj stepenica: 12<br \/>\n&#x2705; Du\u017eina rasklopljene: 3.8 m<br \/>\n&#x2705; Dimenzije sklopljene: 49 \u00d7 16 \u00d7 82.5 cm<br \/>\n&#x2705; Te\u017eina: 12.5 kg<\/p>\n<p> DODATNE KARAKTERISTIKE:<br \/>\n&#x2714; Teleskopski mehanizam \u2013 brzo sklapanje i rasklapanje<br \/>\n&#x2714; Sigurnosna blokada u otvorenom polo\u017eaju<br \/>\n&#x2714; Protivklizni pragovi i gumene no\u017eice \u2013 maksimalna stabilnost<br \/>\n&#x2714; Ergonomi\u010dne ru\u010dke za jednostavan prenos<br \/>\n&#x2714; Mogu\u0107nost kori\u0161tenja kao ravne ljestve ili \u201cA\u201d oblik<\/p>\n<p>&#x2b50; PREDNOSTI:<br \/>\n&#x2714; Radna visina do 3.8 m \u2013 idealne za ku\u0107u, dvori\u0161te i profesionalne poslove<br \/>\n&#x2714; Kompaktne \u2013 staju u prtlja\u017enik automobila<br \/>\n&#x2714; Sigurne, \u010dvrste i otporne na koroziju<br \/>\n&#x2714; Vi\u0161enamjenska primjena: ku\u0107a, vrt, gra\u0111evina, dekoracije, servisni radovi<\/p>\n<p> U KOMPLETU:<br \/>\n&#x2714; Teleskopske ljestve 3.8 m<br \/>\n&#x2714; Sigurnosna traka za fiksiranje<br \/>\n&#x2714; Originalno pakovanje<\/p>\n<p> Za narud\u017ebu po\u0161aljite:<br \/>\n&#x2714; Ime i prezime<br \/>\n&#x2714; Adresu i grad<br \/>\n&#x2714; Broj telefona<\/p>\n<p> Brza dostava 24\/48h \u0161irom BiH<br \/>\n Pla\u0107anje po preuzimanju + pregled paketa prije pla\u0107anja<\/p>\n<\/blockquote>\n","protected":false},"featured_media":3790,"comment_status":"open","ping_status":"closed","template":"","meta":[],"product_brand":[],"product_cat":[41,38,39],"product_tag":[],"class_list":{"0":"post-3767","1":"product","2":"type-product","3":"status-publish","4":"has-post-thumbnail","6":"product_cat-gradjevinarstvo","7":"product_cat-masine-i-alati","8":"product_cat-moj-dom","10":"first","11":"outofstock","12":"sale","13":"shipping-taxable","14":"purchasable","15":"product-type-simple"},"_links":{"self":[{"href":"https:\/\/alatcentar.com\/index.php?rest_route=\/wp\/v2\/product\/3767","targetHints":{"allow":["GET"]}}],"collection":[{"href":"https:\/\/alatcentar.com\/index.php?rest_route=\/wp\/v2\/product"}],"about":[{"href":"https:\/\/alatcentar.com\/index.php?rest_route=\/wp\/v2\/types\/product"}],"replies":[{"embeddable":true,"href":"https:\/\/alatcentar.com\/index.php?rest_route=%2Fwp%2Fv2%2Fcomments&post=3767"}],"wp:featuredmedia":[{"embeddable":true,"href":"https:\/\/alatcentar.com\/index.php?rest_route=\/wp\/v2\/media\/3790"}],"wp:attachment":[{"href":"https:\/\/alatcentar.com\/index.php?rest_route=%2Fwp%2Fv2%2Fmedia&parent=3767"}],"wp:term":[{"taxonomy":"product_brand","embeddable":true,"href":"https:\/\/alatcentar.com\/index.php?rest_route=%2Fwp%2Fv2%2Fproduct_brand&post=3767"},{"taxonomy":"product_cat","embeddable":true,"href":"https:\/\/alatcentar.com\/index.php?rest_route=%2Fwp%2Fv2%2Fproduct_cat&post=3767"},{"taxonomy":"product_tag","embeddable":true,"href":"https:\/\/alatcentar.com\/index.php?rest_route=%2Fwp%2Fv2%2Fproduct_tag&post=3767"}],"curies":[{"name":"wp","href":"https:\/\/api.w.org\/{rel}","templated":true}]}}