{"id":3765,"date":"2026-03-10T06:04:51","date_gmt":"2026-03-10T05:04:51","guid":{"rendered":"https:\/\/alatcentar.com\/?post_type=product&#038;p=3765"},"modified":"2026-03-10T06:05:08","modified_gmt":"2026-03-10T05:05:08","slug":"portabilni-zvucnik-2400w-2-bezicna-mikrofona","status":"publish","type":"product","link":"https:\/\/alatcentar.com\/?product=portabilni-zvucnik-2400w-2-bezicna-mikrofona","title":{"rendered":"PORTABILNI ZVU\u010cNIK  2400W + 2 BE\u017dI\u010cNA MIKROFONA"},"content":{"rendered":"<p> PORTABILNI ZVU\u010cNIK 2400W + 2 BE\u017dI\u010cNA MIKROFONA<br \/>\n Mo\u0107an Bluetooth zvu\u010dni sistem sa 18\u201d wooferom, dinami\u010dnom LED rasvjetom i dva be\u017ei\u010dna mikrofona za karaoke, nastupe i zabave!<br \/>\nSavr\u0161en za ro\u0111endane, svadbe, okupljanja, teretane, barove i evente \u2013 glasno, \u010disto i dubok bass! <\/p>\n<p> Cijena 329,9 KM<br \/>\nDostava besplatna<\/p>\n<p>\u2699\ufe0f TEHNI\u010cKE SPECIFIKACIJE:<br \/>\n\u2705 Model: WGY-1801<br \/>\n\u2705 Snaga: 2400W PMPO \/ 60W RMS<br \/>\n\u2705 Woofer: 18\u201d (veliki bass zvu\u010dnik)<br \/>\n\u2705 Bluetooth verzija: 5.0 + EDR (A2DP)<br \/>\n\u2705 Domet: do 10 metara<br \/>\n\u2705 Baterija: 11.1V \/ 4500 mAh (do 3h rada)<br \/>\n\u2705 Povezivanje: USB \/ TF kartica \/ AUX \/ MIC ulaz<br \/>\n\u2705 LED svjetlosni efekti (party light)<br \/>\n\u2705 Digitalni displej + daljinski upravlja\u010d<br \/>\n\u2705 Podesiva ja\u010dina mikrofona, echo i bass\/tremble kontrole<br \/>\n\u2705 Teleskopska ru\u010dka i to\u010dki\u0107i \u2013 lako prenosiv<br \/>\n\u2705 Dimenzije: 50 \u00d7 43 \u00d7 71 cm<\/p>\n<p> GLAVNE PREDNOSTI:<br \/>\n\u2714\ufe0f Dva be\u017ei\u010dna mikrofona \u2013 karaoke, nastupi, javne najave<br \/>\n\u2714\ufe0f Sna\u017ean 18\u201d woofer \u2013 dubok, \u010dist i glasan bass<br \/>\n\u2714\ufe0f Bluetooth 5.0 \u2013 brzo spajanje s telefonom, laptopom ili TV-om<br \/>\n\u2714\ufe0f LED rasvjeta \u2013 mijenja boje u ritmu muzike<br \/>\n\u2714\ufe0f Punjenje 220V ili DC 13.5V \u2013 koristi se kod ku\u0107e ili u pokretu<br \/>\n\u2714\ufe0f Daljinski upravlja\u010d + ru\u010dne kontrole tona i mikrofona<br \/>\n\u2714\ufe0f Kompaktan dizajn s to\u010dki\u0107ima \u2013 jednostavan transport<\/p>\n<p> U KOMPLETU DOBIJATE:<br \/>\n\u2714\ufe0f Zvu\u010dnik (2400W) WGY-1801<br \/>\n\u2714\ufe0f 2x be\u017ei\u010dna mikrofona<br \/>\n\u2714\ufe0f Daljinski upravlja\u010d<br \/>\n\u2714\ufe0f Punja\u010d<br \/>\n\u2714\ufe0f Originalno pakovanje<\/p>\n<p> Savjet:<br \/>\nSavr\u0161en za ku\u0107ne zabave, svadbe, okupljanja, proslave i karaoke ve\u010deri!<br \/>\nPove\u017ei telefon putem Bluetooth-a, pusti omiljenu muziku i u\u017eivaj u mo\u0107nom zvuku i svjetlosnim efektima!<\/p>\n<p> Za narud\u017ebu po\u0161aljite:<br \/>\n\u2714\ufe0f Ime i prezime<br \/>\n\u2714\ufe0f Adresu i grad<br \/>\n\u2714\ufe0f Broj telefona<\/p>\n<p> Brza dostava 24\/48h \u0161irom BiH<br \/>\n Pla\u0107anje po preuzimanju + pregled paketa prije pla\u0107anja<\/p>\n","protected":false},"excerpt":{"rendered":"<p> PORTABILNI ZVU\u010cNIK 2400W + 2 BE\u017dI\u010cNA MIKROFONA<br \/>\n Mo\u0107an Bluetooth zvu\u010dni sistem sa 18\u201d wooferom, dinami\u010dnom LED rasvjetom i dva be\u017ei\u010dna mikrofona za karaoke, nastupe i zabave!<br \/>\nSavr\u0161en za ro\u0111endane, svadbe, okupljanja, teretane, barove i evente \u2013 glasno, \u010disto i dubok bass! <\/p>\n<p> Cijena: 329,9 KM<\/p>\n<p>\u2699\ufe0f TEHNI\u010cKE SPECIFIKACIJE:<br \/>\n\u2705 Model: WGY-1801<br \/>\n\u2705 Snaga: 2400W PMPO \/ 60W RMS<br \/>\n\u2705 Woofer: 18\u201d (veliki bass zvu\u010dnik)<br \/>\n\u2705 Bluetooth verzija: 5.0 + EDR (A2DP)<br \/>\n\u2705 Domet: do 10 metara<br \/>\n\u2705 Baterija: 11.1V \/ 4500 mAh (do 3h rada)<br \/>\n\u2705 Povezivanje: USB \/ TF kartica \/ AUX \/ MIC ulaz<br \/>\n\u2705 LED svjetlosni efekti (party light)<br \/>\n\u2705 Digitalni displej + daljinski upravlja\u010d<br \/>\n\u2705 Podesiva ja\u010dina mikrofona, echo i bass\/tremble kontrole<br \/>\n\u2705 Teleskopska ru\u010dka i to\u010dki\u0107i \u2013 lako prenosiv<br \/>\n\u2705 Dimenzije: 50 \u00d7 43 \u00d7 71 cm<\/p>\n<p> GLAVNE PREDNOSTI:<br \/>\n\u2714\ufe0f Dva be\u017ei\u010dna mikrofona \u2013 karaoke, nastupi, javne najave<br \/>\n\u2714\ufe0f Sna\u017ean 18\u201d woofer \u2013 dubok, \u010dist i glasan bass<br \/>\n\u2714\ufe0f Bluetooth 5.0 \u2013 brzo spajanje s telefonom, laptopom ili TV-om<br \/>\n\u2714\ufe0f LED rasvjeta \u2013 mijenja boje u ritmu muzike<br \/>\n\u2714\ufe0f Punjenje 220V ili DC 13.5V \u2013 koristi se kod ku\u0107e ili u pokretu<br \/>\n\u2714\ufe0f Daljinski upravlja\u010d + ru\u010dne kontrole tona i mikrofona<br \/>\n\u2714\ufe0f Kompaktan dizajn s to\u010dki\u0107ima \u2013 jednostavan transport<\/p>\n<p> U KOMPLETU DOBIJATE:<br \/>\n\u2714\ufe0f Zvu\u010dnik (2400W) WGY-1801<br \/>\n\u2714\ufe0f 2x be\u017ei\u010dna mikrofona<br \/>\n\u2714\ufe0f Daljinski upravlja\u010d<br \/>\n\u2714\ufe0f Punja\u010d<br \/>\n\u2714\ufe0f Originalno pakovanje<\/p>\n<p> Savjet:<br \/>\nSavr\u0161en za ku\u0107ne zabave, svadbe, okupljanja, proslave i karaoke ve\u010deri!<br \/>\nPove\u017ei telefon putem Bluetooth-a, pusti omiljenu muziku i u\u017eivaj u mo\u0107nom zvuku i svjetlosnim efektima!<\/p>\n<p> Za narud\u017ebu po\u0161aljite:<br \/>\n\u2714\ufe0f Ime i prezime<br \/>\n\u2714\ufe0f Adresu i grad<br \/>\n\u2714\ufe0f Broj telefona<\/p>\n<p> Brza dostava 24\/48h \u0161irom BiH<br \/>\n Pla\u0107anje po preuzimanju + pregled paketa prije pla\u0107anja<\/p>\n","protected":false},"featured_media":3785,"comment_status":"open","ping_status":"closed","template":"","meta":[],"product_brand":[],"product_cat":[15,44,39,40],"product_tag":[],"class_list":{"0":"post-3765","1":"product","2":"type-product","3":"status-publish","4":"has-post-thumbnail","6":"product_cat-nekategorisano","7":"product_cat-igre-i-igracke","8":"product_cat-moj-dom","9":"product_cat-tehnika","11":"first","12":"instock","13":"sale","14":"shipping-taxable","15":"purchasable","16":"product-type-simple"},"_links":{"self":[{"href":"https:\/\/alatcentar.com\/index.php?rest_route=\/wp\/v2\/product\/3765","targetHints":{"allow":["GET"]}}],"collection":[{"href":"https:\/\/alatcentar.com\/index.php?rest_route=\/wp\/v2\/product"}],"about":[{"href":"https:\/\/alatcentar.com\/index.php?rest_route=\/wp\/v2\/types\/product"}],"replies":[{"embeddable":true,"href":"https:\/\/alatcentar.com\/index.php?rest_route=%2Fwp%2Fv2%2Fcomments&post=3765"}],"wp:featuredmedia":[{"embeddable":true,"href":"https:\/\/alatcentar.com\/index.php?rest_route=\/wp\/v2\/media\/3785"}],"wp:attachment":[{"href":"https:\/\/alatcentar.com\/index.php?rest_route=%2Fwp%2Fv2%2Fmedia&parent=3765"}],"wp:term":[{"taxonomy":"product_brand","embeddable":true,"href":"https:\/\/alatcentar.com\/index.php?rest_route=%2Fwp%2Fv2%2Fproduct_brand&post=3765"},{"taxonomy":"product_cat","embeddable":true,"href":"https:\/\/alatcentar.com\/index.php?rest_route=%2Fwp%2Fv2%2Fproduct_cat&post=3765"},{"taxonomy":"product_tag","embeddable":true,"href":"https:\/\/alatcentar.com\/index.php?rest_route=%2Fwp%2Fv2%2Fproduct_tag&post=3765"}],"curies":[{"name":"wp","href":"https:\/\/api.w.org\/{rel}","templated":true}]}}