{"id":3727,"date":"2026-03-10T06:00:58","date_gmt":"2026-03-10T05:00:58","guid":{"rendered":"https:\/\/alatcentar.com\/?post_type=product&#038;p=3727"},"modified":"2026-03-10T06:03:17","modified_gmt":"2026-03-10T05:03:17","slug":"set-gedora-150-dijelova-moller","status":"publish","type":"product","link":"https:\/\/alatcentar.com\/?product=set-gedora-150-dijelova-moller","title":{"rendered":"Set gedora 150 dijelova MOLLER"},"content":{"rendered":"<p>&#x1f527; Set gedora Moller Chrome Vanadium \u2013 150 dijelova &#x1f527;<\/p>\n<p>Kvalitetan i pouzdan set alata izra\u0111en od hrom-vanadijum \u010delika &#x1f6e0;&#xfe0f;, otporan na habanje i koroziju. Sadr\u017ei 150 dijelova u metri\u010dkim i in\u010dnim veli\u010dinama, sa ra\u010dnama 1\/4\u201d, 3\/8\u201d i 1\/2\u201d, produ\u017eecima, nastavcima, imbus i torx klju\u010devima &#x1f529;.<\/p>\n<p>Idealan za profesionalce i ku\u0107ne majstore &#x1f468;&#x200d;&#x1f527;&#x1f3e0;. Dolazi u \u010dvrstom plasti\u010dnom koferu za lako no\u0161enje i uredno skladi\u0161tenje &#x1f4e6;.<\/p>\n","protected":false},"excerpt":{"rendered":"<p>&#x1f527; Set gedora Moller Chrome Vanadium \u2013 150 dijelova &#x1f527; Kvalitetan i pouzdan set alata izra\u0111en od hrom-vanadijum \u010delika &#x1f6e0;&#xfe0f;, otporan na habanje i koroziju. Sadr\u017ei 150 dijelova u metri\u010dkim i in\u010dnim veli\u010dinama, sa ra\u010dnama 1\/4\u201d, 3\/8\u201d i 1\/2\u201d, produ\u017eecima, nastavcima, imbus i torx klju\u010devima &#x1f529;. Idealan za profesionalce i ku\u0107ne majstore &#x1f468;&#x200d;&#x1f527;&#x1f3e0;. Dolazi u [&hellip;]<\/p>\n","protected":false},"featured_media":3763,"comment_status":"open","ping_status":"closed","template":"","meta":[],"product_brand":[],"product_cat":[15],"product_tag":[],"class_list":{"0":"post-3727","1":"product","2":"type-product","3":"status-publish","4":"has-post-thumbnail","6":"product_cat-nekategorisano","8":"first","9":"instock","10":"sale","11":"shipping-taxable","12":"purchasable","13":"product-type-simple"},"_links":{"self":[{"href":"https:\/\/alatcentar.com\/index.php?rest_route=\/wp\/v2\/product\/3727","targetHints":{"allow":["GET"]}}],"collection":[{"href":"https:\/\/alatcentar.com\/index.php?rest_route=\/wp\/v2\/product"}],"about":[{"href":"https:\/\/alatcentar.com\/index.php?rest_route=\/wp\/v2\/types\/product"}],"replies":[{"embeddable":true,"href":"https:\/\/alatcentar.com\/index.php?rest_route=%2Fwp%2Fv2%2Fcomments&post=3727"}],"wp:featuredmedia":[{"embeddable":true,"href":"https:\/\/alatcentar.com\/index.php?rest_route=\/wp\/v2\/media\/3763"}],"wp:attachment":[{"href":"https:\/\/alatcentar.com\/index.php?rest_route=%2Fwp%2Fv2%2Fmedia&parent=3727"}],"wp:term":[{"taxonomy":"product_brand","embeddable":true,"href":"https:\/\/alatcentar.com\/index.php?rest_route=%2Fwp%2Fv2%2Fproduct_brand&post=3727"},{"taxonomy":"product_cat","embeddable":true,"href":"https:\/\/alatcentar.com\/index.php?rest_route=%2Fwp%2Fv2%2Fproduct_cat&post=3727"},{"taxonomy":"product_tag","embeddable":true,"href":"https:\/\/alatcentar.com\/index.php?rest_route=%2Fwp%2Fv2%2Fproduct_tag&post=3727"}],"curies":[{"name":"wp","href":"https:\/\/api.w.org\/{rel}","templated":true}]}}