{"id":3725,"date":"2026-03-10T06:00:58","date_gmt":"2026-03-10T05:00:58","guid":{"rendered":"https:\/\/alatcentar.com\/?post_type=product&#038;p=3725"},"modified":"2026-03-10T06:03:13","modified_gmt":"2026-03-10T05:03:13","slug":"busac-rupa-demon-5-2ks","status":"publish","type":"product","link":"https:\/\/alatcentar.com\/?product=busac-rupa-demon-5-2ks","title":{"rendered":"Bu\u0161a\u010d rupa DEMON 5.2ks"},"content":{"rendered":"<p>&#x1f525;&#x1f525;TOP AKCIJSKA CIJENA &#8211; 249,90 KM&#x1f525;&#x1f525;<br \/>\n&#x2699;&#xfe0f;Bu\u0161a\u010d za rupe DEMON 5.2 KS<br \/>\n&#x1f4a5; Sa svrdlima: \u00d8 10, 15 i 20 cm.<\/p>\n<p>&#x27a1;&#xfe0f; Karakteristike:<br \/>\n&#x2714; Snaga: 5.2 KS &#8211; 65 CC<br \/>\n&#x2714; Te\u017eina: 8 kg<br \/>\n&#x2714; Brzina pu\u017ea: 200-230 o\/min<br \/>\n&#x2714; Brzina u praznom hodu: 2800 o\/min<br \/>\n&#x2714; Sklopka na brzini: 3900 o\/min<br \/>\n&#x2714; Maksimalna brzina motora: 7000 o\/min<br \/>\n&#x2714; Start mode Boom<br \/>\n&#x2714; Hla\u0111enje hladnim vazduhom<br \/>\n&#x2714; Rezervoar zapremine: 1 L.<br \/>\n&#x1f535;Artikal mo\u017eete naru\u010diti tako \u0161to \u0107ete navesti:<br \/>\n&#x23e9;Ime i prezime.<br \/>\n&#x23e9;Adresu.<br \/>\n&#x23e9;Po\u0161tanski broj.<br \/>\n&#x23e9;Mjesto stanovanja.<br \/>\n&#x23e9;Broj telefona.<\/p>\n","protected":false},"excerpt":{"rendered":"<p>&#x1f525;&#x1f525;TOP AKCIJSKA CIJENA &#8211; 249,90 KM&#x1f525;&#x1f525;<br \/>\n&#x2699;&#xfe0f;Bu\u0161a\u010d za rupe DEMON 5.2 KS<br \/>\n&#x1f4a5; Sa svrdlima: \u00d8 10, 15 i 20 cm.<\/p>\n<p>&#x27a1;&#xfe0f; Karakteristike:<br \/>\n&#x2714; Snaga: 5.2 KS &#8211; 65 CC<br \/>\n&#x2714; Te\u017eina: 8 kg<br \/>\n&#x2714; Brzina pu\u017ea: 200-230 o\/min<br \/>\n&#x2714; Brzina u praznom hodu: 2800 o\/min<br \/>\n&#x2714; Sklopka na brzini: 3900 o\/min<br \/>\n&#x2714; Maksimalna brzina motora: 7000 o\/min<br \/>\n&#x2714; Start mode Boom<br \/>\n&#x2714; Hla\u0111enje hladnim vazduhom<br \/>\n&#x2714; Rezervoar zapremine: 1 L.<br \/>\n&#x1f535;Artikal mo\u017eete naru\u010diti tako \u0161to \u0107ete navesti:<br \/>\n&#x23e9;Ime i prezime.<br \/>\n&#x23e9;Adresu.<br \/>\n&#x23e9;Po\u0161tanski broj.<br \/>\n&#x23e9;Mjesto stanovanja.<br \/>\n&#x23e9;Broj telefona.<\/p>\n","protected":false},"featured_media":3761,"comment_status":"open","ping_status":"closed","template":"","meta":[],"product_brand":[],"product_cat":[15],"product_tag":[],"class_list":{"0":"post-3725","1":"product","2":"type-product","3":"status-publish","4":"has-post-thumbnail","6":"product_cat-nekategorisano","8":"first","9":"instock","10":"sale","11":"shipping-taxable","12":"purchasable","13":"product-type-simple"},"_links":{"self":[{"href":"https:\/\/alatcentar.com\/index.php?rest_route=\/wp\/v2\/product\/3725","targetHints":{"allow":["GET"]}}],"collection":[{"href":"https:\/\/alatcentar.com\/index.php?rest_route=\/wp\/v2\/product"}],"about":[{"href":"https:\/\/alatcentar.com\/index.php?rest_route=\/wp\/v2\/types\/product"}],"replies":[{"embeddable":true,"href":"https:\/\/alatcentar.com\/index.php?rest_route=%2Fwp%2Fv2%2Fcomments&post=3725"}],"wp:featuredmedia":[{"embeddable":true,"href":"https:\/\/alatcentar.com\/index.php?rest_route=\/wp\/v2\/media\/3761"}],"wp:attachment":[{"href":"https:\/\/alatcentar.com\/index.php?rest_route=%2Fwp%2Fv2%2Fmedia&parent=3725"}],"wp:term":[{"taxonomy":"product_brand","embeddable":true,"href":"https:\/\/alatcentar.com\/index.php?rest_route=%2Fwp%2Fv2%2Fproduct_brand&post=3725"},{"taxonomy":"product_cat","embeddable":true,"href":"https:\/\/alatcentar.com\/index.php?rest_route=%2Fwp%2Fv2%2Fproduct_cat&post=3725"},{"taxonomy":"product_tag","embeddable":true,"href":"https:\/\/alatcentar.com\/index.php?rest_route=%2Fwp%2Fv2%2Fproduct_tag&post=3725"}],"curies":[{"name":"wp","href":"https:\/\/api.w.org\/{rel}","templated":true}]}}