{"id":3724,"date":"2026-03-10T06:00:58","date_gmt":"2026-03-10T05:00:58","guid":{"rendered":"https:\/\/alatcentar.com\/?post_type=product&#038;p=3724"},"modified":"2026-03-10T06:03:11","modified_gmt":"2026-03-10T05:03:11","slug":"aku-udarna-busilica-milwaukee-sds-i-sds-plus2-baterije","status":"publish","type":"product","link":"https:\/\/alatcentar.com\/?product=aku-udarna-busilica-milwaukee-sds-i-sds-plus2-baterije","title":{"rendered":"Aku udarna bu\u0161ilica Milwaukee SDS i SDS Plus2 baterije"},"content":{"rendered":"<p>Aku Bu\u0161ilica (Milwaukee) udarna\/\u010deki\u0107 \u0161temalica M18 (HC 5.0)<br \/>\n&#8211; Miwaukee Aku Udarna-\u010ceki\u0107 Bu\u0161ilica<br \/>\n&#8211; Dvije baterije 5.0Ah xc<br \/>\n&#8211; Prihvat SDS i SDS Plus<br \/>\n&#8211; Milwaukee punjac (+ 200W trafo za struju 220V)<br \/>\n&#8211; Milwaukee FUEL KOFER<\/p>\n","protected":false},"excerpt":{"rendered":"<p>Aku Bu\u0161ilica (Milwaukee) udarna\/\u010deki\u0107 \u0161temalica M18 (HC 5.0)<br \/>\n&#8211; Miwaukee Aku Udarna-\u010ceki\u0107 Bu\u0161ilica<br \/>\n&#8211; Dvije baterije 5.0Ah xc<br \/>\n&#8211; Prihvat SDS i SDS Plus<br \/>\n&#8211; Milwaukee punjac (+ 200W trafo za struju 220V)<br \/>\n&#8211; Milwaukee FUEL KOFER<\/p>\n","protected":false},"featured_media":3759,"comment_status":"open","ping_status":"closed","template":"","meta":[],"product_brand":[],"product_cat":[38,39,40],"product_tag":[],"class_list":{"0":"post-3724","1":"product","2":"type-product","3":"status-publish","4":"has-post-thumbnail","6":"product_cat-masine-i-alati","7":"product_cat-moj-dom","8":"product_cat-tehnika","10":"first","11":"instock","12":"sale","13":"shipping-taxable","14":"purchasable","15":"product-type-simple"},"_links":{"self":[{"href":"https:\/\/alatcentar.com\/index.php?rest_route=\/wp\/v2\/product\/3724","targetHints":{"allow":["GET"]}}],"collection":[{"href":"https:\/\/alatcentar.com\/index.php?rest_route=\/wp\/v2\/product"}],"about":[{"href":"https:\/\/alatcentar.com\/index.php?rest_route=\/wp\/v2\/types\/product"}],"replies":[{"embeddable":true,"href":"https:\/\/alatcentar.com\/index.php?rest_route=%2Fwp%2Fv2%2Fcomments&post=3724"}],"wp:featuredmedia":[{"embeddable":true,"href":"https:\/\/alatcentar.com\/index.php?rest_route=\/wp\/v2\/media\/3759"}],"wp:attachment":[{"href":"https:\/\/alatcentar.com\/index.php?rest_route=%2Fwp%2Fv2%2Fmedia&parent=3724"}],"wp:term":[{"taxonomy":"product_brand","embeddable":true,"href":"https:\/\/alatcentar.com\/index.php?rest_route=%2Fwp%2Fv2%2Fproduct_brand&post=3724"},{"taxonomy":"product_cat","embeddable":true,"href":"https:\/\/alatcentar.com\/index.php?rest_route=%2Fwp%2Fv2%2Fproduct_cat&post=3724"},{"taxonomy":"product_tag","embeddable":true,"href":"https:\/\/alatcentar.com\/index.php?rest_route=%2Fwp%2Fv2%2Fproduct_tag&post=3724"}],"curies":[{"name":"wp","href":"https:\/\/api.w.org\/{rel}","templated":true}]}}