{"id":3722,"date":"2026-03-10T06:00:57","date_gmt":"2026-03-10T05:00:57","guid":{"rendered":"https:\/\/alatcentar.com\/?post_type=product&#038;p=3722"},"modified":"2026-03-10T06:02:56","modified_gmt":"2026-03-10T05:02:56","slug":"univerzalne-auto-kopce-za-snijeg-6-komada","status":"publish","type":"product","link":"https:\/\/alatcentar.com\/?product=univerzalne-auto-kopce-za-snijeg-6-komada","title":{"rendered":"Univerzalne auto kop\u010de za snijeg 6 komada"},"content":{"rendered":"<p style=\"text-align: left\">&#x2705;Zajam\u010dena kvaliteta. Vrhunski lancI za snijeg koji se lako i brzo postavljaju, imaju sigurnosne pocin\u010dane \u010deli\u010dne kop\u010de koje garantiraju udobnu i sigurnu vo\u017enju u zimskim uvjetima \u2013 po snijegu, ledu i blatu!<\/p>\n<p style=\"text-align: left\"><strong>74,9 KM<\/strong><\/p>\n<p style=\"text-align: left\">&#x2705;Ograni\u010denje brzine: &#x26d4;40 km \/ h&#x26d4;<br \/>\n&#x2705;Podesivi na sve gume do \u0161irine &#x270f;215 mm&#x270f;<br \/>\n&#x2705; Lanci su dizajnirani tako da ih s lako\u0107om mo\u017eete montirati u svega 5 minuta \u2013 bez obzira jeste li iskusni u tome ili to radite prvi put. Pristaju na sve vrste vozila i gume do \u0161irine 215 i zato su to najbolji lanci za snijeg na tr\u017ei\u0161tu koji vam omogu\u0107uju udobnu i sigurnu vo\u017enju u zimskim uvjetima.<br \/>\n&#x25fe;Na\u010din postavljanja?<br \/>\n&#x1f537;Nakon \u0161to se provuku lancci kroz rupe na felgama, pri\u010dvr\u0161\u0107ivanje \u0107e biti dovr\u0161eno u trenu. Provuce se traka i zatvori sigurnosna kop\u010da. Nakon toga, provuce se traka u suprotnom smjeru kako se sigurnosna kop\u010da ne bi mogla otkop\u010dati. Posljednji korak je da se oka\u010di elasti\u010dni sigurnosni pojas za male kuke koje dolaze u setu, tako da je sustav jo\u0161 \u010dvr\u0161\u0107i i u potpunosti pri\u010dvr\u0161\u0107en na profil gume<\/p>\n","protected":false},"excerpt":{"rendered":"<p>&nbsp;<\/p>\n<p style=\"text-align: center\">\n","protected":false},"featured_media":3755,"comment_status":"open","ping_status":"closed","template":"","meta":[],"product_brand":[],"product_cat":[43,39],"product_tag":[],"class_list":{"0":"post-3722","1":"product","2":"type-product","3":"status-publish","4":"has-post-thumbnail","6":"product_cat-dijelovi-za-vozila","7":"product_cat-moj-dom","9":"first","10":"instock","11":"sale","12":"shipping-taxable","13":"purchasable","14":"product-type-simple"},"_links":{"self":[{"href":"https:\/\/alatcentar.com\/index.php?rest_route=\/wp\/v2\/product\/3722","targetHints":{"allow":["GET"]}}],"collection":[{"href":"https:\/\/alatcentar.com\/index.php?rest_route=\/wp\/v2\/product"}],"about":[{"href":"https:\/\/alatcentar.com\/index.php?rest_route=\/wp\/v2\/types\/product"}],"replies":[{"embeddable":true,"href":"https:\/\/alatcentar.com\/index.php?rest_route=%2Fwp%2Fv2%2Fcomments&post=3722"}],"wp:featuredmedia":[{"embeddable":true,"href":"https:\/\/alatcentar.com\/index.php?rest_route=\/wp\/v2\/media\/3755"}],"wp:attachment":[{"href":"https:\/\/alatcentar.com\/index.php?rest_route=%2Fwp%2Fv2%2Fmedia&parent=3722"}],"wp:term":[{"taxonomy":"product_brand","embeddable":true,"href":"https:\/\/alatcentar.com\/index.php?rest_route=%2Fwp%2Fv2%2Fproduct_brand&post=3722"},{"taxonomy":"product_cat","embeddable":true,"href":"https:\/\/alatcentar.com\/index.php?rest_route=%2Fwp%2Fv2%2Fproduct_cat&post=3722"},{"taxonomy":"product_tag","embeddable":true,"href":"https:\/\/alatcentar.com\/index.php?rest_route=%2Fwp%2Fv2%2Fproduct_tag&post=3722"}],"curies":[{"name":"wp","href":"https:\/\/api.w.org\/{rel}","templated":true}]}}