{"id":3720,"date":"2026-03-10T06:00:57","date_gmt":"2026-03-10T05:00:57","guid":{"rendered":"https:\/\/alatcentar.com\/?post_type=product&#038;p=3720"},"modified":"2026-03-10T06:02:41","modified_gmt":"2026-03-10T05:02:41","slug":"instant-cesma-delimano-3kw-usadni-i-zidni-model","status":"publish","type":"product","link":"https:\/\/alatcentar.com\/?product=instant-cesma-delimano-3kw-usadni-i-zidni-model","title":{"rendered":"Instant \u010desma Delimano 3kw usadni i zidni model"},"content":{"rendered":"<p style=\"text-align: center;\"><strong>DELIMANO instant \u010desma usadna sa grija\u010dem 2u1<br \/>\nVa\u0161 grija\u010d za vodu ne radi? Trebate toplu vodu u va\u0161oj vikendici ili u gara\u017ei ali nemate provedene instalacije? Instant \u010desma za brzo zagrijavanje vode \u0107e u nekoliko trenutaka zagrijati vodu u neograni\u010denim koli\u010dinama. Nakon toga imate toplu vodu koju mo\u017eete koristiti konstantno.<br \/>\nJednostavno i pametno rje\u0161enje za prostore bez sistema zagrijavanja!<br \/>\nInstant grija\u010d za vodu \u0161tedi vrijeme, energiju i vodu, bez potrebe za centralnim grijanjem. Sve \u0161to vam treba je klasi\u010dni priklju\u010dak na vodovod i uti\u010dnica.<br \/>\nSa instant grija\u010dem za vodu, va\u0161a voda je uvijek svje\u017ea i okrepljuju\u0107a, idealna za pripremu \u010daja, kafe ili supe.<br \/>\nNeograni\u010dene zalihe tople vode do 60\u00b0C.<br \/>\n\u010cesma za brzo zagrijavanje vode mo\u017ee zagrijati vodu do 60\u00b0C jednostavnim pritiskom na ru\u010dku. Crveno svjetlo ozna\u010dava kada je grija\u010d spreman za kori\u0161tenje tople vode.Ukoliko trebate hladnu vodu, jednostavno pomjerite ru\u010dku nazad.Jednostavno i prakti\u010dno za upotrebu.<br \/>\n<\/strong><\/p>\n","protected":false},"excerpt":{"rendered":"<p>DELIMANO instant \u010desma usadna sa grija\u010dem 2u1 Va\u0161 grija\u010d za vodu ne radi? Trebate toplu vodu u va\u0161oj vikendici ili u gara\u017ei ali nemate provedene instalacije? Instant \u010desma za brzo zagrijavanje vode \u0107e u nekoliko trenutaka zagrijati vodu u neograni\u010denim koli\u010dinama. Nakon toga imate toplu vodu koju mo\u017eete koristiti konstantno. Jednostavno i pametno rje\u0161enje za [&hellip;]<\/p>\n","protected":false},"featured_media":3750,"comment_status":"open","ping_status":"closed","template":"","meta":[],"product_brand":[],"product_cat":[38,39,40],"product_tag":[],"class_list":{"0":"post-3720","1":"product","2":"type-product","3":"status-publish","4":"has-post-thumbnail","6":"product_cat-masine-i-alati","7":"product_cat-moj-dom","8":"product_cat-tehnika","10":"first","11":"instock","12":"sale","13":"shipping-taxable","14":"purchasable","15":"product-type-simple"},"_links":{"self":[{"href":"https:\/\/alatcentar.com\/index.php?rest_route=\/wp\/v2\/product\/3720","targetHints":{"allow":["GET"]}}],"collection":[{"href":"https:\/\/alatcentar.com\/index.php?rest_route=\/wp\/v2\/product"}],"about":[{"href":"https:\/\/alatcentar.com\/index.php?rest_route=\/wp\/v2\/types\/product"}],"replies":[{"embeddable":true,"href":"https:\/\/alatcentar.com\/index.php?rest_route=%2Fwp%2Fv2%2Fcomments&post=3720"}],"wp:featuredmedia":[{"embeddable":true,"href":"https:\/\/alatcentar.com\/index.php?rest_route=\/wp\/v2\/media\/3750"}],"wp:attachment":[{"href":"https:\/\/alatcentar.com\/index.php?rest_route=%2Fwp%2Fv2%2Fmedia&parent=3720"}],"wp:term":[{"taxonomy":"product_brand","embeddable":true,"href":"https:\/\/alatcentar.com\/index.php?rest_route=%2Fwp%2Fv2%2Fproduct_brand&post=3720"},{"taxonomy":"product_cat","embeddable":true,"href":"https:\/\/alatcentar.com\/index.php?rest_route=%2Fwp%2Fv2%2Fproduct_cat&post=3720"},{"taxonomy":"product_tag","embeddable":true,"href":"https:\/\/alatcentar.com\/index.php?rest_route=%2Fwp%2Fv2%2Fproduct_tag&post=3720"}],"curies":[{"name":"wp","href":"https:\/\/api.w.org\/{rel}","templated":true}]}}