{"id":3716,"date":"2026-03-10T06:00:57","date_gmt":"2026-03-10T05:00:57","guid":{"rendered":"https:\/\/alatcentar.com\/?post_type=product&#038;p=3716"},"modified":"2026-03-10T06:01:44","modified_gmt":"2026-03-10T05:01:44","slug":"masina-za-meso-aluminijska-velicina-32-rucna-ili-elektromotor","status":"publish","type":"product","link":"https:\/\/alatcentar.com\/?product=masina-za-meso-aluminijska-velicina-32-rucna-ili-elektromotor","title":{"rendered":"Ma\u0161ina za meso aluminijska veli\u010dina 32 (ru\u010dna ili elektromotor)"},"content":{"rendered":"<p>&#x1f52a; Aluminijska ma\u0161ina za meso \u2013 veli\u010dina 32<\/p>\n<p>&#x2705; Cijena: 89,90 KM | Dostava: 10 KM<\/p>\n<p>Ru\u010dna ili na elektromotor \u2013 savr\u0161ena za doma\u0107instva, mesare i restorane. Trajna, stabilna i profesionalne izrade.<\/p>\n<p>&#x1f4a1; Glavne prednosti:<\/p>\n<p>\u2022 Remenica za spajanje na elektromotor i ru\u010dka za ru\u010dno okretanje<\/p>\n<p>\u2022 Dva le\u017eaja (na ulazu i izlazu) za lak\u0161i rad, manje optere\u0107enja i du\u017ei vijek trajanja<\/p>\n<p>\u2022 Izra\u0111ena od aluminijuma sa finom zavr\u0161nom obradom \u2013 jednostavno odr\u017eavanje i pranje<\/p>\n<p>\u2022 U kompletu sve \u0161to je potrebno: no\u017e, re\u0161etka 8 mm, remenica i \u0161rafovi za u\u010dvr\u0161\u0107ivanje<\/p>\n<p>&#x1f4aa; Za\u0161to odabrati ovu ma\u0161inu:<\/p>\n<p>\u0160tedi vrijeme i trud, omogu\u0107ava efikasan rad sa mesom, a izdr\u017eljiva konstrukcija garantuje dugotrajnost i sigurnost pri radu.<\/p>\n","protected":false},"excerpt":{"rendered":"<p>&#x1f52a; Aluminijska ma\u0161ina za meso \u2013 veli\u010dina 32 &#x2705; Cijena: 89,90 KM | Dostava: 10 KM Ru\u010dna ili na elektromotor \u2013 savr\u0161ena za doma\u0107instva, mesare i restorane. Trajna, stabilna i profesionalne izrade. &#x1f4a1; Glavne prednosti: \u2022 Remenica za spajanje na elektromotor i ru\u010dka za ru\u010dno okretanje \u2022 Dva le\u017eaja (na ulazu i izlazu) za lak\u0161i [&hellip;]<\/p>\n","protected":false},"featured_media":3739,"comment_status":"open","ping_status":"closed","template":"","meta":[],"product_brand":[],"product_cat":[15],"product_tag":[],"class_list":{"0":"post-3716","1":"product","2":"type-product","3":"status-publish","4":"has-post-thumbnail","6":"product_cat-nekategorisano","8":"first","9":"instock","10":"sale","11":"shipping-taxable","12":"purchasable","13":"product-type-simple"},"_links":{"self":[{"href":"https:\/\/alatcentar.com\/index.php?rest_route=\/wp\/v2\/product\/3716","targetHints":{"allow":["GET"]}}],"collection":[{"href":"https:\/\/alatcentar.com\/index.php?rest_route=\/wp\/v2\/product"}],"about":[{"href":"https:\/\/alatcentar.com\/index.php?rest_route=\/wp\/v2\/types\/product"}],"replies":[{"embeddable":true,"href":"https:\/\/alatcentar.com\/index.php?rest_route=%2Fwp%2Fv2%2Fcomments&post=3716"}],"wp:featuredmedia":[{"embeddable":true,"href":"https:\/\/alatcentar.com\/index.php?rest_route=\/wp\/v2\/media\/3739"}],"wp:attachment":[{"href":"https:\/\/alatcentar.com\/index.php?rest_route=%2Fwp%2Fv2%2Fmedia&parent=3716"}],"wp:term":[{"taxonomy":"product_brand","embeddable":true,"href":"https:\/\/alatcentar.com\/index.php?rest_route=%2Fwp%2Fv2%2Fproduct_brand&post=3716"},{"taxonomy":"product_cat","embeddable":true,"href":"https:\/\/alatcentar.com\/index.php?rest_route=%2Fwp%2Fv2%2Fproduct_cat&post=3716"},{"taxonomy":"product_tag","embeddable":true,"href":"https:\/\/alatcentar.com\/index.php?rest_route=%2Fwp%2Fv2%2Fproduct_tag&post=3716"}],"curies":[{"name":"wp","href":"https:\/\/api.w.org\/{rel}","templated":true}]}}