{"id":3714,"date":"2026-03-10T06:00:57","date_gmt":"2026-03-10T05:00:57","guid":{"rendered":"https:\/\/alatcentar.com\/?post_type=product&#038;p=3714"},"modified":"2026-03-10T06:01:39","modified_gmt":"2026-03-10T05:01:39","slug":"pumpa-za-pretakanje-goriva-i-drugih-tecnosti-12v","status":"publish","type":"product","link":"https:\/\/alatcentar.com\/?product=pumpa-za-pretakanje-goriva-i-drugih-tecnosti-12v","title":{"rendered":"Pumpa za pretakanje goriva i drugih te\u010dnosti 12V"},"content":{"rendered":"<p>&#x1f525;&#x1f525;TOP AKCIJSKA CIJENA &#8211; 89,90 KM&#x1f525;&#x1f525;<br \/>\n&#x1f6e2;Profesionalna pumpa za pretakanje te\u010dnosti 12 V (gorivo, voda, rakija)..<br \/>\n&#x1f69a;Tro\u0161kovi dostave: 10 KM, paket mo\u017eete pregledati prilikom preuzimanja.<br \/>\n&#x1f4ca;Tehni\u010dke karakteristike:<br \/>\n&#x2705;Izlaz i ulaz u pumpu: na 1 col.<br \/>\n&#x2705;Snaga: 260 W.<br \/>\n&#x2705;Materijal izrade: metal.<br \/>\n&#x2705;Sa dubine od 3 metara mo\u017ee da izvla\u010di te\u010dnost.<br \/>\n&#x2705;U daljinu \/ visinu do 6 m da baca.<br \/>\n&#x2705;Broj obrtaja u minuti prazan hod: 4500.<br \/>\n&#x2705;Broj obrtaja u minuti radni hod: 4200.<br \/>\n&#x2705;Uz pumpu dolazi: manja usisna korpa za spre\u010davanje prohoda krupnih \u010destica , \u0161elne za crijeva i traka za vodu.<br \/>\n&#x1f534;100% na\u0161a garancija na ispravnost i kvalitet isporu\u010dene robe kupcima.<br \/>\n&#x1f534;Svi ure\u0111aji iz na\u0161e ponude su novi i testirani na ispravnost prilikom nabavke.<br \/>\n&#x1f535;Artikal mo\u017eete naru\u010diti tako \u0161to \u0107ete navesti:<br \/>\n&#x23e9;Ime i prezime.<br \/>\n&#x23e9;Adresu.<br \/>\n&#x23e9;Po\u0161tanski broj.<br \/>\n&#x23e9;Mjesto stanovanja.<br \/>\n&#x23e9;Broj telefona.<\/p>\n","protected":false},"excerpt":{"rendered":"<p>&#x1f525;&#x1f525;TOP AKCIJSKA CIJENA &#8211; 89,90 KM&#x1f525;&#x1f525; &#x1f6e2;Profesionalna pumpa za pretakanje te\u010dnosti 12 V (gorivo, voda, rakija).. &#x1f69a;Tro\u0161kovi dostave: 10 KM, paket mo\u017eete pregledati prilikom preuzimanja. &#x1f4ca;Tehni\u010dke karakteristike: &#x2705;Izlaz i ulaz u pumpu: na 1 col. &#x2705;Snaga: 260 W. &#x2705;Materijal izrade: metal. &#x2705;Sa dubine od 3 metara mo\u017ee da izvla\u010di te\u010dnost. &#x2705;U daljinu \/ visinu do [&hellip;]<\/p>\n","protected":false},"featured_media":3736,"comment_status":"open","ping_status":"closed","template":"","meta":[],"product_brand":[],"product_cat":[15],"product_tag":[],"class_list":{"0":"post-3714","1":"product","2":"type-product","3":"status-publish","4":"has-post-thumbnail","6":"product_cat-nekategorisano","8":"first","9":"instock","10":"sale","11":"shipping-taxable","12":"purchasable","13":"product-type-simple"},"_links":{"self":[{"href":"https:\/\/alatcentar.com\/index.php?rest_route=\/wp\/v2\/product\/3714","targetHints":{"allow":["GET"]}}],"collection":[{"href":"https:\/\/alatcentar.com\/index.php?rest_route=\/wp\/v2\/product"}],"about":[{"href":"https:\/\/alatcentar.com\/index.php?rest_route=\/wp\/v2\/types\/product"}],"replies":[{"embeddable":true,"href":"https:\/\/alatcentar.com\/index.php?rest_route=%2Fwp%2Fv2%2Fcomments&post=3714"}],"wp:featuredmedia":[{"embeddable":true,"href":"https:\/\/alatcentar.com\/index.php?rest_route=\/wp\/v2\/media\/3736"}],"wp:attachment":[{"href":"https:\/\/alatcentar.com\/index.php?rest_route=%2Fwp%2Fv2%2Fmedia&parent=3714"}],"wp:term":[{"taxonomy":"product_brand","embeddable":true,"href":"https:\/\/alatcentar.com\/index.php?rest_route=%2Fwp%2Fv2%2Fproduct_brand&post=3714"},{"taxonomy":"product_cat","embeddable":true,"href":"https:\/\/alatcentar.com\/index.php?rest_route=%2Fwp%2Fv2%2Fproduct_cat&post=3714"},{"taxonomy":"product_tag","embeddable":true,"href":"https:\/\/alatcentar.com\/index.php?rest_route=%2Fwp%2Fv2%2Fproduct_tag&post=3714"}],"curies":[{"name":"wp","href":"https:\/\/api.w.org\/{rel}","templated":true}]}}