{"id":3709,"date":"2026-03-10T06:00:57","date_gmt":"2026-03-10T05:00:57","guid":{"rendered":"https:\/\/alatcentar.com\/?post_type=product&#038;p=3709"},"modified":"2026-03-10T06:01:03","modified_gmt":"2026-03-10T05:01:03","slug":"milwaukee-set-2u1-brusilica-i-busilica-sa-2-baterije","status":"publish","type":"product","link":"https:\/\/alatcentar.com\/?product=milwaukee-set-2u1-brusilica-i-busilica-sa-2-baterije","title":{"rendered":"Milwaukee set 2u1 brusilica i bu\u0161ilica sa 2 baterije"},"content":{"rendered":"<p>&#x2b50;&#xfe0f;AKCIJA GODINE&#x2b50;&#xfe0f; RASPRODAJA&#x2b50;&#xfe0f;<\/p>\n<p>&#x1f525;MILWAUKEE SET Aku bu\u0161ilica i Aku brusilica<br \/>\n&#x1f525;Akcijska cijena 159,9 KM<br \/>\n&#x1f69b;Dostava BESPLATNA<\/p>\n<p>&#x1f1ea;&#x1f1fa;Proizvedeno za EU tr\u017ei\u0161te&#x1f1ea;&#x1f1fa;<\/p>\n<p>&#x2714;&#xfe0f;1\/2 prihvat Motor bez cetkica (brushless)<br \/>\n&#x2714;&#xfe0f;Led svjetlo<\/p>\n<p>&#x2705;&#xfe0f;Paket uklju\u010duje:<br \/>\n&#x1f6d1;AKU BU\u0160ILICA<br \/>\n&#x1f6d1;AKU BRUSILICA<br \/>\n&#x1f6d1;2x baterije 5.0Ah xc<br \/>\n&#x1f6d1;1x Milwaukee\u00a0 BRZI punja\u010d<br \/>\n&#x1f6d1;Milwaukee FUEL KOFER<\/p>\n<p>&#x2705;&#xfe0f;Nova generacija M18&#x2122; FUEL&#x2122; alata sadr\u017ei vrhunske performanse u manjem pakiranju. Kompaktniji i sna\u017eniji, novi alati su savr\u0161eni za rad u sku\u010denim prostorima i idealni za rad na visini zbog smanjene veli\u010dine i te\u017eine i boljeg balansa. Nova generacija M18&#x2122; FUEL&#x2122; alata sadr\u017ei vrhunske performanse u manjem pakiranju. Kompaktniji i sna\u017eniji, novi alati su savr\u0161eni za rad u sku\u010denim prostorima i idealni za rad na visini zbog smanjene veli\u010dine i te\u017eine i boljeg balansa.<\/p>\n","protected":false},"excerpt":{"rendered":"<p>&#x2b50;&#xfe0f;AKCIJA GODINE&#x2b50;&#xfe0f; RASPRODAJA&#x2b50;&#xfe0f;<\/p>\n<p>&#x1f525;MILWAUKEE SET Aku bu\u0161ilica i Aku brusilica<br \/>\n&#x1f525;Akcijska cijena 159,90 KM<br \/>\n&#x1f69b;Dostava BESPLATNA<\/p>\n<p>&#x1f1ea;&#x1f1fa;Proizvedeno za EU tr\u017ei\u0161te&#x1f1ea;&#x1f1fa;<\/p>\n<p>&#x2714;&#xfe0f;1\/2 prihvat Motor bez cetkica (brushless)<br \/>\n&#x2714;&#xfe0f;Led svjetlo<\/p>\n<p>&#x2705;&#xfe0f;Paket uklju\u010duje:<br \/>\n&#x1f6d1;AKU BU\u0160ILICA<br \/>\n&#x1f6d1;AKU BRUSILICA<br \/>\n&#x1f6d1;2x baterije 5.0Ah xc<br \/>\n&#x1f6d1;1x Milwaukee\u00a0 BRZI punja\u010d<br \/>\n&#x1f6d1;Milwaukee FUEL KOFER<\/p>\n<p>&#x2705;&#xfe0f;Nova generacija M18&#x2122; FUEL&#x2122; alata sadr\u017ei vrhunske performanse u manjem pakiranju. Kompaktniji i sna\u017eniji, novi alati su savr\u0161eni za rad u sku\u010denim prostorima i idealni za rad na visini zbog smanjene veli\u010dine i te\u017eine i boljeg balansa. Nova generacija M18&#x2122; FUEL&#x2122; alata sadr\u017ei vrhunske performanse u manjem pakiranju. Kompaktniji i sna\u017eniji, novi alati su savr\u0161eni za rad u sku\u010denim prostorima i idealni za rad na visini zbog smanjene veli\u010dine i te\u017eine i boljeg balansa.<\/p>\n","protected":false},"featured_media":3729,"comment_status":"open","ping_status":"closed","template":"","meta":[],"product_brand":[],"product_cat":[41,38],"product_tag":[],"class_list":{"0":"post-3709","1":"product","2":"type-product","3":"status-publish","4":"has-post-thumbnail","6":"product_cat-gradjevinarstvo","7":"product_cat-masine-i-alati","9":"first","10":"instock","11":"sale","12":"shipping-taxable","13":"purchasable","14":"product-type-simple"},"_links":{"self":[{"href":"https:\/\/alatcentar.com\/index.php?rest_route=\/wp\/v2\/product\/3709","targetHints":{"allow":["GET"]}}],"collection":[{"href":"https:\/\/alatcentar.com\/index.php?rest_route=\/wp\/v2\/product"}],"about":[{"href":"https:\/\/alatcentar.com\/index.php?rest_route=\/wp\/v2\/types\/product"}],"replies":[{"embeddable":true,"href":"https:\/\/alatcentar.com\/index.php?rest_route=%2Fwp%2Fv2%2Fcomments&post=3709"}],"wp:featuredmedia":[{"embeddable":true,"href":"https:\/\/alatcentar.com\/index.php?rest_route=\/wp\/v2\/media\/3729"}],"wp:attachment":[{"href":"https:\/\/alatcentar.com\/index.php?rest_route=%2Fwp%2Fv2%2Fmedia&parent=3709"}],"wp:term":[{"taxonomy":"product_brand","embeddable":true,"href":"https:\/\/alatcentar.com\/index.php?rest_route=%2Fwp%2Fv2%2Fproduct_brand&post=3709"},{"taxonomy":"product_cat","embeddable":true,"href":"https:\/\/alatcentar.com\/index.php?rest_route=%2Fwp%2Fv2%2Fproduct_cat&post=3709"},{"taxonomy":"product_tag","embeddable":true,"href":"https:\/\/alatcentar.com\/index.php?rest_route=%2Fwp%2Fv2%2Fproduct_tag&post=3709"}],"curies":[{"name":"wp","href":"https:\/\/api.w.org\/{rel}","templated":true}]}}