{"id":3675,"date":"2026-03-10T05:58:34","date_gmt":"2026-03-10T04:58:34","guid":{"rendered":"https:\/\/alatcentar.com\/?post_type=product&#038;p=3675"},"modified":"2026-03-10T05:59:59","modified_gmt":"2026-03-10T04:59:59","slug":"pikamer-razbijac-za-beton-2500w-elektricni","status":"publish","type":"product","link":"https:\/\/alatcentar.com\/?product=pikamer-razbijac-za-beton-2500w-elektricni","title":{"rendered":"Pikamer\/razbija\u010d za beton 2500W elektri\u010dni"},"content":{"rendered":"<p>&#x1f528; Elektri\u010dni pikamer \/ razbija\u010d betona<\/p>\n<p>Sna\u017ean i pouzdan elektri\u010dni pikamer namijenjen za te\u0161ke gra\u0111evinske radove i profesionalnu upotrebu. Idealan za razbijanje betona, zidova, plo\u010da, asfalta, kao i za adaptacije i renoviranja.<\/p>\n<p>Pikamer posjeduje jak motor 2500 W koji pru\u017ea veliku udarnu snagu i omogu\u0107ava efikasan rad i na najtvr\u0111im materijalima. Ergonomska ru\u010dka i dodatni prihvat omogu\u0107avaju sigurnije i lak\u0161e rukovanje, \u010dak i pri du\u017eem radu.<\/p>\n<p>&#x2699;&#xfe0f; Karakteristike:<br \/>\n\u2022 Sna\u017ean motor 2500 W<br \/>\n\u2022 Velika udarna energija za brzo i efikasno razbijanje<br \/>\n\u2022 Namijenjen za beton, kamen, zidove i asfalt<br \/>\n\u2022 Robusna i \u010dvrsta konstrukcija<br \/>\n\u2022 Stabilan i pouzdan rad<br \/>\n\u2022 Jednostavno rukovanje<\/p>\n<p>&#x1f4aa; Idealan izbor za majstore, gra\u0111evinske radove i ozbiljne ku\u0107ne projekte.<\/p>\n<p>&#x1f4b0; Cijena: 319,9 KM<\/p>\n","protected":false},"excerpt":{"rendered":"<p>&#x1f528; Elektri\u010dni pikamer \/ razbija\u010d betona<\/p>\n<p>Sna\u017ean i pouzdan elektri\u010dni pikamer namijenjen za te\u0161ke gra\u0111evinske radove i profesionalnu upotrebu. Idealan za razbijanje betona, zidova, plo\u010da, asfalta, kao i za adaptacije i renoviranja.<\/p>\n<p>Pikamer posjeduje jak motor 2500 W koji pru\u017ea veliku udarnu snagu i omogu\u0107ava efikasan rad i na najtvr\u0111im materijalima. Ergonomska ru\u010dka i dodatni prihvat omogu\u0107avaju sigurnije i lak\u0161e rukovanje, \u010dak i pri du\u017eem radu.<\/p>\n<p>&#x2699;&#xfe0f; Karakteristike:<br \/>\n\u2022 Sna\u017ean motor 2500 W<br \/>\n\u2022 Velika udarna energija za brzo i efikasno razbijanje<br \/>\n\u2022 Namijenjen za beton, kamen, zidove i asfalt<br \/>\n\u2022 Robusna i \u010dvrsta konstrukcija<br \/>\n\u2022 Stabilan i pouzdan rad<br \/>\n\u2022 Jednostavno rukovanje<\/p>\n<p>&#x1f4aa; Idealan izbor za majstore, gra\u0111evinske radove i ozbiljne ku\u0107ne projekte.<\/p>\n<p>&#x1f4b0; Cijena: 319,9 KM<\/p>\n","protected":false},"featured_media":3702,"comment_status":"open","ping_status":"closed","template":"","meta":[],"product_brand":[],"product_cat":[15],"product_tag":[],"class_list":{"0":"post-3675","1":"product","2":"type-product","3":"status-publish","4":"has-post-thumbnail","6":"product_cat-nekategorisano","8":"first","9":"instock","10":"shipping-taxable","11":"product-type-simple"},"_links":{"self":[{"href":"https:\/\/alatcentar.com\/index.php?rest_route=\/wp\/v2\/product\/3675","targetHints":{"allow":["GET"]}}],"collection":[{"href":"https:\/\/alatcentar.com\/index.php?rest_route=\/wp\/v2\/product"}],"about":[{"href":"https:\/\/alatcentar.com\/index.php?rest_route=\/wp\/v2\/types\/product"}],"replies":[{"embeddable":true,"href":"https:\/\/alatcentar.com\/index.php?rest_route=%2Fwp%2Fv2%2Fcomments&post=3675"}],"wp:featuredmedia":[{"embeddable":true,"href":"https:\/\/alatcentar.com\/index.php?rest_route=\/wp\/v2\/media\/3702"}],"wp:attachment":[{"href":"https:\/\/alatcentar.com\/index.php?rest_route=%2Fwp%2Fv2%2Fmedia&parent=3675"}],"wp:term":[{"taxonomy":"product_brand","embeddable":true,"href":"https:\/\/alatcentar.com\/index.php?rest_route=%2Fwp%2Fv2%2Fproduct_brand&post=3675"},{"taxonomy":"product_cat","embeddable":true,"href":"https:\/\/alatcentar.com\/index.php?rest_route=%2Fwp%2Fv2%2Fproduct_cat&post=3675"},{"taxonomy":"product_tag","embeddable":true,"href":"https:\/\/alatcentar.com\/index.php?rest_route=%2Fwp%2Fv2%2Fproduct_tag&post=3675"}],"curies":[{"name":"wp","href":"https:\/\/api.w.org\/{rel}","templated":true}]}}