{"id":3670,"date":"2026-03-10T05:58:34","date_gmt":"2026-03-10T04:58:34","guid":{"rendered":"https:\/\/alatcentar.com\/?post_type=product&#038;p=3670"},"modified":"2026-03-10T05:59:33","modified_gmt":"2026-03-10T04:59:33","slug":"aku-makaze-za-orezivanje-voca-milwaukee","status":"publish","type":"product","link":"https:\/\/alatcentar.com\/?product=aku-makaze-za-orezivanje-voca-milwaukee","title":{"rendered":"Aku makaze za orezivanje vo\u0107a MILWAUKEE"},"content":{"rendered":"<p>&#x1f50b; AKU MAKAZE MILWAUKEE \u2013 OREZIVANJE I \u0160I\u0160ANJE VO\u0106A (ODGOVARAJU NA TELESKOP)<\/p>\n<p>&#x1f4de; Tel\/Viber: 064-433-8523<\/p>\n<p>Profesionalne aku makaze renomiranog proizvo\u0111a\u010da Milwaukee, idealne za vo\u0107arstvo, vinogradarstvo i odr\u017eavanje zelenila. Sna\u017ene, precizne i lagane \u2013 veliki pomo\u0107nik u svakodnevnom radu.<\/p>\n<p>&#x2705; Specifikacije i oprema:<\/p>\n<ul>\n<li>Aku makaze Milwaukee<\/li>\n<li>2\u00d7 litijum-ionske baterije 128V \/ 2.0Ah<\/li>\n<li>Punja\u010d<\/li>\n<li>Kofer sa alatom<\/li>\n<li>U setu dolazi:\n<ul>\n<li>Aku makaze<\/li>\n<li>2\u00d7 baterije<\/li>\n<li>Punja\u010d<\/li>\n<li>Alat (klju\u010d, inbus klju\u010d, ulje, kamen za o\u0161trenje)<\/li>\n<\/ul>\n<\/li>\n<li><\/li>\n<li>Te\u017eina: cca 0,9 kg<\/li>\n<\/ul>\n<p>&#x1f4b0; Cijena: 89,90 KM<\/p>\n<p>&#x1f69a; Dostava: Brzom po\u0161tom \u0161irom BiH<\/p>\n<p>&#x1f449; Spremne za rad odmah po va\u0111enju iz kutije!<\/p>\n","protected":false},"excerpt":{"rendered":"<p>&#x1f50b; AKU MAKAZE MILWAUKEE \u2013 OREZIVANJE I \u0160I\u0160ANJE VO\u0106A (ODGOVARAJU NA TELESKOP) &#x1f4de; Tel\/Viber: 064-433-8523 Profesionalne aku makaze renomiranog proizvo\u0111a\u010da Milwaukee, idealne za vo\u0107arstvo, vinogradarstvo i odr\u017eavanje zelenila. Sna\u017ene, precizne i lagane \u2013 veliki pomo\u0107nik u svakodnevnom radu. &#x2705; Specifikacije i oprema: Aku makaze Milwaukee 2\u00d7 litijum-ionske baterije 128V \/ 2.0Ah Punja\u010d Kofer sa alatom [&hellip;]<\/p>\n","protected":false},"featured_media":3693,"comment_status":"open","ping_status":"closed","template":"","meta":[],"product_brand":[],"product_cat":[15],"product_tag":[],"class_list":{"0":"post-3670","1":"product","2":"type-product","3":"status-publish","4":"has-post-thumbnail","6":"product_cat-nekategorisano","8":"first","9":"instock","10":"sale","11":"shipping-taxable","12":"purchasable","13":"product-type-simple"},"_links":{"self":[{"href":"https:\/\/alatcentar.com\/index.php?rest_route=\/wp\/v2\/product\/3670","targetHints":{"allow":["GET"]}}],"collection":[{"href":"https:\/\/alatcentar.com\/index.php?rest_route=\/wp\/v2\/product"}],"about":[{"href":"https:\/\/alatcentar.com\/index.php?rest_route=\/wp\/v2\/types\/product"}],"replies":[{"embeddable":true,"href":"https:\/\/alatcentar.com\/index.php?rest_route=%2Fwp%2Fv2%2Fcomments&post=3670"}],"wp:featuredmedia":[{"embeddable":true,"href":"https:\/\/alatcentar.com\/index.php?rest_route=\/wp\/v2\/media\/3693"}],"wp:attachment":[{"href":"https:\/\/alatcentar.com\/index.php?rest_route=%2Fwp%2Fv2%2Fmedia&parent=3670"}],"wp:term":[{"taxonomy":"product_brand","embeddable":true,"href":"https:\/\/alatcentar.com\/index.php?rest_route=%2Fwp%2Fv2%2Fproduct_brand&post=3670"},{"taxonomy":"product_cat","embeddable":true,"href":"https:\/\/alatcentar.com\/index.php?rest_route=%2Fwp%2Fv2%2Fproduct_cat&post=3670"},{"taxonomy":"product_tag","embeddable":true,"href":"https:\/\/alatcentar.com\/index.php?rest_route=%2Fwp%2Fv2%2Fproduct_tag&post=3670"}],"curies":[{"name":"wp","href":"https:\/\/api.w.org\/{rel}","templated":true}]}}