{"id":3661,"date":"2026-03-10T05:58:33","date_gmt":"2026-03-10T04:58:33","guid":{"rendered":"https:\/\/alatcentar.com\/?post_type=product&#038;p=3661"},"modified":"2026-03-10T05:58:48","modified_gmt":"2026-03-10T04:58:48","slug":"ljestve-aluminijumske-dvodijelne-25m25m-5m-do-150kg-nosivost","status":"publish","type":"product","link":"https:\/\/alatcentar.com\/?product=ljestve-aluminijumske-dvodijelne-25m25m-5m-do-150kg-nosivost","title":{"rendered":"Ljestve aluminijumske dvodijelne 2,5m+2,5m 5m do 150kg nosivost"},"content":{"rendered":"<p>&#8216;-5M ALUMINIJSKE teleskopske ljestve<\/p>\n<p>Razvijen za profesionalce, ovaj izvrsni model ima prili\u010dno krutu konstrukciju, lagani aluminijski okvir nije te\u0161ko nositi, a zahvaljuju\u0107i jedinstvenom dizajnu mo\u017ee se lako preklopiti i minimizirati. Navedena svojstva mogu koristiti ne samo profesionalci, ve\u0107 \u010dak i vi u radionici, kod ku\u0107e ili u vrtu. Veli\u010dina odlagali\u0161ta ljestvica &#8211; zahvaljuju\u0107i svojoj posebnoj sklopivoj strukturi &#8211; vrlo je mala, \u0161to zasigurno mo\u017ee biti rje\u0161enje za one kojima nedostaje prostora u radionici ili kod ku\u0107e, ili za one koji svakodnevno koriste proizvod i gdje se prevoze je svakodnevni problem. Svi konstrukcijski elementi izra\u0111eni su prema ergonomskim na\u010delima i poma\u017eu jednostavni i laki za upotrebu. Vrlo popularne, lagane, sklopive aluminijske teleskopske ljestve koje se u trenu mogu pretvoriti u stepenice.<\/p>\n<p>Opis&nbsp;:<\/p>\n<p>&#8211; Duljina sklopljenih ljestava: 1 m<\/p>\n<p>&#8211; Maksimalna duljina pri pomicanju: 5 m<\/p>\n<p>&#8211; Visina stepeni\u0161ta 2,5 m<\/p>\n<p>&#8211; Podesiva duljina Ljestve se mogu podesiti na bilo koju visinu pomicanjem ljestvi uzdu\u017eno i uz pomo\u0107 sigurnosne brave &#8211; Mogu se pretvoriti u stepenice<\/p>\n<p>&#8211; Aluminijski profili &#8211; \u010dvrsti i izdr\u017eljivi<\/p>\n<p>&#8211; Veli\u010dina paketa 101x53x23 cm<\/p>\n<p>&#8211; Te\u017eina 21 kg<\/p>\n<p>&#8211; Nosivost do 150 kg<\/p>\n<p>&#8211; Vrlo popularne, lagane, sklopive teleskopske aluminijske ljestve!<\/p>\n<p>&#8211; Jednostavan transport i skladi\u0161tenje! Kvalitetne teleskopske ljestve&nbsp;<\/p>\n","protected":false},"excerpt":{"rendered":"<p>&#8216;-5M ALUMINIJSKE teleskopske ljestve Razvijen za profesionalce, ovaj izvrsni model ima prili\u010dno krutu konstrukciju, lagani aluminijski okvir nije te\u0161ko nositi, a zahvaljuju\u0107i jedinstvenom dizajnu mo\u017ee se lako preklopiti i minimizirati. Navedena svojstva mogu koristiti ne samo profesionalci, ve\u0107 \u010dak i vi u radionici, kod ku\u0107e ili u vrtu. Veli\u010dina odlagali\u0161ta ljestvica &#8211; zahvaljuju\u0107i svojoj posebnoj [&hellip;]<\/p>\n","protected":false},"featured_media":3681,"comment_status":"open","ping_status":"closed","template":"","meta":[],"product_brand":[],"product_cat":[15],"product_tag":[],"class_list":{"0":"post-3661","1":"product","2":"type-product","3":"status-publish","4":"has-post-thumbnail","6":"product_cat-nekategorisano","8":"first","9":"instock","10":"sale","11":"shipping-taxable","12":"purchasable","13":"product-type-simple"},"_links":{"self":[{"href":"https:\/\/alatcentar.com\/index.php?rest_route=\/wp\/v2\/product\/3661","targetHints":{"allow":["GET"]}}],"collection":[{"href":"https:\/\/alatcentar.com\/index.php?rest_route=\/wp\/v2\/product"}],"about":[{"href":"https:\/\/alatcentar.com\/index.php?rest_route=\/wp\/v2\/types\/product"}],"replies":[{"embeddable":true,"href":"https:\/\/alatcentar.com\/index.php?rest_route=%2Fwp%2Fv2%2Fcomments&post=3661"}],"wp:featuredmedia":[{"embeddable":true,"href":"https:\/\/alatcentar.com\/index.php?rest_route=\/wp\/v2\/media\/3681"}],"wp:attachment":[{"href":"https:\/\/alatcentar.com\/index.php?rest_route=%2Fwp%2Fv2%2Fmedia&parent=3661"}],"wp:term":[{"taxonomy":"product_brand","embeddable":true,"href":"https:\/\/alatcentar.com\/index.php?rest_route=%2Fwp%2Fv2%2Fproduct_brand&post=3661"},{"taxonomy":"product_cat","embeddable":true,"href":"https:\/\/alatcentar.com\/index.php?rest_route=%2Fwp%2Fv2%2Fproduct_cat&post=3661"},{"taxonomy":"product_tag","embeddable":true,"href":"https:\/\/alatcentar.com\/index.php?rest_route=%2Fwp%2Fv2%2Fproduct_tag&post=3661"}],"curies":[{"name":"wp","href":"https:\/\/api.w.org\/{rel}","templated":true}]}}