{"id":3660,"date":"2026-03-10T05:58:33","date_gmt":"2026-03-10T04:58:33","guid":{"rendered":"https:\/\/alatcentar.com\/?post_type=product&#038;p=3660"},"modified":"2026-03-10T05:58:45","modified_gmt":"2026-03-10T04:58:45","slug":"meirend-mr-1212v-profesionalni-bluetooth-party-zvucnik-2x12","status":"publish","type":"product","link":"https:\/\/alatcentar.com\/?product=meirend-mr-1212v-profesionalni-bluetooth-party-zvucnik-2x12","title":{"rendered":"MEIREND MR-1212V Profesionalni Bluetooth Party Zvu\u010dnik (2&#215;12\u201d)"},"content":{"rendered":"<p>&#x1f50a; Meirende MR-1212V \u2013 Profesionalni Bluetooth party zvu\u010dnik (2\u00d712\u201d)<\/p>\n<p>Cijena 449,9 KM<\/p>\n<p>Kvalitetan party i karaoke zvu\u010dnik srednje-velikog gabarita, idealan za proslave, ro\u0111endane, vikendice, ku\u0107ne zabave i manje ugostiteljske objekte. Opremljen sa 2\u00d712\u201d woofera koji pru\u017eaju sna\u017ean bas i dobru glasno\u0107u, uz atraktivno LED kru\u017eno osvjetljenje.<\/p>\n<p>Zvu\u010dnik ima Bluetooth povezivanje, ugra\u0111enu punjivu bateriju za rad bez struje i karaoke funkciju. U kompletu dolaze 2 be\u017ei\u010dna mikrofona, daljinski upravlja\u010d i kablovi. Podr\u017eava USB, AUX, FM radio i druge standardne audio ulaze. Ru\u010dka i to\u010dki\u0107i omogu\u0107avaju lak transport.<\/p>\n","protected":false},"excerpt":{"rendered":"<p style=\"text-align: right;\">&#x1f50a; Meirende MR-1212V \u2013 Bluetooth party zvu\u010dnik (2\u00d712\u201d)<\/p>\n<p>&#x1f4b0; Cijena: 449,90 KM<\/p>\n<p>Party\/karaoke zvu\u010dnik srednje veli\u010dine \u2013 sna\u017ean bas, dobra glasno\u0107a i LED efekti.<\/p>\n<p>&#x2705; 2\u00d712\u201d woofer<\/p>\n<p>&#x1f50b; Punjiva baterija<\/p>\n<p>&#x1f4f6; Bluetooth<\/p>\n<p>&#x1f3a4; 2 be\u017ei\u010dna mikrofona<\/p>\n<p>&#x1f39b;&#xfe0f; Karaoke funkcija<\/p>\n<p>&#x1f4bd; USB \/ AUX \/ FM<\/p>\n<p>&#x2728; LED kru\u017eno osvjetljenje<\/p>\n<p>&#x1f9f3; To\u010dki\u0107i + ru\u010dka za lak transport<\/p>\n","protected":false},"featured_media":3680,"comment_status":"open","ping_status":"closed","template":"","meta":[],"product_brand":[],"product_cat":[15],"product_tag":[],"class_list":{"0":"post-3660","1":"product","2":"type-product","3":"status-publish","4":"has-post-thumbnail","6":"product_cat-nekategorisano","8":"first","9":"instock","10":"sale","11":"shipping-taxable","12":"purchasable","13":"product-type-simple"},"_links":{"self":[{"href":"https:\/\/alatcentar.com\/index.php?rest_route=\/wp\/v2\/product\/3660","targetHints":{"allow":["GET"]}}],"collection":[{"href":"https:\/\/alatcentar.com\/index.php?rest_route=\/wp\/v2\/product"}],"about":[{"href":"https:\/\/alatcentar.com\/index.php?rest_route=\/wp\/v2\/types\/product"}],"replies":[{"embeddable":true,"href":"https:\/\/alatcentar.com\/index.php?rest_route=%2Fwp%2Fv2%2Fcomments&post=3660"}],"wp:featuredmedia":[{"embeddable":true,"href":"https:\/\/alatcentar.com\/index.php?rest_route=\/wp\/v2\/media\/3680"}],"wp:attachment":[{"href":"https:\/\/alatcentar.com\/index.php?rest_route=%2Fwp%2Fv2%2Fmedia&parent=3660"}],"wp:term":[{"taxonomy":"product_brand","embeddable":true,"href":"https:\/\/alatcentar.com\/index.php?rest_route=%2Fwp%2Fv2%2Fproduct_brand&post=3660"},{"taxonomy":"product_cat","embeddable":true,"href":"https:\/\/alatcentar.com\/index.php?rest_route=%2Fwp%2Fv2%2Fproduct_cat&post=3660"},{"taxonomy":"product_tag","embeddable":true,"href":"https:\/\/alatcentar.com\/index.php?rest_route=%2Fwp%2Fv2%2Fproduct_tag&post=3660"}],"curies":[{"name":"wp","href":"https:\/\/api.w.org\/{rel}","templated":true}]}}