{"id":3658,"date":"2026-03-10T05:58:33","date_gmt":"2026-03-10T04:58:33","guid":{"rendered":"https:\/\/alatcentar.com\/?post_type=product&#038;p=3658"},"modified":"2026-03-10T05:58:38","modified_gmt":"2026-03-10T04:58:38","slug":"bluetooth-zvucnik-gy-1520-super-loud-2x15","status":"publish","type":"product","link":"https:\/\/alatcentar.com\/?product=bluetooth-zvucnik-gy-1520-super-loud-2x15","title":{"rendered":"Bluetooth zvu\u010dnik GY-1520 SUPER LOUD (2&#215;15\u201d)"},"content":{"rendered":"<p>&#x1f50a; Bluetooth zvu\u010dnik GY-1520 \u2013 SUPER LOUD (2\u00d715\u201d)<\/p>\n<p>Mo\u0107an party \/ karaoke zvu\u010dnik namijenjen za proslave, svadbe, ro\u0111endane, vikendice, lokale i sve koji \u017eele jak, \u010dist i dubok zvuk.<\/p>\n<p>Cijena: 479,9 KM<\/p>\n<p>&#x2705; Glavne karakteristike:<br \/>\n\u2022 &#x1f508; 2 \u00d7 15\u201d woofer \u2013 sna\u017ean bas i visok nivo glasno\u0107e<br \/>\n\u2022 &#x1f50b; Ugra\u0111ena punjiva baterija \u2013 rad bez struje<br \/>\n\u2022 &#x1f4f6; Bluetooth (wireless) povezivanje<br \/>\n\u2022 &#x1f3a4; Karaoke funkcija \u2013 dolaze 2 be\u017ei\u010dna mikrofona<br \/>\n\u2022 &#x1f39b;&#xfe0f; Kontrola bass\/treble\/echo<br \/>\n\u2022 &#x1f4bd; USB \/ SD \/ AUX \/ FM radio<br \/>\n\u2022 &#x2728; LED osvjetljenje oko zvu\u010dnika<br \/>\n\u2022 &#x1f50a; \u010cist i glasan zvuk \u2013 pogodan i za ve\u0107e prostore<\/p>\n<p>&#x1f4e6; Zvu\u010dnik je velikog gabarita, robustne izrade i ostavlja jak vizuelni i zvu\u010dni utisak.<\/p>\n","protected":false},"excerpt":{"rendered":"<p>&#x1f50a; Bluetooth zvu\u010dnik GY-1520 \u2013 SUPER LOUD (2\u00d715\u201d)<\/p>\n<p>Mo\u0107an party\/karaoke zvu\u010dnik za proslave i ve\u0107e prostore \u2013 jak bas i glasan, \u010dist zvuk.<\/p>\n<p>&#x1f4b0; Cijena: 479,90 KM<\/p>\n<p>&#x2705; 2\u00d715\u201d woofer<\/p>\n<p>&#x1f50b; Punjiva baterija<\/p>\n<p>&#x1f4f6; Bluetooth<\/p>\n<p>&#x1f3a4; 2 be\u017ei\u010dna mikrofona (karaoke)<\/p>\n<p>&#x1f39b;&#xfe0f; Bass\/Treble\/Echo<\/p>\n<p>&#x1f4bd; USB \/ SD \/ AUX \/ FM<\/p>\n<p>&#x2728; LED osvjetljenje<\/p>\n","protected":false},"featured_media":3678,"comment_status":"open","ping_status":"closed","template":"","meta":[],"product_brand":[],"product_cat":[15],"product_tag":[],"class_list":{"0":"post-3658","1":"product","2":"type-product","3":"status-publish","4":"has-post-thumbnail","6":"product_cat-nekategorisano","8":"first","9":"instock","10":"sale","11":"shipping-taxable","12":"purchasable","13":"product-type-simple"},"_links":{"self":[{"href":"https:\/\/alatcentar.com\/index.php?rest_route=\/wp\/v2\/product\/3658","targetHints":{"allow":["GET"]}}],"collection":[{"href":"https:\/\/alatcentar.com\/index.php?rest_route=\/wp\/v2\/product"}],"about":[{"href":"https:\/\/alatcentar.com\/index.php?rest_route=\/wp\/v2\/types\/product"}],"replies":[{"embeddable":true,"href":"https:\/\/alatcentar.com\/index.php?rest_route=%2Fwp%2Fv2%2Fcomments&post=3658"}],"wp:featuredmedia":[{"embeddable":true,"href":"https:\/\/alatcentar.com\/index.php?rest_route=\/wp\/v2\/media\/3678"}],"wp:attachment":[{"href":"https:\/\/alatcentar.com\/index.php?rest_route=%2Fwp%2Fv2%2Fmedia&parent=3658"}],"wp:term":[{"taxonomy":"product_brand","embeddable":true,"href":"https:\/\/alatcentar.com\/index.php?rest_route=%2Fwp%2Fv2%2Fproduct_brand&post=3658"},{"taxonomy":"product_cat","embeddable":true,"href":"https:\/\/alatcentar.com\/index.php?rest_route=%2Fwp%2Fv2%2Fproduct_cat&post=3658"},{"taxonomy":"product_tag","embeddable":true,"href":"https:\/\/alatcentar.com\/index.php?rest_route=%2Fwp%2Fv2%2Fproduct_tag&post=3658"}],"curies":[{"name":"wp","href":"https:\/\/api.w.org\/{rel}","templated":true}]}}