{"id":3656,"date":"2026-03-10T05:57:33","date_gmt":"2026-03-10T04:57:33","guid":{"rendered":"https:\/\/alatcentar.com\/?post_type=product&#038;p=3656"},"modified":"2026-03-10T05:57:33","modified_gmt":"2026-03-10T04:57:33","slug":"muljara-baltika-3850w-bez-plovka","status":"publish","type":"product","link":"https:\/\/alatcentar.com\/?product=muljara-baltika-3850w-bez-plovka","title":{"rendered":"Muljara BALTIKA 3850W bez plovka"},"content":{"rendered":"<p>Muljna pumpa \u2013 Ruska Baltika 3850W (bez plovka)<\/p>\n<p>Sna\u017ena i pouzdana muljna pumpa Baltika 3850W namijenjena za ispumpavanje prljave vode, mulja, septi\u010dkih jama, poplavljenih podruma, \u0161ahtova, bunara i drugih mjesta gdje je potrebna jaka pumpa velikog protoka. Zahvaljuju\u0107i sna\u017enom motoru i robusnoj konstrukciji, ova pumpa bez problema savladava i zahtjevnije poslove.<\/p>\n<p>Pumpa dolazi u kompletu sa 20 metara vatrogasnog crijeva, \u0161to omogu\u0107ava brzo i efikasno ispumpavanje vode na ve\u0107u udaljenost. U paketu se nalaze i razli\u010diti priklju\u010dci (\u00bd cola, 1 col i 2 cola) kako bi se pumpa mogla koristiti sa vi\u0161e vrsta crijeva.<\/p>\n<p>&#x2699;&#xfe0f; Karakteristike:<\/p>\n<p>Snaga motora: 3850W<\/p>\n<p>Tip: Muljna pumpa bez plovka<\/p>\n<p>Pogodna za: prljavu vodu, mulj, septi\u010dke jame, podrume, \u0161ahtove<\/p>\n<p>20m vatrogasno crijevo u kompletu<\/p>\n<p>Priklju\u010dci: pola cola, 1 col i 2 cola<\/p>\n<p>Robusno metalno ku\u0107i\u0161te<\/p>\n<p>Jednostavna za kori\u0161tenje i odr\u017eavanje<\/p>\n<p>&#x1f4a7; Idealna za doma\u0107instva, farme, gradili\u0161ta i hitne situacije ispumpavanja vode.<\/p>\n<p>&#x1f4b0; Cijena: 199,9 KM<\/p>\n","protected":false},"excerpt":{"rendered":"<p>Muljna pumpa \u2013 Ruska Baltika 3850W (bez plovka) Sna\u017ena i pouzdana muljna pumpa Baltika 3850W namijenjena za ispumpavanje prljave vode, mulja, septi\u010dkih jama, poplavljenih podruma, \u0161ahtova, bunara i drugih mjesta gdje je potrebna jaka pumpa velikog protoka. Zahvaljuju\u0107i sna\u017enom motoru i robusnoj konstrukciji, ova pumpa bez problema savladava i zahtjevnije poslove. Pumpa dolazi u kompletu [&hellip;]<\/p>\n","protected":false},"featured_media":3601,"comment_status":"open","ping_status":"closed","template":"","meta":[],"product_brand":[],"product_cat":[15],"product_tag":[],"class_list":{"0":"post-3656","1":"product","2":"type-product","3":"status-publish","4":"has-post-thumbnail","6":"product_cat-nekategorisano","8":"first","9":"instock","10":"sale","11":"shipping-taxable","12":"purchasable","13":"product-type-simple"},"_links":{"self":[{"href":"https:\/\/alatcentar.com\/index.php?rest_route=\/wp\/v2\/product\/3656","targetHints":{"allow":["GET"]}}],"collection":[{"href":"https:\/\/alatcentar.com\/index.php?rest_route=\/wp\/v2\/product"}],"about":[{"href":"https:\/\/alatcentar.com\/index.php?rest_route=\/wp\/v2\/types\/product"}],"replies":[{"embeddable":true,"href":"https:\/\/alatcentar.com\/index.php?rest_route=%2Fwp%2Fv2%2Fcomments&post=3656"}],"wp:featuredmedia":[{"embeddable":true,"href":"https:\/\/alatcentar.com\/index.php?rest_route=\/wp\/v2\/media\/3601"}],"wp:attachment":[{"href":"https:\/\/alatcentar.com\/index.php?rest_route=%2Fwp%2Fv2%2Fmedia&parent=3656"}],"wp:term":[{"taxonomy":"product_brand","embeddable":true,"href":"https:\/\/alatcentar.com\/index.php?rest_route=%2Fwp%2Fv2%2Fproduct_brand&post=3656"},{"taxonomy":"product_cat","embeddable":true,"href":"https:\/\/alatcentar.com\/index.php?rest_route=%2Fwp%2Fv2%2Fproduct_cat&post=3656"},{"taxonomy":"product_tag","embeddable":true,"href":"https:\/\/alatcentar.com\/index.php?rest_route=%2Fwp%2Fv2%2Fproduct_tag&post=3656"}],"curies":[{"name":"wp","href":"https:\/\/api.w.org\/{rel}","templated":true}]}}