{"id":3655,"date":"2026-03-10T05:57:33","date_gmt":"2026-03-10T04:57:33","guid":{"rendered":"https:\/\/alatcentar.com\/?post_type=product&#038;p=3655"},"modified":"2026-03-10T05:57:33","modified_gmt":"2026-03-10T04:57:33","slug":"hexagon-led-svjetla-za-garazu-salone-poslovne-prostore","status":"publish","type":"product","link":"https:\/\/alatcentar.com\/?product=hexagon-led-svjetla-za-garazu-salone-poslovne-prostore","title":{"rendered":"Hexagon led svjetla za gara\u017eu salone poslovne prostore"},"content":{"rendered":"<p>BESPLATNA DOSTAVA sa UVIDOM PRIJE PLA\u0106ANJA<\/p>\n<p>14 POLJA + OKVIR = 259KM sa po\u0161tarinom i uvidom prije pla\u0107anja<\/p>\n<p>Dimenzije: 4840mm x 2340mm<\/p>\n<p>7 POLJA = 179KM sa po\u0161tarinom i uvidom prije pla\u0107anja<\/p>\n<p>Dimenzije: 2500mm x 2340mm<\/p>\n<p>5 POLJA = 149KM sa po\u0161tarinom i uvidom prije pla\u0107anja<\/p>\n<p>Dimeznije: 2400mm x 1700mm<\/p>\n<p>HEXAGON LED RASVJETA<\/p>\n<p>Tehni\u010dke karakteristike: ATL10221<\/p>\n<p>Volta\u017ea | AC100-240V<\/p>\n<p>Lumeni | 110-120 lm\/W Snaga | 672W<\/p>\n<p>Boja | 6500K Bijela Materijal |<\/p>\n<p>Aluminijski okvir + PVC svjetla Radni vijek rasvjete 20000h<\/p>\n<p>Otkrijte zavodljivu privla\u010dnost hexagonskih svjetala \u2013 gdje se savremeni dizajn susre\u0107e s ambijentalnom rasvjetom. Na\u0161a \u0161esterokutna svjetla izra\u0111ena su kako bi predefinirala prostore svojom glatkom geometrijom i prilagodljivim opcijama osvjetljenja. Savr\u0161ena za dodavanje dodira elegancije. Transformirajte svoj prostor u simbol stila i topline. Mogu\u0107nost monta\u017ee na strop ili zid. Svjetla se mogu montirati u dodiru sa podlogom ili kao visilica.<\/p>\n","protected":false},"excerpt":{"rendered":"<p>BESPLATNA DOSTAVA sa UVIDOM PRIJE PLA\u0106ANJA 14 POLJA + OKVIR = 259KM sa po\u0161tarinom i uvidom prije pla\u0107anja Dimenzije: 4840mm x 2340mm 7 POLJA = 179KM sa po\u0161tarinom i uvidom prije pla\u0107anja Dimenzije: 2500mm x 2340mm 5 POLJA = 149KM sa po\u0161tarinom i uvidom prije pla\u0107anja Dimeznije: 2400mm x 1700mm HEXAGON LED RASVJETA Tehni\u010dke karakteristike: [&hellip;]<\/p>\n","protected":false},"featured_media":3599,"comment_status":"open","ping_status":"closed","template":"","meta":[],"product_brand":[],"product_cat":[15],"product_tag":[],"class_list":{"0":"post-3655","1":"product","2":"type-product","3":"status-publish","4":"has-post-thumbnail","6":"product_cat-nekategorisano","8":"first","9":"instock","10":"sale","11":"shipping-taxable","12":"purchasable","13":"product-type-simple"},"_links":{"self":[{"href":"https:\/\/alatcentar.com\/index.php?rest_route=\/wp\/v2\/product\/3655","targetHints":{"allow":["GET"]}}],"collection":[{"href":"https:\/\/alatcentar.com\/index.php?rest_route=\/wp\/v2\/product"}],"about":[{"href":"https:\/\/alatcentar.com\/index.php?rest_route=\/wp\/v2\/types\/product"}],"replies":[{"embeddable":true,"href":"https:\/\/alatcentar.com\/index.php?rest_route=%2Fwp%2Fv2%2Fcomments&post=3655"}],"wp:featuredmedia":[{"embeddable":true,"href":"https:\/\/alatcentar.com\/index.php?rest_route=\/wp\/v2\/media\/3599"}],"wp:attachment":[{"href":"https:\/\/alatcentar.com\/index.php?rest_route=%2Fwp%2Fv2%2Fmedia&parent=3655"}],"wp:term":[{"taxonomy":"product_brand","embeddable":true,"href":"https:\/\/alatcentar.com\/index.php?rest_route=%2Fwp%2Fv2%2Fproduct_brand&post=3655"},{"taxonomy":"product_cat","embeddable":true,"href":"https:\/\/alatcentar.com\/index.php?rest_route=%2Fwp%2Fv2%2Fproduct_cat&post=3655"},{"taxonomy":"product_tag","embeddable":true,"href":"https:\/\/alatcentar.com\/index.php?rest_route=%2Fwp%2Fv2%2Fproduct_tag&post=3655"}],"curies":[{"name":"wp","href":"https:\/\/api.w.org\/{rel}","templated":true}]}}