{"id":3654,"date":"2026-03-10T05:57:32","date_gmt":"2026-03-10T04:57:32","guid":{"rendered":"https:\/\/alatcentar.com\/?post_type=product&#038;p=3654"},"modified":"2026-03-10T05:57:33","modified_gmt":"2026-03-10T04:57:33","slug":"visenamjenski-aku-set-za-bastu-5u1-sa-2-baterije","status":"publish","type":"product","link":"https:\/\/alatcentar.com\/?product=visenamjenski-aku-set-za-bastu-5u1-sa-2-baterije","title":{"rendered":"Vi\u0161enamjenski aku set za ba\u0161tu -5u1 sa 2 baterije"},"content":{"rendered":"<p>&#x1f50b; VI\u0160ENAMJENSKI AKU SET ZA BA\u0160TU \u2013 5u1 sa 2 BATERIJE &#x1f50b;<\/p>\n<p>Prakti\u010dan i sna\u017ean set alata za sve va\u0161e potrebe u vrtu i oko ku\u0107e! Ovaj 5-u-1 akumulatorski set dolazi sa dvije jake 48V baterije koje odgovaraju za sve ure\u0111aje u kompletu.<\/p>\n<p>&#x2728; U setu dobijate:<\/p>\n<p>&#x1fa93; Aku lan\u010danu pilu \u2013 za brzo i precizno rezanje grana<\/p>\n<p>&#x2702;&#xfe0f; Aku makaze za grane \u2013 idealne za precizno orezivanje<\/p>\n<p>&#x1f33f; Aku trimer \u2013 za odr\u017eavanje ivica travnjaka<\/p>\n<p>&#x1f343; Aku puha\u010d \u2013 za \u010di\u0161\u0107enje li\u0161\u0107a i sitnog otpada<\/p>\n<p>&#x1f4cf; Teleskopski \u0161tap \u2013 za dosezanje vi\u0161ih grana i te\u0161ko dostupnih mjesta<\/p>\n<p>&#x26a1; Dvije zamjenjive baterije omogu\u0107avaju du\u017ei rad bez prekida, dok se svi ure\u0111aji lako koriste i brzo mijenjaju zahvaljuju\u0107i jedinstvenom sistemu.<\/p>\n<p>&#x2705; Idealno rje\u0161enje za svakog ba\u0161tovana ili hobi majstora koji tra\u017ei pouzdanost, mobilnost i snagu \u2013 bez potrebe za kablovima!<\/p>\n","protected":false},"excerpt":{"rendered":"<p>&#x1f50b; VI\u0160ENAMJENSKI AKU SET ZA BA\u0160TU \u2013 5u1 sa 2 BATERIJE &#x1f50b; Prakti\u010dan i sna\u017ean set alata za sve va\u0161e potrebe u vrtu i oko ku\u0107e! Ovaj 5-u-1 akumulatorski set dolazi sa dvije jake 48V baterije koje odgovaraju za sve ure\u0111aje u kompletu. &#x2728; U setu dobijate: &#x1fa93; Aku lan\u010danu pilu \u2013 za brzo i [&hellip;]<\/p>\n","protected":false},"featured_media":3598,"comment_status":"open","ping_status":"closed","template":"","meta":[],"product_brand":[],"product_cat":[15],"product_tag":[],"class_list":{"0":"post-3654","1":"product","2":"type-product","3":"status-publish","4":"has-post-thumbnail","6":"product_cat-nekategorisano","8":"first","9":"instock","10":"sale","11":"shipping-taxable","12":"purchasable","13":"product-type-simple"},"_links":{"self":[{"href":"https:\/\/alatcentar.com\/index.php?rest_route=\/wp\/v2\/product\/3654","targetHints":{"allow":["GET"]}}],"collection":[{"href":"https:\/\/alatcentar.com\/index.php?rest_route=\/wp\/v2\/product"}],"about":[{"href":"https:\/\/alatcentar.com\/index.php?rest_route=\/wp\/v2\/types\/product"}],"replies":[{"embeddable":true,"href":"https:\/\/alatcentar.com\/index.php?rest_route=%2Fwp%2Fv2%2Fcomments&post=3654"}],"wp:featuredmedia":[{"embeddable":true,"href":"https:\/\/alatcentar.com\/index.php?rest_route=\/wp\/v2\/media\/3598"}],"wp:attachment":[{"href":"https:\/\/alatcentar.com\/index.php?rest_route=%2Fwp%2Fv2%2Fmedia&parent=3654"}],"wp:term":[{"taxonomy":"product_brand","embeddable":true,"href":"https:\/\/alatcentar.com\/index.php?rest_route=%2Fwp%2Fv2%2Fproduct_brand&post=3654"},{"taxonomy":"product_cat","embeddable":true,"href":"https:\/\/alatcentar.com\/index.php?rest_route=%2Fwp%2Fv2%2Fproduct_cat&post=3654"},{"taxonomy":"product_tag","embeddable":true,"href":"https:\/\/alatcentar.com\/index.php?rest_route=%2Fwp%2Fv2%2Fproduct_tag&post=3654"}],"curies":[{"name":"wp","href":"https:\/\/api.w.org\/{rel}","templated":true}]}}