{"id":3652,"date":"2026-03-10T05:57:32","date_gmt":"2026-03-10T04:57:32","guid":{"rendered":"https:\/\/alatcentar.com\/?post_type=product&#038;p=3652"},"modified":"2026-03-10T05:57:33","modified_gmt":"2026-03-10T04:57:33","slug":"elektricna-vibro-letva-od-1m-ili-2m","status":"publish","type":"product","link":"https:\/\/alatcentar.com\/?product=elektricna-vibro-letva-od-1m-ili-2m","title":{"rendered":"Elektricna vibro letva od 1m ili 2m"},"content":{"rendered":"<p>Elektri\u010dna vibro letva za ravnanje betona<\/p>\n<p>&#x2714;&#xfe0f;Vibrator letva 1 metar 249.90 KM<\/p>\n<p>&#x2714;&#xfe0f;Vibrator letva 2 metra 299,90 KM<\/p>\n<p>Profesionalna elektri\u010dna vibro letva namijenjena za brzo i precizno ravnanje svje\u017eeg betona. Idealan alat za betonske plo\u010de, staze, gara\u017ee, temelje i industrijske podove. Zahvaljuju\u0107i sna\u017enoj vibraciji, beton se ravnomjerno raspore\u0111uje, uklanja vi\u0161ak zraka i posti\u017ee savr\u0161eno glatka povr\u0161ina.<\/p>\n<p>&#x2705; Prednosti:<\/p>\n<p>\u2022 Efikasno i brzo ravnanje betona<\/p>\n<p>\u2022 Sna\u017ean elektromotor s konstantnom vibracijom<\/p>\n<p>\u2022 Jednostavno rukovanje \u2013 jedan operater<\/p>\n<p>\u2022 \u010cvrsta aluminijska letva za dug vijek trajanja<\/p>\n<p>\u2022 Precizniji rezultat u odnosu na ru\u010dno ravnanje<\/p>\n<p>\u2022 Znatno smanjuje vrijeme i fizi\u010dki napor rada<\/p>\n<p>&#x1f527; Karakteristike:<\/p>\n<p>\u2022 Elektri\u010dni pogon<\/p>\n<p>\u2022 Stabilna metalna konstrukcija<\/p>\n<p>\u2022 Ergonomske ru\u010dke za lak\u0161e upravljanje<\/p>\n<p>\u2022 Pogodno za profesionalnu i poluprofesionalnu upotrebu<\/p>\n<p>&#x1f4cc; Primjena:<\/p>\n<p>Gra\u0111evinski radovi, betoniranje plo\u010da, podova, terasa, staza, industrijskih i privatnih objekata<\/p>\n","protected":false},"excerpt":{"rendered":"<p>Elektri\u010dna vibro letva za ravnanje betona &#x2714;&#xfe0f;Vibrator letva 1 metar 249.90 KM &#x2714;&#xfe0f;Vibrator letva 2 metra 299,90 KM Profesionalna elektri\u010dna vibro letva namijenjena za brzo i precizno ravnanje svje\u017eeg betona. Idealan alat za betonske plo\u010de, staze, gara\u017ee, temelje i industrijske podove. Zahvaljuju\u0107i sna\u017enoj vibraciji, beton se ravnomjerno raspore\u0111uje, uklanja vi\u0161ak zraka i posti\u017ee savr\u0161eno glatka [&hellip;]<\/p>\n","protected":false},"featured_media":3596,"comment_status":"open","ping_status":"closed","template":"","meta":[],"product_brand":[],"product_cat":[15],"product_tag":[],"class_list":{"0":"post-3652","1":"product","2":"type-product","3":"status-publish","4":"has-post-thumbnail","6":"product_cat-nekategorisano","8":"first","9":"instock","10":"sale","11":"shipping-taxable","12":"purchasable","13":"product-type-simple"},"_links":{"self":[{"href":"https:\/\/alatcentar.com\/index.php?rest_route=\/wp\/v2\/product\/3652","targetHints":{"allow":["GET"]}}],"collection":[{"href":"https:\/\/alatcentar.com\/index.php?rest_route=\/wp\/v2\/product"}],"about":[{"href":"https:\/\/alatcentar.com\/index.php?rest_route=\/wp\/v2\/types\/product"}],"replies":[{"embeddable":true,"href":"https:\/\/alatcentar.com\/index.php?rest_route=%2Fwp%2Fv2%2Fcomments&post=3652"}],"wp:featuredmedia":[{"embeddable":true,"href":"https:\/\/alatcentar.com\/index.php?rest_route=\/wp\/v2\/media\/3596"}],"wp:attachment":[{"href":"https:\/\/alatcentar.com\/index.php?rest_route=%2Fwp%2Fv2%2Fmedia&parent=3652"}],"wp:term":[{"taxonomy":"product_brand","embeddable":true,"href":"https:\/\/alatcentar.com\/index.php?rest_route=%2Fwp%2Fv2%2Fproduct_brand&post=3652"},{"taxonomy":"product_cat","embeddable":true,"href":"https:\/\/alatcentar.com\/index.php?rest_route=%2Fwp%2Fv2%2Fproduct_cat&post=3652"},{"taxonomy":"product_tag","embeddable":true,"href":"https:\/\/alatcentar.com\/index.php?rest_route=%2Fwp%2Fv2%2Fproduct_tag&post=3652"}],"curies":[{"name":"wp","href":"https:\/\/api.w.org\/{rel}","templated":true}]}}