{"id":3651,"date":"2026-03-10T05:57:32","date_gmt":"2026-03-10T04:57:32","guid":{"rendered":"https:\/\/alatcentar.com\/?post_type=product&#038;p=3651"},"modified":"2026-03-10T05:57:33","modified_gmt":"2026-03-10T04:57:33","slug":"masinica-za-sisanje-ovaca-kzubr-kews-350s","status":"publish","type":"product","link":"https:\/\/alatcentar.com\/?product=masinica-za-sisanje-ovaca-kzubr-kews-350s","title":{"rendered":"Ma\u0161inica za \u0161i\u0161anje ovaca Kzubr KEWS-350S"},"content":{"rendered":"<p>MA\u0160INICA ZA \u0160I\u0160ANJE OVACA KZUBR KEWS-350S &#x1f411;&#x2702;&#xfe0f;<\/p>\n<p>Profesionalna i sna\u017ena ma\u0161inica za brzo, precizno i efikasno \u0161i\u0161anje ovaca. Idealna za farmere i uzgajiva\u010de koji \u017eele pouzdan alat i vrhunske rezultate bez napora.<\/p>\n<p>&#x1f539; Model: Kzubr KEWS-350S<\/p>\n<p>&#x1f539; Sna\u017ean motor za kontinuiran rad<\/p>\n<p>&#x1f539; Ergonomski dizajn \u2013 udobna za dugotrajno kori\u0161tenje<\/p>\n<p>&#x1f539; Precizno i ravnomjerno \u0161i\u0161anje<\/p>\n<p>&#x1f4e6; U paketu dolazi:<\/p>\n<p>&#x2714;&#xfe0f; \u010cvrsti kofer za siguran transport i odlaganje<\/p>\n<p>&#x2714;&#xfe0f; Rezervne \u010detkice<\/p>\n<p>&#x2714;&#xfe0f; Klju\u010devi za odr\u017eavanje<\/p>\n<p>&#x2714;&#xfe0f; \u010cetkica za \u010di\u0161\u0107enje<\/p>\n<p>Spremna za rad! Pouzdana, prakti\u010dna i dugotrajna \u2013 odli\u010dan izbor za svaku farmu.<\/p>\n<p>&#x1f4de; Javite se za vi\u0161e informacija!<\/p>\n","protected":false},"excerpt":{"rendered":"<p>MA\u0160INICA ZA \u0160I\u0160ANJE OVACA KZUBR KEWS-350S &#x1f411;&#x2702;&#xfe0f; Profesionalna i sna\u017ena ma\u0161inica za brzo, precizno i efikasno \u0161i\u0161anje ovaca. Idealna za farmere i uzgajiva\u010de koji \u017eele pouzdan alat i vrhunske rezultate bez napora. &#x1f539; Model: Kzubr KEWS-350S &#x1f539; Sna\u017ean motor za kontinuiran rad &#x1f539; Ergonomski dizajn \u2013 udobna za dugotrajno kori\u0161tenje &#x1f539; Precizno i ravnomjerno \u0161i\u0161anje [&hellip;]<\/p>\n","protected":false},"featured_media":3595,"comment_status":"open","ping_status":"closed","template":"","meta":[],"product_brand":[],"product_cat":[15],"product_tag":[],"class_list":{"0":"post-3651","1":"product","2":"type-product","3":"status-publish","4":"has-post-thumbnail","6":"product_cat-nekategorisano","8":"first","9":"instock","10":"sale","11":"shipping-taxable","12":"purchasable","13":"product-type-simple"},"_links":{"self":[{"href":"https:\/\/alatcentar.com\/index.php?rest_route=\/wp\/v2\/product\/3651","targetHints":{"allow":["GET"]}}],"collection":[{"href":"https:\/\/alatcentar.com\/index.php?rest_route=\/wp\/v2\/product"}],"about":[{"href":"https:\/\/alatcentar.com\/index.php?rest_route=\/wp\/v2\/types\/product"}],"replies":[{"embeddable":true,"href":"https:\/\/alatcentar.com\/index.php?rest_route=%2Fwp%2Fv2%2Fcomments&post=3651"}],"wp:featuredmedia":[{"embeddable":true,"href":"https:\/\/alatcentar.com\/index.php?rest_route=\/wp\/v2\/media\/3595"}],"wp:attachment":[{"href":"https:\/\/alatcentar.com\/index.php?rest_route=%2Fwp%2Fv2%2Fmedia&parent=3651"}],"wp:term":[{"taxonomy":"product_brand","embeddable":true,"href":"https:\/\/alatcentar.com\/index.php?rest_route=%2Fwp%2Fv2%2Fproduct_brand&post=3651"},{"taxonomy":"product_cat","embeddable":true,"href":"https:\/\/alatcentar.com\/index.php?rest_route=%2Fwp%2Fv2%2Fproduct_cat&post=3651"},{"taxonomy":"product_tag","embeddable":true,"href":"https:\/\/alatcentar.com\/index.php?rest_route=%2Fwp%2Fv2%2Fproduct_tag&post=3651"}],"curies":[{"name":"wp","href":"https:\/\/api.w.org\/{rel}","templated":true}]}}