{"id":3647,"date":"2026-03-10T05:57:32","date_gmt":"2026-03-10T04:57:32","guid":{"rendered":"https:\/\/alatcentar.com\/?post_type=product&#038;p=3647"},"modified":"2026-03-10T05:57:33","modified_gmt":"2026-03-10T04:57:33","slug":"lancana-dizalica-1-tona-flajcung","status":"publish","type":"product","link":"https:\/\/alatcentar.com\/?product=lancana-dizalica-1-tona-flajcung","title":{"rendered":"Lan\u010dana dizalica 1 tona flajcung"},"content":{"rendered":"<p>&#x1f534; Lan\u010dana dizalica (Flajcung) 1T \u2013 Profesionalna<\/p>\n<p>Kvalitetna ru\u010dna lan\u010dana dizalica nosivosti 1 tona (1000 kg), idealna za radionice, gara\u017ee, servise i monta\u017ene radove.<\/p>\n<p>&#x2705; Nosivost: 1T (1000 kg)<\/p>\n<p>&#x2705; Robusna i izdr\u017eljiva konstrukcija<\/p>\n<p>&#x2705; Oja\u010dane sigurnosne kuke<\/p>\n<p>&#x2705; Jednostavno i precizno podizanje tereta<\/p>\n<p>&#x2705; Jak i dugotrajan \u010deli\u010dni lanac<\/p>\n<p>Odli\u010dna za podizanje motora, dijelova, ma\u0161ina i raznog tereta.<\/p>\n<p>Neophodan alat za svaku radionicu &#x1f4aa;<\/p>\n<p>&#x1f69a; Brza dostava<\/p>\n","protected":false},"excerpt":{"rendered":"<p>&#x1f534; Lan\u010dana dizalica (Flajcung) 1T \u2013 Profesionalna Kvalitetna ru\u010dna lan\u010dana dizalica nosivosti 1 tona (1000 kg), idealna za radionice, gara\u017ee, servise i monta\u017ene radove. &#x2705; Nosivost: 1T (1000 kg) &#x2705; Robusna i izdr\u017eljiva konstrukcija &#x2705; Oja\u010dane sigurnosne kuke &#x2705; Jednostavno i precizno podizanje tereta &#x2705; Jak i dugotrajan \u010deli\u010dni lanac Odli\u010dna za podizanje motora, dijelova, [&hellip;]<\/p>\n","protected":false},"featured_media":3591,"comment_status":"open","ping_status":"closed","template":"","meta":[],"product_brand":[],"product_cat":[15],"product_tag":[],"class_list":{"0":"post-3647","1":"product","2":"type-product","3":"status-publish","4":"has-post-thumbnail","6":"product_cat-nekategorisano","8":"first","9":"instock","10":"sale","11":"shipping-taxable","12":"purchasable","13":"product-type-simple"},"_links":{"self":[{"href":"https:\/\/alatcentar.com\/index.php?rest_route=\/wp\/v2\/product\/3647","targetHints":{"allow":["GET"]}}],"collection":[{"href":"https:\/\/alatcentar.com\/index.php?rest_route=\/wp\/v2\/product"}],"about":[{"href":"https:\/\/alatcentar.com\/index.php?rest_route=\/wp\/v2\/types\/product"}],"replies":[{"embeddable":true,"href":"https:\/\/alatcentar.com\/index.php?rest_route=%2Fwp%2Fv2%2Fcomments&post=3647"}],"wp:featuredmedia":[{"embeddable":true,"href":"https:\/\/alatcentar.com\/index.php?rest_route=\/wp\/v2\/media\/3591"}],"wp:attachment":[{"href":"https:\/\/alatcentar.com\/index.php?rest_route=%2Fwp%2Fv2%2Fmedia&parent=3647"}],"wp:term":[{"taxonomy":"product_brand","embeddable":true,"href":"https:\/\/alatcentar.com\/index.php?rest_route=%2Fwp%2Fv2%2Fproduct_brand&post=3647"},{"taxonomy":"product_cat","embeddable":true,"href":"https:\/\/alatcentar.com\/index.php?rest_route=%2Fwp%2Fv2%2Fproduct_cat&post=3647"},{"taxonomy":"product_tag","embeddable":true,"href":"https:\/\/alatcentar.com\/index.php?rest_route=%2Fwp%2Fv2%2Fproduct_tag&post=3647"}],"curies":[{"name":"wp","href":"https:\/\/api.w.org\/{rel}","templated":true}]}}