{"id":3646,"date":"2026-03-10T05:57:32","date_gmt":"2026-03-10T04:57:32","guid":{"rendered":"https:\/\/alatcentar.com\/?post_type=product&#038;p=3646"},"modified":"2026-03-10T05:57:33","modified_gmt":"2026-03-10T04:57:33","slug":"lancana-dizalica-flajcung-2t","status":"publish","type":"product","link":"https:\/\/alatcentar.com\/?product=lancana-dizalica-flajcung-2t","title":{"rendered":"Lan\u010dana dizalica flajcung 2T"},"content":{"rendered":"<p>&#x1f534; Lan\u010dana dizalica (flajcung) 2T \u2013 Profesionalna<\/p>\n<p>Kvalitetna ru\u010dna lan\u010dana dizalica nosivosti 2 tone, idealna za radionice, gara\u017ee, gradili\u0161ta i industrijsku upotrebu.<\/p>\n<p>&#x2705; Nosivost: 2T (2000 kg)<\/p>\n<p>&#x2705; \u010cvrsta i pouzdana konstrukcija<\/p>\n<p>&#x2705; Oja\u010dane kuke za sigurno podizanje tereta<\/p>\n<p>&#x2705; Jednostavno rukovanje i precizan rad<\/p>\n<p>&#x2705; Izdr\u017eljiv \u010deli\u010dni lanac<\/p>\n<p>Savr\u0161ena za podizanje motora, ma\u0161ina, te\u0161kog alata i drugih tereta.<\/p>\n<p>Pouzdan alat koji ne smije faliti u radionici &#x1f4aa;<\/p>\n<p>&#x1f69a; Brza dostava<\/p>\n","protected":false},"excerpt":{"rendered":"<p>&#x1f534; Lan\u010dana dizalica (flajcung) 2T \u2013 Profesionalna Kvalitetna ru\u010dna lan\u010dana dizalica nosivosti 2 tone, idealna za radionice, gara\u017ee, gradili\u0161ta i industrijsku upotrebu. &#x2705; Nosivost: 2T (2000 kg) &#x2705; \u010cvrsta i pouzdana konstrukcija &#x2705; Oja\u010dane kuke za sigurno podizanje tereta &#x2705; Jednostavno rukovanje i precizan rad &#x2705; Izdr\u017eljiv \u010deli\u010dni lanac Savr\u0161ena za podizanje motora, ma\u0161ina, te\u0161kog [&hellip;]<\/p>\n","protected":false},"featured_media":3590,"comment_status":"open","ping_status":"closed","template":"","meta":[],"product_brand":[],"product_cat":[15],"product_tag":[],"class_list":{"0":"post-3646","1":"product","2":"type-product","3":"status-publish","4":"has-post-thumbnail","6":"product_cat-nekategorisano","8":"first","9":"instock","10":"sale","11":"shipping-taxable","12":"purchasable","13":"product-type-simple"},"_links":{"self":[{"href":"https:\/\/alatcentar.com\/index.php?rest_route=\/wp\/v2\/product\/3646","targetHints":{"allow":["GET"]}}],"collection":[{"href":"https:\/\/alatcentar.com\/index.php?rest_route=\/wp\/v2\/product"}],"about":[{"href":"https:\/\/alatcentar.com\/index.php?rest_route=\/wp\/v2\/types\/product"}],"replies":[{"embeddable":true,"href":"https:\/\/alatcentar.com\/index.php?rest_route=%2Fwp%2Fv2%2Fcomments&post=3646"}],"wp:featuredmedia":[{"embeddable":true,"href":"https:\/\/alatcentar.com\/index.php?rest_route=\/wp\/v2\/media\/3590"}],"wp:attachment":[{"href":"https:\/\/alatcentar.com\/index.php?rest_route=%2Fwp%2Fv2%2Fmedia&parent=3646"}],"wp:term":[{"taxonomy":"product_brand","embeddable":true,"href":"https:\/\/alatcentar.com\/index.php?rest_route=%2Fwp%2Fv2%2Fproduct_brand&post=3646"},{"taxonomy":"product_cat","embeddable":true,"href":"https:\/\/alatcentar.com\/index.php?rest_route=%2Fwp%2Fv2%2Fproduct_cat&post=3646"},{"taxonomy":"product_tag","embeddable":true,"href":"https:\/\/alatcentar.com\/index.php?rest_route=%2Fwp%2Fv2%2Fproduct_tag&post=3646"}],"curies":[{"name":"wp","href":"https:\/\/api.w.org\/{rel}","templated":true}]}}