{"id":3645,"date":"2026-03-10T05:57:32","date_gmt":"2026-03-10T04:57:32","guid":{"rendered":"https:\/\/alatcentar.com\/?post_type=product&#038;p=3645"},"modified":"2026-03-10T05:57:33","modified_gmt":"2026-03-10T04:57:33","slug":"univerzalni-podesivi-kljucevi-za-uljne-cijevi-6pcs","status":"publish","type":"product","link":"https:\/\/alatcentar.com\/?product=univerzalni-podesivi-kljucevi-za-uljne-cijevi-6pcs","title":{"rendered":"Univerzalni podesivi klju\u010devi za uljne cijevi 6pcs"},"content":{"rendered":"<p>&#x1f527; Univerzalni klju\u010devi za uljne cijevi \u2013 Set 6 kom<\/p>\n<p>Profesionalni set specijalnih klju\u010deva namijenjen za rad na uljnim, ko\u010dionim i hidrauli\u010dnim cijevima. Idealan za auto-mehani\u010dare, servisere i sve koji \u017eele siguran i precizan rad bez o\u0161te\u0107enja spojeva.<\/p>\n<p>&#x2705; Poseban dizajn omogu\u0107ava \u010dvrsto prijanjanje oko cijevi<\/p>\n<p>&#x2705; Sprje\u010dava klizanje i o\u0161te\u0107enje matica<\/p>\n<p>&#x2705; Pogodno za ko\u010dione, uljne i druge hidrauli\u010dne vodove<\/p>\n<p>&#x2705; Izra\u0111eni od kvalitetnog i izdr\u017eljivog materijala<\/p>\n<p>&#x2705; Dolaze u prakti\u010dnoj plasti\u010dnoj kutiji za lak\u0161e \u010duvanje i transport<\/p>\n<p>&#x1f4e6; Set sadr\u017ei 6 dimenzija:<\/p>\n<p>12 mm, 14 mm, 16 mm, 17 mm, 18 mm i 19 mm<\/p>\n<p>Nezaobilazan alat za svaku radionicu &#x1f697;<\/p>\n<p>&#x1f69a; \u0160aljemo brzom po\u0161tom<\/p>\n","protected":false},"excerpt":{"rendered":"<p>&#x1f527; Univerzalni klju\u010devi za uljne cijevi \u2013 Set 6 kom Profesionalni set specijalnih klju\u010deva namijenjen za rad na uljnim, ko\u010dionim i hidrauli\u010dnim cijevima. Idealan za auto-mehani\u010dare, servisere i sve koji \u017eele siguran i precizan rad bez o\u0161te\u0107enja spojeva. &#x2705; Poseban dizajn omogu\u0107ava \u010dvrsto prijanjanje oko cijevi &#x2705; Sprje\u010dava klizanje i o\u0161te\u0107enje matica &#x2705; Pogodno za [&hellip;]<\/p>\n","protected":false},"featured_media":3589,"comment_status":"open","ping_status":"closed","template":"","meta":[],"product_brand":[],"product_cat":[15],"product_tag":[],"class_list":{"0":"post-3645","1":"product","2":"type-product","3":"status-publish","4":"has-post-thumbnail","6":"product_cat-nekategorisano","8":"first","9":"instock","10":"sale","11":"shipping-taxable","12":"purchasable","13":"product-type-simple"},"_links":{"self":[{"href":"https:\/\/alatcentar.com\/index.php?rest_route=\/wp\/v2\/product\/3645","targetHints":{"allow":["GET"]}}],"collection":[{"href":"https:\/\/alatcentar.com\/index.php?rest_route=\/wp\/v2\/product"}],"about":[{"href":"https:\/\/alatcentar.com\/index.php?rest_route=\/wp\/v2\/types\/product"}],"replies":[{"embeddable":true,"href":"https:\/\/alatcentar.com\/index.php?rest_route=%2Fwp%2Fv2%2Fcomments&post=3645"}],"wp:featuredmedia":[{"embeddable":true,"href":"https:\/\/alatcentar.com\/index.php?rest_route=\/wp\/v2\/media\/3589"}],"wp:attachment":[{"href":"https:\/\/alatcentar.com\/index.php?rest_route=%2Fwp%2Fv2%2Fmedia&parent=3645"}],"wp:term":[{"taxonomy":"product_brand","embeddable":true,"href":"https:\/\/alatcentar.com\/index.php?rest_route=%2Fwp%2Fv2%2Fproduct_brand&post=3645"},{"taxonomy":"product_cat","embeddable":true,"href":"https:\/\/alatcentar.com\/index.php?rest_route=%2Fwp%2Fv2%2Fproduct_cat&post=3645"},{"taxonomy":"product_tag","embeddable":true,"href":"https:\/\/alatcentar.com\/index.php?rest_route=%2Fwp%2Fv2%2Fproduct_tag&post=3645"}],"curies":[{"name":"wp","href":"https:\/\/api.w.org\/{rel}","templated":true}]}}