{"id":3644,"date":"2026-03-10T05:57:32","date_gmt":"2026-03-10T04:57:32","guid":{"rendered":"https:\/\/alatcentar.com\/?post_type=product&#038;p=3644"},"modified":"2026-03-10T05:57:33","modified_gmt":"2026-03-10T04:57:33","slug":"vakum-pumpa-za-ozracivanje-kocnica","status":"publish","type":"product","link":"https:\/\/alatcentar.com\/?product=vakum-pumpa-za-ozracivanje-kocnica","title":{"rendered":"Vakum pumpa za ozra\u010divanje ko\u010dnica"},"content":{"rendered":"<p>&#x1f527; SET ZA OZRA\u010cIVANJE KO\u010cNICA S VAKUUMSKOM PUMPOM<\/p>\n<p>Prakti\u010dan set koji kombinuje dvije funkcije u jednom ure\u0111aju \u2013 idealan za provjeru zategnutosti cijevi i ventila, kao i za usisavanje i odzra\u010divanje ko\u010dionih i hidrauli\u010dnih sistema.<\/p>\n<p>&#x2705; Omogu\u0107ava brzo i jednostavno ozra\u010divanje ko\u010dnica \u2013 posao mo\u017ee obaviti samo jedna osoba<\/p>\n<p>&#x2705; Ru\u010dna pumpa s dugim, ergonomskim okida\u010dem za lak\u0161e i udobnije kori\u0161tenje<\/p>\n<p>&#x2705; Precizan i lako \u010ditljiv manometar smje\u0161ten na prednjem dijelu ure\u0111aja<\/p>\n<p>&#x2705; Uklju\u010den spremnik za ko\u010dionu te\u010dnost<\/p>\n<p>&#x1f4e6; Set sadr\u017ei cijevi, priklju\u010dke i spojnice<\/p>\n<p>&#x1f4e6; Sve upakovano u \u010dvrstu kutiju od lijevane plastike \u2013 prakti\u010dno za \u010duvanje i transport<\/p>\n<p>&#x1f539; Materijal: metal + plastika<\/p>\n<p>&#x1f539; Raspon mjera\u010da: 0 \u2013 76 cm Hg<\/p>\n<p>&#x1f539; Kapacitet spremnika: cca 120 ml<\/p>\n<p>&#x1f69a; \u0160aljemo brzom po\u0161tom<\/p>\n","protected":false},"excerpt":{"rendered":"<p>&#x1f527; SET ZA OZRA\u010cIVANJE KO\u010cNICA S VAKUUMSKOM PUMPOM Prakti\u010dan set koji kombinuje dvije funkcije u jednom ure\u0111aju \u2013 idealan za provjeru zategnutosti cijevi i ventila, kao i za usisavanje i odzra\u010divanje ko\u010dionih i hidrauli\u010dnih sistema. &#x2705; Omogu\u0107ava brzo i jednostavno ozra\u010divanje ko\u010dnica \u2013 posao mo\u017ee obaviti samo jedna osoba &#x2705; Ru\u010dna pumpa s dugim, ergonomskim [&hellip;]<\/p>\n","protected":false},"featured_media":3588,"comment_status":"open","ping_status":"closed","template":"","meta":[],"product_brand":[],"product_cat":[15],"product_tag":[],"class_list":{"0":"post-3644","1":"product","2":"type-product","3":"status-publish","4":"has-post-thumbnail","6":"product_cat-nekategorisano","8":"first","9":"instock","10":"sale","11":"shipping-taxable","12":"purchasable","13":"product-type-simple"},"_links":{"self":[{"href":"https:\/\/alatcentar.com\/index.php?rest_route=\/wp\/v2\/product\/3644","targetHints":{"allow":["GET"]}}],"collection":[{"href":"https:\/\/alatcentar.com\/index.php?rest_route=\/wp\/v2\/product"}],"about":[{"href":"https:\/\/alatcentar.com\/index.php?rest_route=\/wp\/v2\/types\/product"}],"replies":[{"embeddable":true,"href":"https:\/\/alatcentar.com\/index.php?rest_route=%2Fwp%2Fv2%2Fcomments&post=3644"}],"wp:featuredmedia":[{"embeddable":true,"href":"https:\/\/alatcentar.com\/index.php?rest_route=\/wp\/v2\/media\/3588"}],"wp:attachment":[{"href":"https:\/\/alatcentar.com\/index.php?rest_route=%2Fwp%2Fv2%2Fmedia&parent=3644"}],"wp:term":[{"taxonomy":"product_brand","embeddable":true,"href":"https:\/\/alatcentar.com\/index.php?rest_route=%2Fwp%2Fv2%2Fproduct_brand&post=3644"},{"taxonomy":"product_cat","embeddable":true,"href":"https:\/\/alatcentar.com\/index.php?rest_route=%2Fwp%2Fv2%2Fproduct_cat&post=3644"},{"taxonomy":"product_tag","embeddable":true,"href":"https:\/\/alatcentar.com\/index.php?rest_route=%2Fwp%2Fv2%2Fproduct_tag&post=3644"}],"curies":[{"name":"wp","href":"https:\/\/api.w.org\/{rel}","templated":true}]}}