{"id":3638,"date":"2026-03-10T05:57:32","date_gmt":"2026-03-10T04:57:32","guid":{"rendered":"https:\/\/alatcentar.com\/?post_type=product&#038;p=3638"},"modified":"2026-03-10T05:57:33","modified_gmt":"2026-03-10T04:57:33","slug":"pistolj-lemilica-za-plastiku-600-komada-spajalica-gratis","status":"publish","type":"product","link":"https:\/\/alatcentar.com\/?product=pistolj-lemilica-za-plastiku-600-komada-spajalica-gratis","title":{"rendered":"Pi\u0161tolj\/ lemilica za plastiku + 600 komada spajalica GRATIS"},"content":{"rendered":"<p>&#x1f69a;Dostava: 10KM<br \/>\n&#8220;&#x2705;&#8221;&#xfe0f;Izuzetno kvalitetan pistolj\/lemilica za zavarivanje plastike. Pogodno za popravku svih plasticnih dijelova automobila (branika, instrument tabli itd.)<br \/>\n&#8220;&#x2705;&#8221;Radi na principu zagrijavanja metalnih spajalica koje se vare u polomljenu plastiku i time stvaraju \u010dvr\u0161\u0107u vezu.<br \/>\n&#8220;&#x2705;&#8221;Topla klamerica slu\u017ei za izradu \u010dvrstih, trajnih popravki lomova, pukotina i kidanja u krutim ili fleksibilnim termoplasti\u010dnim dijelovima.<br \/>\n&#8220;&#x2705;&#8221;Mo\u017ee se koristiti za popravku bilo kakvih plasti\u010dnih proizvoda u svakodnevom \u017eivotu.<br \/>\n&#8220;&#x2705;&#8221;Jednostavan za kori\u0161\u0107enje i lak za upotrebu.<br \/>\n&#8220;&#x2705;&#8221;\u0160tedi va\u0161e vrijeme i novac.<br \/>\n&#8220;&#x2705;&#8221;Savr\u0161en na\u010din za popravku najsavremenijih proizvoda koji su napravljeni od plastike.<br \/>\n&#8220;&#x2705;&#8221;Sastavlja svu polomljenu, o\u0161te\u0107enu, rascjepkanu plastiku na automobilima, motociklima, terenskim vozilima, \u010damcima itd..<br \/>\n&#8220;&#x2705;&#8221;Gumena ru\u010dka ima udoban hvat i ne\u0107ete se osje\u0107ati umorno prilikom du\u017eeg dr\u017eanja.<br \/>\n&#8220;&#x2705;&#8221;Ulazni napon : 220V ~ 50\/60H<br \/>\n&#8220;&#x2705;&#8221;Izlazna struja : 0-15A<br \/>\n&#8220;&#x2705;&#8221;Snaga: 50w<br \/>\n&#x1f4c3;Sadr\u017eaj seta:<br \/>\n&#8220;&#x2714;&#xfe0f;&#8221;1 x lemilica.<br \/>\n&#8220;&#x2714;&#xfe0f;&#8221;1 x kutija za pohranu.<br \/>\n&#8220;&#x2714;&#xfe0f;&#8221;1 x klije\u0161ta.<br \/>\n&#8220;&#x2714;&#xfe0f;&#8221;1 x pomo\u0107ni reza\u010d.<br \/>\n:&#x2714;&#xfe0f;&#8221;50 kom x 0,8 mm ravne spajalice.<br \/>\n&#8220;&#x2714;&#xfe0f;&#8221;50 kom x 0,8 mm ugaone spajalice.<br \/>\n&#8220;&#x2714;&#xfe0f;&#8221;50 kom x 0,8 mm talasne spajalice.<br \/>\n&#8220;&#x2714;&#xfe0f;&#8221;50 kom x 0,6 mm spolja\u0161nje ugaone<br \/>\n&#x1f4f1; Proces narucivanja je jednostavan:<br \/>\n&#x270d;&#x1f3ff;Napisite nam vase:<br \/>\n&#x2714;&#xfe0f;Ime i prezime<br \/>\n&#x2714;&#xfe0f;Adresu<br \/>\n&#x2714;&#xfe0f;Grad<br \/>\n&#x2714;&#xfe0f;Kontakt telefon<\/p>\n","protected":false},"excerpt":{"rendered":"<p>&#x1f527; Pi\u0161tolj \/ lemilica za zavarivanje plastike<\/p>\n<p>&#x1f69a; Dostava: 10 KM<\/p>\n<p>&#x2705; Idealno za popravku plasti\u010dnih dijelova (branici, instrument table, motocikli, \u010damci i dr.)<\/p>\n<p>&#x2705; Radi zagrijavanjem metalnih spajalica \u2013 \u010dvrsti i trajni spojevi<\/p>\n<p>&#x2705; Jednostavno za kori\u0161tenje, \u0161tedi vrijeme i novac<\/p>\n<p>&#x2705; Snaga: 50W | Napon: 220V<\/p>\n<p>&#x1f4e6; Sadr\u017eaj seta:<\/p>\n<p>&#x2714;&#xfe0f; Lemilica + kutija<\/p>\n<p>&#x2714;&#xfe0f; Klije\u0161ta i reza\u010d<\/p>\n<p>&#x2714;&#xfe0f; 200 spajalica (razne vrste i debljine)<\/p>\n<p>&#x1f4f1; Narud\u017eba:<\/p>\n<p>Po\u0161aljite ime i prezime, adresu, grad i kontakt telefon.<\/p>\n","protected":false},"featured_media":3536,"comment_status":"open","ping_status":"closed","template":"","meta":[],"product_brand":[],"product_cat":[15],"product_tag":[],"class_list":{"0":"post-3638","1":"product","2":"type-product","3":"status-publish","4":"has-post-thumbnail","6":"product_cat-nekategorisano","8":"first","9":"instock","10":"sale","11":"shipping-taxable","12":"purchasable","13":"product-type-simple"},"_links":{"self":[{"href":"https:\/\/alatcentar.com\/index.php?rest_route=\/wp\/v2\/product\/3638","targetHints":{"allow":["GET"]}}],"collection":[{"href":"https:\/\/alatcentar.com\/index.php?rest_route=\/wp\/v2\/product"}],"about":[{"href":"https:\/\/alatcentar.com\/index.php?rest_route=\/wp\/v2\/types\/product"}],"replies":[{"embeddable":true,"href":"https:\/\/alatcentar.com\/index.php?rest_route=%2Fwp%2Fv2%2Fcomments&post=3638"}],"wp:featuredmedia":[{"embeddable":true,"href":"https:\/\/alatcentar.com\/index.php?rest_route=\/wp\/v2\/media\/3536"}],"wp:attachment":[{"href":"https:\/\/alatcentar.com\/index.php?rest_route=%2Fwp%2Fv2%2Fmedia&parent=3638"}],"wp:term":[{"taxonomy":"product_brand","embeddable":true,"href":"https:\/\/alatcentar.com\/index.php?rest_route=%2Fwp%2Fv2%2Fproduct_brand&post=3638"},{"taxonomy":"product_cat","embeddable":true,"href":"https:\/\/alatcentar.com\/index.php?rest_route=%2Fwp%2Fv2%2Fproduct_cat&post=3638"},{"taxonomy":"product_tag","embeddable":true,"href":"https:\/\/alatcentar.com\/index.php?rest_route=%2Fwp%2Fv2%2Fproduct_tag&post=3638"}],"curies":[{"name":"wp","href":"https:\/\/api.w.org\/{rel}","templated":true}]}}