{"id":3618,"date":"2026-03-10T05:55:35","date_gmt":"2026-03-10T04:55:35","guid":{"rendered":"https:\/\/alatcentar.com\/?post_type=product&#038;p=3618"},"modified":"2026-04-12T10:01:13","modified_gmt":"2026-04-12T08:01:13","slug":"skrip-stega-125mm-profesionalni-za-radionice","status":"publish","type":"product","link":"https:\/\/alatcentar.com\/?product=skrip-stega-125mm-profesionalni-za-radionice","title":{"rendered":"\u0160KRIP STEGA 125mm PROFESIONALNI ZA RADIONICE"},"content":{"rendered":"<p>\u0160krip stega 125mm<\/p>\n<p>Za\u0161to odabrati na\u0161e stege?<\/p>\n<p>&#x2705; \u010cvrsta konstrukcija: Izra\u0111ene od visokokvalitetnog livenog \u017eeljeza za najte\u017ee poslove.<\/p>\n<p>&#x2705; Stabilan oslonac: Precizni mehanizam osigurava \u010dvrst zahvat bez proklizavanja.<\/p>\n<p>&#x2705; Kvalitet zagarantovan: Alat koji traje godinama.<\/p>\n<p>&#x2705; Laka monta\u017ea: Brzo i jednostavno fiksiranje na radni stol.<\/p>\n<p>&#x1f69a; Dostava: Brza po\u0161ta u sve gradove BiH \u2013 samo 10 KM!<\/p>\n<p>&#x1f4e6; Pla\u0107anje: Pouze\u0107em (kad otvorite i pregledate paket).<\/p>\n<p>&#x1f4e9; KAKO NARU\u010cITI?<\/p>\n<p>Po\u0161aljite nam poruku u Inbox sa sljede\u0107im podacima:<\/p>\n<p>Ime i prezime<\/p>\n<p>Adresa i grad<\/p>\n<p>Broj telefona<\/p>\n","protected":false},"excerpt":{"rendered":"<p>\u0160krip stega 125mm<\/p>\n<p>Za\u0161to odabrati na\u0161e stege?<\/p>\n<p>&#x2705; \u010cvrsta konstrukcija: Izra\u0111ene od visokokvalitetnog livenog \u017eeljeza za najte\u017ee poslove.<\/p>\n<p>&#x2705; Stabilan oslonac: Precizni mehanizam osigurava \u010dvrst zahvat bez proklizavanja.<\/p>\n<p>&#x2705; Kvalitet zagarantovan: Alat koji traje godinama.<\/p>\n<p>&#x2705; Laka monta\u017ea: Brzo i jednostavno fiksiranje na radni stol.<\/p>\n<p>&#x1f69a; Dostava: Brza po\u0161ta u sve gradove BiH \u2013 samo 10 KM!<\/p>\n<p>&#x1f4e6; Pla\u0107anje: Pouze\u0107em (kad otvorite i pregledate paket).<\/p>\n<p>&#x1f4e9; KAKO NARU\u010cITI?<\/p>\n<p>Po\u0161aljite nam poruku u Inbox sa sljede\u0107im podacima:<\/p>\n<p>Ime i prezime<\/p>\n<p>Adresa i grad<\/p>\n<p>Broj telefona<\/p>\n","protected":false},"featured_media":3521,"comment_status":"open","ping_status":"closed","template":"","meta":[],"product_brand":[],"product_cat":[15],"product_tag":[],"class_list":{"0":"post-3618","1":"product","2":"type-product","3":"status-publish","4":"has-post-thumbnail","6":"product_cat-nekategorisano","8":"first","9":"instock","10":"shipping-taxable","11":"purchasable","12":"product-type-simple"},"_links":{"self":[{"href":"https:\/\/alatcentar.com\/index.php?rest_route=\/wp\/v2\/product\/3618","targetHints":{"allow":["GET"]}}],"collection":[{"href":"https:\/\/alatcentar.com\/index.php?rest_route=\/wp\/v2\/product"}],"about":[{"href":"https:\/\/alatcentar.com\/index.php?rest_route=\/wp\/v2\/types\/product"}],"replies":[{"embeddable":true,"href":"https:\/\/alatcentar.com\/index.php?rest_route=%2Fwp%2Fv2%2Fcomments&post=3618"}],"wp:featuredmedia":[{"embeddable":true,"href":"https:\/\/alatcentar.com\/index.php?rest_route=\/wp\/v2\/media\/3521"}],"wp:attachment":[{"href":"https:\/\/alatcentar.com\/index.php?rest_route=%2Fwp%2Fv2%2Fmedia&parent=3618"}],"wp:term":[{"taxonomy":"product_brand","embeddable":true,"href":"https:\/\/alatcentar.com\/index.php?rest_route=%2Fwp%2Fv2%2Fproduct_brand&post=3618"},{"taxonomy":"product_cat","embeddable":true,"href":"https:\/\/alatcentar.com\/index.php?rest_route=%2Fwp%2Fv2%2Fproduct_cat&post=3618"},{"taxonomy":"product_tag","embeddable":true,"href":"https:\/\/alatcentar.com\/index.php?rest_route=%2Fwp%2Fv2%2Fproduct_tag&post=3618"}],"curies":[{"name":"wp","href":"https:\/\/api.w.org\/{rel}","templated":true}]}}