{"id":3617,"date":"2026-03-10T05:55:35","date_gmt":"2026-03-10T04:55:35","guid":{"rendered":"https:\/\/alatcentar.com\/?post_type=product&#038;p=3617"},"modified":"2026-03-10T05:56:20","modified_gmt":"2026-03-10T04:56:20","slug":"vaga-digitalna-kran-kantar-do-1000kg","status":"publish","type":"product","link":"https:\/\/alatcentar.com\/?product=vaga-digitalna-kran-kantar-do-1000kg","title":{"rendered":"VAGA DIGITALNA KRAN KANTAR DO 1000kg"},"content":{"rendered":"<p>Digitalna vaga kranska 1000kg je vise\u0107a vaga orijentisana ka performansama i bezbednosti koja se odlikuje zvu\u010dnim mehani\u010dkim dizajnom i naprednom elektronikom.<\/p>\n<p>ta\u010dna, pouzdana i vrlo je laka za rukovanje.<\/p>\n<p>Karakteristike<\/p>\n<p>&#8211; \u010celi\u010dni prihvatnici optere\u0107enja za te\u0161ke uslove rada<\/p>\n<p>&#8211; LCD ekran sa pozadinskim osvetljenjem<\/p>\n<p>&#8211; Ugra\u0111ena punjiva baterija<\/p>\n<p>&#8211; Vi\u0161e na\u010dina vaganja: Kg i Lb<\/p>\n","protected":false},"excerpt":{"rendered":"<p>Digitalna vaga kranska 1000kg je vise\u0107a vaga orijentisana ka performansama i bezbednosti koja se odlikuje zvu\u010dnim mehani\u010dkim dizajnom i naprednom elektronikom.<\/p>\n<p>ta\u010dna, pouzdana i vrlo je laka za rukovanje.<\/p>\n<p>Karakteristike<\/p>\n<p>&#8211; \u010celi\u010dni prihvatnici optere\u0107enja za te\u0161ke uslove rada<\/p>\n<p>&#8211; LCD ekran sa pozadinskim osvetljenjem<\/p>\n<p>&#8211; Ugra\u0111ena punjiva baterija<\/p>\n<p>&#8211; Vi\u0161e na\u010dina vaganja: Kg i Lb<\/p>\n","protected":false},"featured_media":3520,"comment_status":"open","ping_status":"closed","template":"","meta":[],"product_brand":[],"product_cat":[15],"product_tag":[],"class_list":{"0":"post-3617","1":"product","2":"type-product","3":"status-publish","4":"has-post-thumbnail","6":"product_cat-nekategorisano","8":"first","9":"instock","10":"sale","11":"shipping-taxable","12":"purchasable","13":"product-type-simple"},"_links":{"self":[{"href":"https:\/\/alatcentar.com\/index.php?rest_route=\/wp\/v2\/product\/3617","targetHints":{"allow":["GET"]}}],"collection":[{"href":"https:\/\/alatcentar.com\/index.php?rest_route=\/wp\/v2\/product"}],"about":[{"href":"https:\/\/alatcentar.com\/index.php?rest_route=\/wp\/v2\/types\/product"}],"replies":[{"embeddable":true,"href":"https:\/\/alatcentar.com\/index.php?rest_route=%2Fwp%2Fv2%2Fcomments&post=3617"}],"wp:featuredmedia":[{"embeddable":true,"href":"https:\/\/alatcentar.com\/index.php?rest_route=\/wp\/v2\/media\/3520"}],"wp:attachment":[{"href":"https:\/\/alatcentar.com\/index.php?rest_route=%2Fwp%2Fv2%2Fmedia&parent=3617"}],"wp:term":[{"taxonomy":"product_brand","embeddable":true,"href":"https:\/\/alatcentar.com\/index.php?rest_route=%2Fwp%2Fv2%2Fproduct_brand&post=3617"},{"taxonomy":"product_cat","embeddable":true,"href":"https:\/\/alatcentar.com\/index.php?rest_route=%2Fwp%2Fv2%2Fproduct_cat&post=3617"},{"taxonomy":"product_tag","embeddable":true,"href":"https:\/\/alatcentar.com\/index.php?rest_route=%2Fwp%2Fv2%2Fproduct_tag&post=3617"}],"curies":[{"name":"wp","href":"https:\/\/api.w.org\/{rel}","templated":true}]}}