{"id":3616,"date":"2026-03-10T05:55:35","date_gmt":"2026-03-10T04:55:35","guid":{"rendered":"https:\/\/alatcentar.com\/?post_type=product&#038;p=3616"},"modified":"2026-03-10T05:56:20","modified_gmt":"2026-03-10T04:56:20","slug":"vaga-kran-kantar-500kg","status":"publish","type":"product","link":"https:\/\/alatcentar.com\/?product=vaga-kran-kantar-500kg","title":{"rendered":"VAGA KRAN\/KANTAR 500kg"},"content":{"rendered":"<p>VAGA DIGITALNA KANTAR\/KRANSKA VAGA 500 KG<\/p>\n<p>&#8211; Ova kantar vaga odlicnog je dizajna, ono sto je najbitnije da je pouzadana, ta\u010dna, i jednostavna za kori\u0161\u0107enje.<\/p>\n<p>&#8211; Kapacitet vaganja do 500 kg.<\/p>\n<p>&#8211; Posjeduje veliki LCD ekran sa pozadinskim osvjetljenjem za prakti\u010dnu upotrebu.<\/p>\n<p>&#8211; Mjerni raspon: 100gr &#8211; 500kg.<\/p>\n<p>&#8211; Napajanje Struja &#8211; Adapter<\/p>\n<p>&#8211; Automatsko isklju\u010divanje.<\/p>\n","protected":false},"excerpt":{"rendered":"<p>VAGA DIGITALNA KANTAR\/KRANSKA VAGA 500 KG<\/p>\n<p>&#8211; Ova kantar vaga odlicnog je dizajna, ono sto je najbitnije da je pouzadana, ta\u010dna, i jednostavna za kori\u0161\u0107enje.<\/p>\n<p>&#8211; Kapacitet vaganja do 500 kg.<\/p>\n<p>&#8211; Posjeduje veliki LCD ekran sa pozadinskim osvjetljenjem za prakti\u010dnu upotrebu.<\/p>\n<p>&#8211; Mjerni raspon: 100gr &#8211; 500kg.<\/p>\n<p>&#8211; Napajanje Struja &#8211; Adapter<\/p>\n<p>&#8211; Automatsko isklju\u010divanje.<\/p>\n","protected":false},"featured_media":3519,"comment_status":"open","ping_status":"closed","template":"","meta":[],"product_brand":[],"product_cat":[15,41,38,39],"product_tag":[],"class_list":{"0":"post-3616","1":"product","2":"type-product","3":"status-publish","4":"has-post-thumbnail","6":"product_cat-nekategorisano","7":"product_cat-gradjevinarstvo","8":"product_cat-masine-i-alati","9":"product_cat-moj-dom","11":"first","12":"instock","13":"sale","14":"shipping-taxable","15":"purchasable","16":"product-type-simple"},"_links":{"self":[{"href":"https:\/\/alatcentar.com\/index.php?rest_route=\/wp\/v2\/product\/3616","targetHints":{"allow":["GET"]}}],"collection":[{"href":"https:\/\/alatcentar.com\/index.php?rest_route=\/wp\/v2\/product"}],"about":[{"href":"https:\/\/alatcentar.com\/index.php?rest_route=\/wp\/v2\/types\/product"}],"replies":[{"embeddable":true,"href":"https:\/\/alatcentar.com\/index.php?rest_route=%2Fwp%2Fv2%2Fcomments&post=3616"}],"wp:featuredmedia":[{"embeddable":true,"href":"https:\/\/alatcentar.com\/index.php?rest_route=\/wp\/v2\/media\/3519"}],"wp:attachment":[{"href":"https:\/\/alatcentar.com\/index.php?rest_route=%2Fwp%2Fv2%2Fmedia&parent=3616"}],"wp:term":[{"taxonomy":"product_brand","embeddable":true,"href":"https:\/\/alatcentar.com\/index.php?rest_route=%2Fwp%2Fv2%2Fproduct_brand&post=3616"},{"taxonomy":"product_cat","embeddable":true,"href":"https:\/\/alatcentar.com\/index.php?rest_route=%2Fwp%2Fv2%2Fproduct_cat&post=3616"},{"taxonomy":"product_tag","embeddable":true,"href":"https:\/\/alatcentar.com\/index.php?rest_route=%2Fwp%2Fv2%2Fproduct_tag&post=3616"}],"curies":[{"name":"wp","href":"https:\/\/api.w.org\/{rel}","templated":true}]}}