{"id":3615,"date":"2026-03-10T05:55:35","date_gmt":"2026-03-10T04:55:35","guid":{"rendered":"https:\/\/alatcentar.com\/?post_type=product&#038;p=3615"},"modified":"2026-03-10T05:56:20","modified_gmt":"2026-03-10T04:56:20","slug":"vaga-digitalna-kran-do-300kg","status":"publish","type":"product","link":"https:\/\/alatcentar.com\/?product=vaga-digitalna-kran-do-300kg","title":{"rendered":"VAGA DIGITALNA KRAN DO 300kg"},"content":{"rendered":"<p>VAGA 300kg Kran LCD<\/p>\n<p>20mm LCD display<\/p>\n<p>Multifunkcionalna: Tare; Zero; Hold; upozorenje kod preoptere\u0107enja<\/p>\n<p>Auto shut off<\/p>\n<p>Kg\/lb\/N jedinice<\/p>\n<p>Ku\u0107i\u0161te od livenog aluminijma<\/p>\n<p>Karabiner i kuka od nehr\u0111aju\u0107eg \u010delika<\/p>\n<p>Baterije: 3x AA<\/p>\n<p>Standard OIML III<\/p>\n<p>Kontinuirani rad: 100 sati(LCD<\/p>\n","protected":false},"excerpt":{"rendered":"<p>VAGA 300kg Kran LCD<\/p>\n<p>20mm LCD display<\/p>\n<p>Multifunkcionalna: Tare; Zero; Hold; upozorenje kod preoptere\u0107enja<\/p>\n<p>Auto shut off<\/p>\n<p>Kg\/lb\/N jedinice<\/p>\n<p>Ku\u0107i\u0161te od livenog aluminijma<\/p>\n<p>Karabiner i kuka od nehr\u0111aju\u0107eg \u010delika<\/p>\n<p>Baterije: 3x AA<\/p>\n<p>Standard OIML III<\/p>\n<p>Kontinuirani rad: 100 sati(LCD<\/p>\n","protected":false},"featured_media":3518,"comment_status":"open","ping_status":"closed","template":"","meta":[],"product_brand":[],"product_cat":[15],"product_tag":[],"class_list":{"0":"post-3615","1":"product","2":"type-product","3":"status-publish","4":"has-post-thumbnail","6":"product_cat-nekategorisano","8":"first","9":"instock","10":"sale","11":"shipping-taxable","12":"purchasable","13":"product-type-simple"},"_links":{"self":[{"href":"https:\/\/alatcentar.com\/index.php?rest_route=\/wp\/v2\/product\/3615","targetHints":{"allow":["GET"]}}],"collection":[{"href":"https:\/\/alatcentar.com\/index.php?rest_route=\/wp\/v2\/product"}],"about":[{"href":"https:\/\/alatcentar.com\/index.php?rest_route=\/wp\/v2\/types\/product"}],"replies":[{"embeddable":true,"href":"https:\/\/alatcentar.com\/index.php?rest_route=%2Fwp%2Fv2%2Fcomments&post=3615"}],"wp:featuredmedia":[{"embeddable":true,"href":"https:\/\/alatcentar.com\/index.php?rest_route=\/wp\/v2\/media\/3518"}],"wp:attachment":[{"href":"https:\/\/alatcentar.com\/index.php?rest_route=%2Fwp%2Fv2%2Fmedia&parent=3615"}],"wp:term":[{"taxonomy":"product_brand","embeddable":true,"href":"https:\/\/alatcentar.com\/index.php?rest_route=%2Fwp%2Fv2%2Fproduct_brand&post=3615"},{"taxonomy":"product_cat","embeddable":true,"href":"https:\/\/alatcentar.com\/index.php?rest_route=%2Fwp%2Fv2%2Fproduct_cat&post=3615"},{"taxonomy":"product_tag","embeddable":true,"href":"https:\/\/alatcentar.com\/index.php?rest_route=%2Fwp%2Fv2%2Fproduct_tag&post=3615"}],"curies":[{"name":"wp","href":"https:\/\/api.w.org\/{rel}","templated":true}]}}