{"id":3605,"date":"2026-03-10T05:55:34","date_gmt":"2026-03-10T04:55:34","guid":{"rendered":"https:\/\/alatcentar.com\/?post_type=product&#038;p=3605"},"modified":"2026-03-10T05:55:54","modified_gmt":"2026-03-10T04:55:54","slug":"gedore-dewen-11-gratis-akcijaa","status":"publish","type":"product","link":"https:\/\/alatcentar.com\/?product=gedore-dewen-11-gratis-akcijaa","title":{"rendered":"Gedore Dewen 1+1 GRATIS AKCIJAA"},"content":{"rendered":"<blockquote><p>&#x1f525; AKCIJA 1+1 GRATIS \u2013 DEWEN GEDORE 1\/2\u201d &#x1f525;<\/p><\/blockquote>\n<p>Kupite jedan set, a drugi dobijate GRATIS &#x2757;&#xfe0f;&#x2757;&#xfe0f;<\/p>\n<p>&#x1f527; DEWEN 1\/2\u201d DR Socket Wrench Set \u2013 Chrome Vanadium<\/p>\n<p>Kvalitetan i izdr\u017eljiv set gedora izra\u0111en od Chrome Vanadium \u010delika, idealan za profesionalne majstore i ku\u0107nu upotrebu.<\/p>\n<p>&#x2705; Sna\u017ena 1\/2\u201d ra\u010dna sa ergonomskom dr\u0161kom<\/p>\n<p>&#x2705; Gedore od kvalitetnog Chrome Vanadium materijala<\/p>\n<p>&#x2705; Otporno na habanje i dugotrajan rad<\/p>\n<p>&#x2705; Prakti\u010dno pakovanje \u2013 sve na jednom mjestu<\/p>\n<p>&#x2705; Pogodno za auto-servise, radionice i ku\u0107ne popravke<\/p>\n<p>&#x1f4e6; U paketu dobijate DVA ISTA SETA (1+1 GRATIS)<\/p>\n<p>&#x1f4a5; Odli\u010dna prilika \u2013 ograni\u010dene koli\u010dine!<\/p>\n","protected":false},"excerpt":{"rendered":"<p>&#x1f525; AKCIJA 1+1 GRATIS \u2013 DEWEN GEDORE 1\/2\u201d &#x1f525;<\/p>\n<p>Kupite jedan set, a drugi dobijate GRATIS &#x2757;&#xfe0f;&#x2757;&#xfe0f;<\/p>\n<p>&#x1f527; DEWEN 1\/2\u201d DR Socket Wrench Set \u2013 Chrome Vanadium<\/p>\n<p>Kvalitetan i izdr\u017eljiv set gedora izra\u0111en od Chrome Vanadium \u010delika, idealan za profesionalne majstore i ku\u0107nu upotrebu.<\/p>\n<p>&#x2705; Sna\u017ena 1\/2\u201d ra\u010dna sa ergonomskom dr\u0161kom<\/p>\n<p>&#x2705; Gedore od kvalitetnog Chrome Vanadium materijala<\/p>\n<p>&#x2705; Otporno na habanje i dugotrajan rad<\/p>\n<p>&#x2705; Prakti\u010dno pakovanje \u2013 sve na jednom mjestu<\/p>\n<p>&#x2705; Pogodno za auto-servise, radionice i ku\u0107ne popravke<\/p>\n<p>&#x1f4e6; U paketu dobijate DVA ISTA SETA (1+1 GRATIS)<\/p>\n<p>&#x1f4a5; Odli\u010dna prilika \u2013 ograni\u010dene koli\u010dine!<\/p>\n","protected":false},"featured_media":3628,"comment_status":"open","ping_status":"closed","template":"","meta":[],"product_brand":[],"product_cat":[15],"product_tag":[],"class_list":{"0":"post-3605","1":"product","2":"type-product","3":"status-publish","4":"has-post-thumbnail","6":"product_cat-nekategorisano","8":"first","9":"instock","10":"sale","11":"shipping-taxable","12":"purchasable","13":"product-type-simple"},"_links":{"self":[{"href":"https:\/\/alatcentar.com\/index.php?rest_route=\/wp\/v2\/product\/3605","targetHints":{"allow":["GET"]}}],"collection":[{"href":"https:\/\/alatcentar.com\/index.php?rest_route=\/wp\/v2\/product"}],"about":[{"href":"https:\/\/alatcentar.com\/index.php?rest_route=\/wp\/v2\/types\/product"}],"replies":[{"embeddable":true,"href":"https:\/\/alatcentar.com\/index.php?rest_route=%2Fwp%2Fv2%2Fcomments&post=3605"}],"wp:featuredmedia":[{"embeddable":true,"href":"https:\/\/alatcentar.com\/index.php?rest_route=\/wp\/v2\/media\/3628"}],"wp:attachment":[{"href":"https:\/\/alatcentar.com\/index.php?rest_route=%2Fwp%2Fv2%2Fmedia&parent=3605"}],"wp:term":[{"taxonomy":"product_brand","embeddable":true,"href":"https:\/\/alatcentar.com\/index.php?rest_route=%2Fwp%2Fv2%2Fproduct_brand&post=3605"},{"taxonomy":"product_cat","embeddable":true,"href":"https:\/\/alatcentar.com\/index.php?rest_route=%2Fwp%2Fv2%2Fproduct_cat&post=3605"},{"taxonomy":"product_tag","embeddable":true,"href":"https:\/\/alatcentar.com\/index.php?rest_route=%2Fwp%2Fv2%2Fproduct_tag&post=3605"}],"curies":[{"name":"wp","href":"https:\/\/api.w.org\/{rel}","templated":true}]}}