{"id":3603,"date":"2026-03-10T05:55:34","date_gmt":"2026-03-10T04:55:34","guid":{"rendered":"https:\/\/alatcentar.com\/?post_type=product&#038;p=3603"},"modified":"2026-03-10T05:55:43","modified_gmt":"2026-03-10T04:55:43","slug":"masina-za-keramiku-rezacica-profi-sa-laserom-kzubr-1200mm-120cm","status":"publish","type":"product","link":"https:\/\/alatcentar.com\/?product=masina-za-keramiku-rezacica-profi-sa-laserom-kzubr-1200mm-120cm","title":{"rendered":"MA\u0160INA ZA KERAMIKU REZA\u010cICA PROFI SA LASEROM KZUBR 1200mm 120cm"},"content":{"rendered":"<p><strong>MA\u0160INA ZA KERAMIKU SA LASEROM KZUBR PROFI<\/strong><\/p>\n<p><strong>419,9 KM<\/strong><\/p>\n<p><strong>DOSTAVA BESPLATNA NA KUCNU ADRESU<\/strong><\/p>\n","protected":false},"excerpt":{"rendered":"<p><strong>MA\u0160INA ZA KERAMIKU PROFI KZUBR DO 1200mm 120cm<\/strong><\/p>\n<p><strong>SA PODMAZIVANJEM <\/strong><\/p>\n<p><strong>LASER<\/strong><\/p>\n<p><strong>419,9 KM<\/strong><\/p>\n<p><strong><\/strong><\/p>\n<p><strong>DOSTAVA BESPLATNA <\/strong><\/p>\n","protected":false},"featured_media":3623,"comment_status":"open","ping_status":"closed","template":"","meta":[],"product_brand":[],"product_cat":[15],"product_tag":[],"class_list":{"0":"post-3603","1":"product","2":"type-product","3":"status-publish","4":"has-post-thumbnail","6":"product_cat-nekategorisano","8":"first","9":"instock","10":"sale","11":"shipping-taxable","12":"purchasable","13":"product-type-simple"},"_links":{"self":[{"href":"https:\/\/alatcentar.com\/index.php?rest_route=\/wp\/v2\/product\/3603","targetHints":{"allow":["GET"]}}],"collection":[{"href":"https:\/\/alatcentar.com\/index.php?rest_route=\/wp\/v2\/product"}],"about":[{"href":"https:\/\/alatcentar.com\/index.php?rest_route=\/wp\/v2\/types\/product"}],"replies":[{"embeddable":true,"href":"https:\/\/alatcentar.com\/index.php?rest_route=%2Fwp%2Fv2%2Fcomments&post=3603"}],"wp:featuredmedia":[{"embeddable":true,"href":"https:\/\/alatcentar.com\/index.php?rest_route=\/wp\/v2\/media\/3623"}],"wp:attachment":[{"href":"https:\/\/alatcentar.com\/index.php?rest_route=%2Fwp%2Fv2%2Fmedia&parent=3603"}],"wp:term":[{"taxonomy":"product_brand","embeddable":true,"href":"https:\/\/alatcentar.com\/index.php?rest_route=%2Fwp%2Fv2%2Fproduct_brand&post=3603"},{"taxonomy":"product_cat","embeddable":true,"href":"https:\/\/alatcentar.com\/index.php?rest_route=%2Fwp%2Fv2%2Fproduct_cat&post=3603"},{"taxonomy":"product_tag","embeddable":true,"href":"https:\/\/alatcentar.com\/index.php?rest_route=%2Fwp%2Fv2%2Fproduct_tag&post=3603"}],"curies":[{"name":"wp","href":"https:\/\/api.w.org\/{rel}","templated":true}]}}