{"id":3821,"date":"2026-03-10T06:39:23","date_gmt":"2026-03-10T05:39:23","guid":{"rendered":"https:\/\/alatcentar.com\/?page_id=3821"},"modified":"2026-03-10T06:40:05","modified_gmt":"2026-03-10T05:40:05","slug":"nacini-placanja-i-dostava","status":"publish","type":"page","link":"https:\/\/alatcentar.com\/?page_id=3821","title":{"rendered":"Na\u010dini pla\u0107anja i dostava"},"content":{"rendered":"\t\t<div data-elementor-type=\"wp-page\" data-elementor-id=\"3821\" class=\"elementor elementor-3821\">\n\t\t\t\t<div class=\"elementor-element elementor-element-e58583e e-flex e-con-boxed e-con e-parent\" data-id=\"e58583e\" data-element_type=\"container\" data-e-type=\"container\">\n\t\t\t\t\t<div class=\"e-con-inner\">\n\t\t\t\t<div class=\"elementor-element elementor-element-cdea691 elementor-widget elementor-widget-text-editor\" data-id=\"cdea691\" data-element_type=\"widget\" data-e-type=\"widget\" data-widget_type=\"text-editor.default\">\n\t\t\t\t\t\t\t\t\t<div class=\"flex flex-col text-sm pb-25\"><article class=\"text-token-text-primary w-full focus:outline-none [--shadow-height:45px] has-data-writing-block:pointer-events-none has-data-writing-block:-mt-(--shadow-height) has-data-writing-block:pt-(--shadow-height) [&amp;:has([data-writing-block])&gt;*]:pointer-events-auto scroll-mt-[calc(var(--header-height)+min(200px,max(70px,20svh)))]\" dir=\"auto\" tabindex=\"-1\" data-turn-id=\"request-WEB:076618b1-6ee0-4b88-98e9-28265fd151f1-11\" data-testid=\"conversation-turn-24\" data-scroll-anchor=\"true\" data-turn=\"assistant\"><div class=\"text-base my-auto mx-auto pb-10 [--thread-content-margin:var(--thread-content-margin-xs,calc(var(--spacing)*4))] @w-sm\/main:[--thread-content-margin:var(--thread-content-margin-sm,calc(var(--spacing)*6))] @w-lg\/main:[--thread-content-margin:var(--thread-content-margin-lg,calc(var(--spacing)*16))] px-(--thread-content-margin)\"><div class=\"[--thread-content-max-width:40rem] @w-lg\/main:[--thread-content-max-width:48rem] mx-auto max-w-(--thread-content-max-width) flex-1 group\/turn-messages focus-visible:outline-hidden relative flex w-full min-w-0 flex-col agent-turn\" tabindex=\"-1\"><div class=\"flex max-w-full flex-col gap-4 grow\"><div class=\"min-h-8 text-message relative flex w-full flex-col items-end gap-2 text-start break-words whitespace-normal [.text-message+&amp;]:mt-1\" dir=\"auto\" data-message-author-role=\"assistant\" data-message-id=\"29c02e34-519f-4c4f-a2e6-9699e41e7037\" data-message-model-slug=\"gpt-5-3\"><div class=\"flex w-full flex-col gap-1 empty:hidden\"><div class=\"markdown prose dark:prose-invert w-full wrap-break-word dark markdown-new-styling\"><h6 data-start=\"0\" data-end=\"29\"><strong data-start=\"0\" data-end=\"29\">Na\u010dini pla\u0107anja i dostave<\/strong><\/h6><h6 data-start=\"31\" data-end=\"263\"><strong data-start=\"31\" data-end=\"43\">Pla\u0107anje<\/strong><br data-start=\"43\" data-end=\"46\" \/>Na stranici <strong data-start=\"58\" data-end=\"76\">AlatCentar.com<\/strong> pla\u0107anje se vr\u0161i prilikom preuzimanja po\u0161iljke (pouze\u0107em). To zna\u010di da naru\u010deni proizvod pla\u0107ate kuriru kada paket stigne na Va\u0161u adresu. Trenutno ne podr\u017eavamo online karti\u010dno pla\u0107anje.<\/h6><h6 data-start=\"265\" data-end=\"615\"><strong data-start=\"265\" data-end=\"276\">Dostava<\/strong><br data-start=\"276\" data-end=\"279\" \/><strong data-start=\"279\" data-end=\"298\">Isporuka u BiH:<\/strong> Dostavljamo na sve adrese u Bosni i Hercegovini putem brze dostave.<br data-start=\"366\" data-end=\"369\" \/><strong data-start=\"369\" data-end=\"390\">Vrijeme isporuke:<\/strong> O\u010dekivano vrijeme isporuke je od 1 do 3 radna dana, zavisno od lokacije.<br data-start=\"463\" data-end=\"466\" \/><strong data-start=\"466\" data-end=\"485\">Pregled paketa:<\/strong> Kupci imaju pravo pregledati paket prije pla\u0107anja. Ukoliko primijetite o\u0161te\u0107enje, obavezno to prijavite kuriru prije preuzimanja.<\/h6><h6 data-start=\"617\" data-end=\"717\">Za sva dodatna pitanja slobodno nas kontaktirajte putem na\u0161e <strong data-start=\"678\" data-end=\"716\">kontakt stranice na AlatCentar.com<\/strong>.<\/h6><\/div><\/div><\/div><\/div><h6 class=\"z-0 flex min-h-[46px] justify-start\">\u00a0<\/h6><div class=\"text-center\">\u00a0<\/div><\/div><\/div><\/article><\/div><h6 class=\"pointer-events-none h-px w-px absolute bottom-0\" aria-hidden=\"true\" data-edge=\"true\">\u00a0<\/h6>\t\t\t\t\t\t\t\t<\/div>\n\t\t\t\t\t<\/div>\n\t\t\t\t<\/div>\n\t\t\t\t<\/div>\n\t\t","protected":false},"excerpt":{"rendered":"<p>Na\u010dini pla\u0107anja i dostave Pla\u0107anjeNa stranici AlatCentar.com pla\u0107anje se vr\u0161i prilikom preuzimanja po\u0161iljke (pouze\u0107em). To zna\u010di da naru\u010deni proizvod pla\u0107ate kuriru kada paket stigne na Va\u0161u adresu. Trenutno ne podr\u017eavamo online karti\u010dno pla\u0107anje. DostavaIsporuka u BiH: Dostavljamo na sve adrese u Bosni i Hercegovini putem brze dostave.Vrijeme isporuke: O\u010dekivano vrijeme isporuke je od 1 do [&hellip;]<\/p>\n","protected":false},"author":1,"featured_media":0,"parent":0,"menu_order":0,"comment_status":"closed","ping_status":"closed","template":"","meta":{"footnotes":""},"class_list":["post-3821","page","type-page","status-publish","hentry"],"blocksy_meta":[],"_links":{"self":[{"href":"https:\/\/alatcentar.com\/index.php?rest_route=\/wp\/v2\/pages\/3821","targetHints":{"allow":["GET"]}}],"collection":[{"href":"https:\/\/alatcentar.com\/index.php?rest_route=\/wp\/v2\/pages"}],"about":[{"href":"https:\/\/alatcentar.com\/index.php?rest_route=\/wp\/v2\/types\/page"}],"author":[{"embeddable":true,"href":"https:\/\/alatcentar.com\/index.php?rest_route=\/wp\/v2\/users\/1"}],"replies":[{"embeddable":true,"href":"https:\/\/alatcentar.com\/index.php?rest_route=%2Fwp%2Fv2%2Fcomments&post=3821"}],"version-history":[{"count":4,"href":"https:\/\/alatcentar.com\/index.php?rest_route=\/wp\/v2\/pages\/3821\/revisions"}],"predecessor-version":[{"id":3825,"href":"https:\/\/alatcentar.com\/index.php?rest_route=\/wp\/v2\/pages\/3821\/revisions\/3825"}],"wp:attachment":[{"href":"https:\/\/alatcentar.com\/index.php?rest_route=%2Fwp%2Fv2%2Fmedia&parent=3821"}],"curies":[{"name":"wp","href":"https:\/\/api.w.org\/{rel}","templated":true}]}}