{"id":3812,"date":"2026-03-10T06:35:17","date_gmt":"2026-03-10T05:35:17","guid":{"rendered":"https:\/\/alatcentar.com\/?page_id=3812"},"modified":"2026-03-10T06:37:31","modified_gmt":"2026-03-10T05:37:31","slug":"politika-povrata-i-reklamacije","status":"publish","type":"page","link":"https:\/\/alatcentar.com\/?page_id=3812","title":{"rendered":"Politika povrata i reklamacije"},"content":{"rendered":"\t\t<div data-elementor-type=\"wp-page\" data-elementor-id=\"3812\" class=\"elementor elementor-3812\">\n\t\t\t\t<div class=\"elementor-element elementor-element-7bd6b55 e-flex e-con-boxed e-con e-parent\" data-id=\"7bd6b55\" data-element_type=\"container\" data-e-type=\"container\">\n\t\t\t\t\t<div class=\"e-con-inner\">\n\t\t\t\t<div class=\"elementor-element elementor-element-05f3e8b elementor-widget elementor-widget-text-editor\" data-id=\"05f3e8b\" data-element_type=\"widget\" data-e-type=\"widget\" data-widget_type=\"text-editor.default\">\n\t\t\t\t\t\t\t\t\t<h6 data-start=\"0\" data-end=\"34\"><strong data-start=\"0\" data-end=\"34\">Politika povrata i reklamacija<\/strong><\/h6><h6 data-start=\"36\" data-end=\"222\">Na <strong data-start=\"39\" data-end=\"57\">AlatCentar.com<\/strong> trudimo se ponuditi kvalitetne proizvode i osigurati zadovoljstvo na\u0161ih kupaca. Molimo Vas da pa\u017eljivo pro\u010ditate na\u0161u politiku povrata i reklamacija prije narud\u017ebe.<\/h6><h6 data-start=\"224\" data-end=\"467\"><strong data-start=\"224\" data-end=\"248\">Pravo na reklamaciju<\/strong><br data-start=\"248\" data-end=\"251\" \/>Ukoliko primite o\u0161te\u0107en ili neispravan proizvod, imate pravo na reklamaciju. Molimo Vas da nas kontaktirate putem kontakt forme na na\u0161oj stranici ili putem emaila kako bismo u najkra\u0107em roku rije\u0161ili nastali problem.<\/h6><h6 data-start=\"469\" data-end=\"635\"><strong data-start=\"469\" data-end=\"485\">Povrat novca<\/strong><br data-start=\"485\" data-end=\"488\" \/>Povrat novca nije mogu\u0107. Prije narud\u017ebe molimo kupce da pa\u017eljivo pregledaju proizvode i informacije o njima kako bi izabrali odgovaraju\u0107i proizvod.<\/h6><h6 data-start=\"637\" data-end=\"849\"><strong data-start=\"637\" data-end=\"673\">Pregled paketa prije preuzimanja<\/strong><br data-start=\"673\" data-end=\"676\" \/>Kupci imaju mogu\u0107nost pregleda paketa prije pla\u0107anja. Ukoliko primijetite bilo kakva o\u0161te\u0107enja na paketu, molimo Vas da to odmah prijavite kuriru prije preuzimanja po\u0161iljke.<\/h6>\t\t\t\t\t\t\t\t<\/div>\n\t\t\t\t\t<\/div>\n\t\t\t\t<\/div>\n\t\t\t\t<\/div>\n\t\t","protected":false},"excerpt":{"rendered":"<p>Politika povrata i reklamacija Na AlatCentar.com trudimo se ponuditi kvalitetne proizvode i osigurati zadovoljstvo na\u0161ih kupaca. Molimo Vas da pa\u017eljivo pro\u010ditate na\u0161u politiku povrata i reklamacija prije narud\u017ebe. Pravo na reklamacijuUkoliko primite o\u0161te\u0107en ili neispravan proizvod, imate pravo na reklamaciju. Molimo Vas da nas kontaktirate putem kontakt forme na na\u0161oj stranici ili putem emaila kako [&hellip;]<\/p>\n","protected":false},"author":1,"featured_media":0,"parent":0,"menu_order":0,"comment_status":"closed","ping_status":"closed","template":"","meta":{"footnotes":""},"class_list":["post-3812","page","type-page","status-publish","hentry"],"blocksy_meta":[],"_links":{"self":[{"href":"https:\/\/alatcentar.com\/index.php?rest_route=\/wp\/v2\/pages\/3812","targetHints":{"allow":["GET"]}}],"collection":[{"href":"https:\/\/alatcentar.com\/index.php?rest_route=\/wp\/v2\/pages"}],"about":[{"href":"https:\/\/alatcentar.com\/index.php?rest_route=\/wp\/v2\/types\/page"}],"author":[{"embeddable":true,"href":"https:\/\/alatcentar.com\/index.php?rest_route=\/wp\/v2\/users\/1"}],"replies":[{"embeddable":true,"href":"https:\/\/alatcentar.com\/index.php?rest_route=%2Fwp%2Fv2%2Fcomments&post=3812"}],"version-history":[{"count":7,"href":"https:\/\/alatcentar.com\/index.php?rest_route=\/wp\/v2\/pages\/3812\/revisions"}],"predecessor-version":[{"id":3820,"href":"https:\/\/alatcentar.com\/index.php?rest_route=\/wp\/v2\/pages\/3812\/revisions\/3820"}],"wp:attachment":[{"href":"https:\/\/alatcentar.com\/index.php?rest_route=%2Fwp%2Fv2%2Fmedia&parent=3812"}],"curies":[{"name":"wp","href":"https:\/\/api.w.org\/{rel}","templated":true}]}}