{"id":3127,"date":"2024-02-08T07:14:59","date_gmt":"2024-02-08T07:14:59","guid":{"rendered":"https:\/\/startersites.io\/elementor\/garderobe\/?page_id=3127"},"modified":"2026-03-10T06:27:00","modified_gmt":"2026-03-10T05:27:00","slug":"about-us","status":"publish","type":"page","link":"https:\/\/alatcentar.com\/?page_id=3127","title":{"rendered":"O nama"},"content":{"rendered":"\t\t<div data-elementor-type=\"wp-page\" data-elementor-id=\"3127\" class=\"elementor elementor-3127\">\n\t\t\t\t<div class=\"elementor-element elementor-element-1bf0271 e-flex e-con-boxed e-con e-parent\" data-id=\"1bf0271\" data-element_type=\"container\" data-e-type=\"container\">\n\t\t\t\t\t<div class=\"e-con-inner\">\n\t\t<div class=\"elementor-element elementor-element-a35995b e-con-full e-flex e-con e-child\" data-id=\"a35995b\" data-element_type=\"container\" data-e-type=\"container\">\n\t\t\t\t<div class=\"elementor-element elementor-element-60a0f23 elementor-widget elementor-widget-image\" data-id=\"60a0f23\" data-element_type=\"widget\" data-e-type=\"widget\" data-widget_type=\"image.default\">\n\t\t\t\t\t\t\t\t\t\t\t\t\t\t\t<img fetchpriority=\"high\" decoding=\"async\" width=\"512\" height=\"512\" src=\"https:\/\/alatcentar.com\/wp-content\/uploads\/2026\/03\/cropped-alatcentar_logo_.png\" class=\"attachment-large size-large wp-image-3487\" alt=\"\" srcset=\"https:\/\/alatcentar.com\/wp-content\/uploads\/2026\/03\/cropped-alatcentar_logo_.png 512w, https:\/\/alatcentar.com\/wp-content\/uploads\/2026\/03\/cropped-alatcentar_logo_-300x300.png 300w, https:\/\/alatcentar.com\/wp-content\/uploads\/2026\/03\/cropped-alatcentar_logo_-150x150.png 150w, https:\/\/alatcentar.com\/wp-content\/uploads\/2026\/03\/cropped-alatcentar_logo_-100x100.png 100w, https:\/\/alatcentar.com\/wp-content\/uploads\/2026\/03\/cropped-alatcentar_logo_-270x270.png 270w, https:\/\/alatcentar.com\/wp-content\/uploads\/2026\/03\/cropped-alatcentar_logo_-192x192.png 192w, https:\/\/alatcentar.com\/wp-content\/uploads\/2026\/03\/cropped-alatcentar_logo_-180x180.png 180w, https:\/\/alatcentar.com\/wp-content\/uploads\/2026\/03\/cropped-alatcentar_logo_-32x32.png 32w\" sizes=\"(max-width: 512px) 100vw, 512px\" \/>\t\t\t\t\t\t\t\t\t\t\t\t\t\t\t<\/div>\n\t\t\t\t<\/div>\n\t\t<div class=\"elementor-element elementor-element-bbd0a80 e-con-full e-flex e-con e-child\" data-id=\"bbd0a80\" data-element_type=\"container\" data-e-type=\"container\">\n\t\t\t\t<div class=\"elementor-element elementor-element-26eeb9b elementor-widget elementor-widget-text-editor\" data-id=\"26eeb9b\" data-element_type=\"widget\" data-e-type=\"widget\" data-widget_type=\"text-editor.default\">\n\t\t\t\t\t\t\t\t\t<h1 data-start=\"0\" data-end=\"10\"><strong data-start=\"0\" data-end=\"10\">O nama<\/strong><\/h1><h5 data-start=\"12\" data-end=\"511\">AlatCentar.com je online prodavnica specijalizirana za prodaju raznih vrsta alata za ku\u0107nu i profesionalnu upotrebu. U na\u0161oj ponudi mo\u017eete prona\u0107i bu\u0161ilice, agregate, motorne pile, trimere, pumpe za vodu i mnoge druge alate potrebne za rad u radionici, dvori\u0161tu ili na gradili\u0161tu. Nudimo proizvode poznatih brendova kao \u0161to su DeWalt, Makita i Milwaukee.\u00a0 Na\u0161 cilj je ponuditi kvalitetan alat po dobrim cijenama uz brzu i sigurnu dostavu \u0161irom Bosne i Hercegovine.<\/h5>\t\t\t\t\t\t\t\t<\/div>\n\t\t\t\t<\/div>\n\t\t\t\t\t<\/div>\n\t\t\t\t<\/div>\n\t\t\t\t<\/div>\n\t\t","protected":false},"excerpt":{"rendered":"<p>O nama AlatCentar.com je online prodavnica specijalizirana za prodaju raznih vrsta alata za ku\u0107nu i profesionalnu upotrebu. U na\u0161oj ponudi mo\u017eete prona\u0107i bu\u0161ilice, agregate, motorne pile, trimere, pumpe za vodu i mnoge druge alate potrebne za rad u radionici, dvori\u0161tu ili na gradili\u0161tu. Nudimo proizvode poznatih brendova kao \u0161to su DeWalt, Makita i Milwaukee.\u00a0 Na\u0161 [&hellip;]<\/p>\n","protected":false},"author":1,"featured_media":0,"parent":0,"menu_order":0,"comment_status":"closed","ping_status":"closed","template":"","meta":{"footnotes":""},"class_list":["post-3127","page","type-page","status-publish","hentry"],"blocksy_meta":{"has_hero_section":"disabled","vertical_spacing_source":"custom","content_area_spacing":"none","styles_descriptor":{"styles":{"desktop":"","tablet":"","mobile":""},"google_fonts":[],"version":6}},"_links":{"self":[{"href":"https:\/\/alatcentar.com\/index.php?rest_route=\/wp\/v2\/pages\/3127","targetHints":{"allow":["GET"]}}],"collection":[{"href":"https:\/\/alatcentar.com\/index.php?rest_route=\/wp\/v2\/pages"}],"about":[{"href":"https:\/\/alatcentar.com\/index.php?rest_route=\/wp\/v2\/types\/page"}],"author":[{"embeddable":true,"href":"https:\/\/alatcentar.com\/index.php?rest_route=\/wp\/v2\/users\/1"}],"replies":[{"embeddable":true,"href":"https:\/\/alatcentar.com\/index.php?rest_route=%2Fwp%2Fv2%2Fcomments&post=3127"}],"version-history":[{"count":3,"href":"https:\/\/alatcentar.com\/index.php?rest_route=\/wp\/v2\/pages\/3127\/revisions"}],"predecessor-version":[{"id":3807,"href":"https:\/\/alatcentar.com\/index.php?rest_route=\/wp\/v2\/pages\/3127\/revisions\/3807"}],"wp:attachment":[{"href":"https:\/\/alatcentar.com\/index.php?rest_route=%2Fwp%2Fv2%2Fmedia&parent=3127"}],"curies":[{"name":"wp","href":"https:\/\/api.w.org\/{rel}","templated":true}]}}